{"id":31858,"date":"2025-02-05T16:23:50","date_gmt":"2025-02-05T15:23:50","guid":{"rendered":"https:\/\/greenkingdom.ch\/?post_type=product&#038;p=31858"},"modified":"2025-02-07T17:20:00","modified_gmt":"2025-02-07T16:20:00","slug":"pot-carre-3-4l","status":"publish","type":"product","link":"https:\/\/greenkingdom.ch\/de\/produkt\/pot-carre-3-4l\/","title":{"rendered":"Quadratischer Topf 3,4L"},"content":{"rendered":"<p><strong>Pflanztopf 3,4L<\/strong><\/p>\n<p>Dieser quadratische 3,4-Liter-Topf aus schwarzem Polyethylen ist sowohl robust als auch flexibel, was ihn zu einem der beliebtesten Produkte in unserem Sortiment macht.<\/p>\n<p>Mit Abmessungen von 15 cm x 15 cm x 20 cm eignet sie sich perfekt f\u00fcr Kulturen mit einem Lebenszyklus von nicht mehr als 4 Monaten. Sein Fassungsverm\u00f6gen von 3,4 l bietet gen\u00fcgend Platz f\u00fcr eine optimale Wurzelentwicklung bei gleichzeitiger Beibehaltung eines idealen Gleichgewichts zwischen Platz und Substratmenge. <\/p>\n<p>Hergestellt in Italien aus ungiftigem Kunststoff und weichmacherfrei, garantiert dieser Topf einen gesunden und sicheren Anbau. Obwohl der Preis etwas h\u00f6her ist als der von Gl\u00e4sern chinesischer Herkunft, k\u00f6nnen Sie sicher sein, dass er keine sch\u00e4dlichen Substanzen enth\u00e4lt. <\/p>\n<p><strong>Leistungsbeschreibung:<\/strong><br \/>\nAbmessungen: 15 x 15 x 20 cm<br \/>\nFassungsverm\u00f6gen: 3,4 l<\/p>\n","protected":false},"excerpt":{"rendered":"<p>Pflanztopf 3,4L Dieser quadratische 3,4-Liter-Topf aus schwarzem Polyethylen ist sowohl robust als auch flexibel, was ihn zu einem der beliebtesten Produkte in unserem Sortiment macht. Mit Abmessungen von 15 cm x 15 cm x 20 cm eignet sie sich perfekt f\u00fcr Kulturen mit einem Lebenszyklus von nicht mehr als 4 Monaten. Sein Fassungsverm\u00f6gen von 3,4 [&hellip;]<\/p>\n","protected":false},"featured_media":31862,"comment_status":"open","ping_status":"closed","template":"","meta":{"_seopress_robots_primary_cat":"none","_seopress_titles_title":"Quadratischer Topf 3.4L - Gr\u00fcnes K\u00f6nigreich","_seopress_titles_desc":"Diese T\u00f6pfe sind sehr flexibel und brechen kaum. Selbst die K\u00e4lte kann diesen T\u00f6pfen nichts anhaben, so dass sie extrem langlebig sind. ","_seopress_robots_index":""},"product_brand":[],"product_cat":[732,598],"product_tag":[],"class_list":{"0":"post-31858","1":"product","2":"type-product","3":"status-publish","4":"has-post-thumbnail","6":"product_cat-plastik-topfe","7":"product_cat-toepfe-und-behaelter","10":"instock","11":"taxable","12":"shipping-taxable","13":"purchasable","14":"product-type-simple","15":"product-grid-view"},"_links":{"self":[{"href":"https:\/\/greenkingdom.ch\/de\/wp-json\/wp\/v2\/product\/31858","targetHints":{"allow":["GET"]}}],"collection":[{"href":"https:\/\/greenkingdom.ch\/de\/wp-json\/wp\/v2\/product"}],"about":[{"href":"https:\/\/greenkingdom.ch\/de\/wp-json\/wp\/v2\/types\/product"}],"replies":[{"embeddable":true,"href":"https:\/\/greenkingdom.ch\/de\/wp-json\/wp\/v2\/comments?post=31858"}],"version-history":[{"count":2,"href":"https:\/\/greenkingdom.ch\/de\/wp-json\/wp\/v2\/product\/31858\/revisions"}],"predecessor-version":[{"id":32162,"href":"https:\/\/greenkingdom.ch\/de\/wp-json\/wp\/v2\/product\/31858\/revisions\/32162"}],"wp:featuredmedia":[{"embeddable":true,"href":"https:\/\/greenkingdom.ch\/de\/wp-json\/wp\/v2\/media\/31862"}],"wp:attachment":[{"href":"https:\/\/greenkingdom.ch\/de\/wp-json\/wp\/v2\/media?parent=31858"}],"wp:term":[{"taxonomy":"product_brand","embeddable":true,"href":"https:\/\/greenkingdom.ch\/de\/wp-json\/wp\/v2\/product_brand?post=31858"},{"taxonomy":"product_cat","embeddable":true,"href":"https:\/\/greenkingdom.ch\/de\/wp-json\/wp\/v2\/product_cat?post=31858"},{"taxonomy":"product_tag","embeddable":true,"href":"https:\/\/greenkingdom.ch\/de\/wp-json\/wp\/v2\/product_tag?post=31858"}],"curies":[{"name":"wp","href":"https:\/\/api.w.org\/{rel}","templated":true}]}}