{"id":31906,"date":"2025-02-05T16:46:15","date_gmt":"2025-02-05T15:46:15","guid":{"rendered":"https:\/\/greenkingdom.ch\/?post_type=product&#038;p=31906"},"modified":"2025-02-07T17:20:10","modified_gmt":"2025-02-07T16:20:10","slug":"pot-carre-30l","status":"publish","type":"product","link":"https:\/\/greenkingdom.ch\/de\/produkt\/pot-carre-30l\/","title":{"rendered":"30L quadratischer Topf"},"content":{"rendered":"<p><strong>Pflanztopf 30L<\/strong><\/p>\n<p>Dieser quadratische 30-Liter-Topf aus schwarzem Polyethylen ist sowohl stark als auch flexibel und geh\u00f6rt zu den gr\u00f6\u00dften Modellen in unserer Kollektion.<\/p>\n<p>Mit Abmessungen von 33 cm x 33 cm x 36 cm ist sie ideal f\u00fcr Pflanzen mit einem kurzen Lebenszyklus von weniger als 4 Monaten. Sein gro\u00dfz\u00fcgiges Fassungsverm\u00f6gen von 30 Litern bietet ausreichend Platz f\u00fcr das Wachstum der Wurzeln und sorgt gleichzeitig f\u00fcr eine optimale und gut kontrollierte Substratmenge. <\/p>\n<p>Hergestellt in Italien aus ungiftigem Kunststoff und weichmacherfrei, sorgen unsere T\u00f6pfe f\u00fcr einen gesunden und sicheren Anbau. Sie sind zwar etwas teurer als billige importierte Gl\u00e4ser, aber Sie k\u00f6nnen sicher sein, dass sie v\u00f6llig frei von Schadstoffen sind. <\/p>\n<p><strong>Leistungsbeschreibung:<\/strong><br \/>\nAbmessungen: 33 x 33 x 36 cm<br \/>\nFassungsverm\u00f6gen: 30L<\/p>\n","protected":false},"excerpt":{"rendered":"<p>Pflanztopf 30L Dieser quadratische 30-Liter-Topf aus schwarzem Polyethylen ist sowohl stark als auch flexibel und geh\u00f6rt zu den gr\u00f6\u00dften Modellen in unserer Kollektion. Mit Abmessungen von 33 cm x 33 cm x 36 cm ist sie ideal f\u00fcr Pflanzen mit einem kurzen Lebenszyklus von weniger als 4 Monaten. Sein gro\u00dfz\u00fcgiges Fassungsverm\u00f6gen von 30 Litern bietet [&hellip;]<\/p>\n","protected":false},"featured_media":31910,"comment_status":"open","ping_status":"closed","template":"","meta":{"_seopress_robots_primary_cat":"none","_seopress_titles_title":"30L Quadratischer Topf - Gr\u00fcnes K\u00f6nigreich","_seopress_titles_desc":"Diese T\u00f6pfe sind sehr flexibel und brechen kaum. Selbst die K\u00e4lte kann diesen T\u00f6pfen nichts anhaben, so dass sie extrem langlebig sind. ","_seopress_robots_index":""},"product_brand":[],"product_cat":[732,598],"product_tag":[],"class_list":{"0":"post-31906","1":"product","2":"type-product","3":"status-publish","4":"has-post-thumbnail","6":"product_cat-plastik-topfe","7":"product_cat-toepfe-und-behaelter","10":"instock","11":"taxable","12":"shipping-taxable","13":"purchasable","14":"product-type-simple","15":"product-grid-view"},"_links":{"self":[{"href":"https:\/\/greenkingdom.ch\/de\/wp-json\/wp\/v2\/product\/31906","targetHints":{"allow":["GET"]}}],"collection":[{"href":"https:\/\/greenkingdom.ch\/de\/wp-json\/wp\/v2\/product"}],"about":[{"href":"https:\/\/greenkingdom.ch\/de\/wp-json\/wp\/v2\/types\/product"}],"replies":[{"embeddable":true,"href":"https:\/\/greenkingdom.ch\/de\/wp-json\/wp\/v2\/comments?post=31906"}],"version-history":[{"count":2,"href":"https:\/\/greenkingdom.ch\/de\/wp-json\/wp\/v2\/product\/31906\/revisions"}],"predecessor-version":[{"id":32176,"href":"https:\/\/greenkingdom.ch\/de\/wp-json\/wp\/v2\/product\/31906\/revisions\/32176"}],"wp:featuredmedia":[{"embeddable":true,"href":"https:\/\/greenkingdom.ch\/de\/wp-json\/wp\/v2\/media\/31910"}],"wp:attachment":[{"href":"https:\/\/greenkingdom.ch\/de\/wp-json\/wp\/v2\/media?parent=31906"}],"wp:term":[{"taxonomy":"product_brand","embeddable":true,"href":"https:\/\/greenkingdom.ch\/de\/wp-json\/wp\/v2\/product_brand?post=31906"},{"taxonomy":"product_cat","embeddable":true,"href":"https:\/\/greenkingdom.ch\/de\/wp-json\/wp\/v2\/product_cat?post=31906"},{"taxonomy":"product_tag","embeddable":true,"href":"https:\/\/greenkingdom.ch\/de\/wp-json\/wp\/v2\/product_tag?post=31906"}],"curies":[{"name":"wp","href":"https:\/\/api.w.org\/{rel}","templated":true}]}}