{"id":32089,"date":"2025-02-07T15:47:54","date_gmt":"2025-02-07T14:47:54","guid":{"rendered":"https:\/\/greenkingdom.ch\/product\/root-pouch-56l-black-260g-m2-avec-poingees\/"},"modified":"2025-02-07T17:20:32","modified_gmt":"2025-02-07T16:20:32","slug":"root-pouch-56l-black-260g-m2-avec-poingees","status":"publish","type":"product","link":"https:\/\/greenkingdom.ch\/de\/produkt\/root-pouch-56l-black-260g-m2-avec-poingees\/","title":{"rendered":"Root Pouch 56L Schwarz 260g\/m2 mit Griffen"},"content":{"rendered":"<p>Die schwarze Root Pouch besteht aus einem Stoff aus 260 g\/m\u00b2 gemischten Naturfasern und ist halb abbaubar. Wenn diese S\u00e4cke direkt in den Boden gelegt werden, nehmen die Naturfasern Feuchtigkeit aus dem umgebenden Boden auf. Bei der Verwendung in T\u00f6pfen verhindert das Gewebe das Wachstum der Wurzeln, indem es sie abschneidet, da es im Gegensatz zum Schneiden durch Luftschnitt geeignet ist. Auch au\u00dferhalb des Bodens werden die Wurzeln abgeschnitten.   <\/p>\n<p>Root Pouch produziert den Stoff und die Beutel selbst. Diese bestehen zu 100 % aus recycelten Materialien, sind BPA-frei, UV-best\u00e4ndig und werden unter sicheren und gesunden Arbeitsbedingungen hergestellt. Die Produkte von Root Pouch wurden in erster Linie f\u00fcr professionelle Z\u00fcchter entwickelt, mit Stoffen, die f\u00fcr jeden spezifischen Bedarf geeignet sind, egal ob Sie in Erde, Garten oder Gew\u00e4chshaus anbauen.  <\/p>\n<p>Root Pouch zeichnet sich durch die Herstellung verschiedener Gewebe mit unterschiedlichen Dichten und Webarten aus, um spezifische Anforderungen zu erf\u00fcllen: leichte Gewebe f\u00fcr Gew\u00e4chshaussetzlinge, Naturfasermischungen f\u00fcr die Bodenbearbeitung sowie Mischgewebe f\u00fcr den allgemeinen Au\u00dfenbereich. Sie produzieren auch dichtere und robustere Gewebe, perfekt f\u00fcr allein gepflanzte B\u00e4ume. Alle diese Stoffe sind das Ergebnis der Arbeit von professionellen G\u00e4rtnern und Gartenbauspezialisten.  <\/p>\n<p>38 cm hoch und 43 cm im Durchmesser<\/p>\n","protected":false},"excerpt":{"rendered":"<p>Die schwarze Root Pouch besteht aus einem Stoff aus 260 g\/m\u00b2 gemischten Naturfasern und ist halb abbaubar. Wenn diese S\u00e4cke direkt in den Boden gelegt werden, nehmen die Naturfasern Feuchtigkeit aus dem umgebenden Boden auf. Bei der Verwendung in T\u00f6pfen verhindert das Gewebe das Wachstum der Wurzeln, indem es sie abschneidet, da es im Gegensatz [&hellip;]<\/p>\n","protected":false},"featured_media":32085,"comment_status":"open","ping_status":"closed","template":"","meta":{"_seopress_robots_primary_cat":"none","_seopress_titles_title":"Root Pouch 56L Schwarz 260g\/m2 mit Griffen","_seopress_titles_desc":"Root Pouch produziert den Stoff und die Beutel selbst. Diese bestehen zu 100 % aus recycelten Materialien, sind BPA-frei, UV-best\u00e4ndig und werden unter sicheren und gesunden Arbeitsbedingungen hergestellt. ","_seopress_robots_index":""},"product_brand":[],"product_cat":[736,598],"product_tag":[],"class_list":{"0":"post-32089","1":"product","2":"type-product","3":"status-publish","4":"has-post-thumbnail","6":"product_cat-stofftopfe","7":"product_cat-toepfe-und-behaelter","10":"instock","11":"taxable","12":"shipping-taxable","13":"purchasable","14":"product-type-simple","15":"product-grid-view"},"_links":{"self":[{"href":"https:\/\/greenkingdom.ch\/de\/wp-json\/wp\/v2\/product\/32089","targetHints":{"allow":["GET"]}}],"collection":[{"href":"https:\/\/greenkingdom.ch\/de\/wp-json\/wp\/v2\/product"}],"about":[{"href":"https:\/\/greenkingdom.ch\/de\/wp-json\/wp\/v2\/types\/product"}],"replies":[{"embeddable":true,"href":"https:\/\/greenkingdom.ch\/de\/wp-json\/wp\/v2\/comments?post=32089"}],"version-history":[{"count":1,"href":"https:\/\/greenkingdom.ch\/de\/wp-json\/wp\/v2\/product\/32089\/revisions"}],"predecessor-version":[{"id":32203,"href":"https:\/\/greenkingdom.ch\/de\/wp-json\/wp\/v2\/product\/32089\/revisions\/32203"}],"wp:featuredmedia":[{"embeddable":true,"href":"https:\/\/greenkingdom.ch\/de\/wp-json\/wp\/v2\/media\/32085"}],"wp:attachment":[{"href":"https:\/\/greenkingdom.ch\/de\/wp-json\/wp\/v2\/media?parent=32089"}],"wp:term":[{"taxonomy":"product_brand","embeddable":true,"href":"https:\/\/greenkingdom.ch\/de\/wp-json\/wp\/v2\/product_brand?post=32089"},{"taxonomy":"product_cat","embeddable":true,"href":"https:\/\/greenkingdom.ch\/de\/wp-json\/wp\/v2\/product_cat?post=32089"},{"taxonomy":"product_tag","embeddable":true,"href":"https:\/\/greenkingdom.ch\/de\/wp-json\/wp\/v2\/product_tag?post=32089"}],"curies":[{"name":"wp","href":"https:\/\/api.w.org\/{rel}","templated":true}]}}