{"id":32245,"date":"2025-02-12T13:11:17","date_gmt":"2025-02-12T12:11:17","guid":{"rendered":"https:\/\/greenkingdom.ch\/?post_type=product&#038;p=32245"},"modified":"2025-02-14T17:49:04","modified_gmt":"2025-02-14T16:49:04","slug":"chikamasa-b-500sf","status":"publish","type":"product","link":"https:\/\/greenkingdom.ch\/de\/produkt\/chikamasa-b-500sf\/","title":{"rendered":"Chikamasa B-500SF"},"content":{"rendered":"<p>Die Chikamasa B-500SF Schere wurde entwickelt, um einen pr\u00e4zisen und komfortablen Schnitt beim Beschneiden von Pflanzen zu erm\u00f6glichen. Die Klinge aus japanischem Edelstahl, die mit einer Fluorbeschichtung \u00fcberzogen ist, verhindert das Anhaften von Saft, erleichtert die Reinigung und sorgt f\u00fcr saubere Schnitte ohne Rei\u00dfen. Der leichte, ergonomische Griff aus Elastomer sorgt f\u00fcr einen sicheren Halt und reduziert die Erm\u00fcdung, auch bei langen Arbeitseins\u00e4tzen. Diese Schere ist dank Edelstahl und Carbon robust und langlebig und eignet sich perfekt f\u00fcr G\u00e4rtner, die Pr\u00e4zision und Komfort suchen.   <\/p>\n","protected":false},"excerpt":{"rendered":"<p>Die Chikamasa B-500SF Schere wurde entwickelt, um einen pr\u00e4zisen und komfortablen Schnitt beim Beschneiden von Pflanzen zu erm\u00f6glichen. Die Klinge aus japanischem Edelstahl, die mit einer Fluorbeschichtung \u00fcberzogen ist, verhindert das Anhaften von Saft, erleichtert die Reinigung und sorgt f\u00fcr saubere Schnitte ohne Rei\u00dfen. Der leichte, ergonomische Griff aus Elastomer sorgt f\u00fcr einen sicheren Halt [&hellip;]<\/p>\n","protected":false},"featured_media":32248,"comment_status":"open","ping_status":"closed","template":"","meta":{"_seopress_robots_primary_cat":"none","_seopress_titles_title":"Chikamasa B-500SF - Gr\u00fcnes K\u00f6nigreich","_seopress_titles_desc":"Die Chikamasa B-500SF Schere wurde entwickelt, um einen pr\u00e4zisen und komfortablen Schnitt beim Beschneiden von Pflanzen zu erm\u00f6glichen","_seopress_robots_index":""},"product_brand":[],"product_cat":[744,741],"product_tag":[],"class_list":{"0":"post-32245","1":"product","2":"type-product","3":"status-publish","4":"has-post-thumbnail","6":"product_cat-scheren-und-gartenschere","7":"product_cat-werkzeuge","10":"instock","11":"taxable","12":"shipping-taxable","13":"purchasable","14":"product-type-simple","15":"product-grid-view"},"_links":{"self":[{"href":"https:\/\/greenkingdom.ch\/de\/wp-json\/wp\/v2\/product\/32245","targetHints":{"allow":["GET"]}}],"collection":[{"href":"https:\/\/greenkingdom.ch\/de\/wp-json\/wp\/v2\/product"}],"about":[{"href":"https:\/\/greenkingdom.ch\/de\/wp-json\/wp\/v2\/types\/product"}],"replies":[{"embeddable":true,"href":"https:\/\/greenkingdom.ch\/de\/wp-json\/wp\/v2\/comments?post=32245"}],"version-history":[{"count":2,"href":"https:\/\/greenkingdom.ch\/de\/wp-json\/wp\/v2\/product\/32245\/revisions"}],"predecessor-version":[{"id":32880,"href":"https:\/\/greenkingdom.ch\/de\/wp-json\/wp\/v2\/product\/32245\/revisions\/32880"}],"wp:featuredmedia":[{"embeddable":true,"href":"https:\/\/greenkingdom.ch\/de\/wp-json\/wp\/v2\/media\/32248"}],"wp:attachment":[{"href":"https:\/\/greenkingdom.ch\/de\/wp-json\/wp\/v2\/media?parent=32245"}],"wp:term":[{"taxonomy":"product_brand","embeddable":true,"href":"https:\/\/greenkingdom.ch\/de\/wp-json\/wp\/v2\/product_brand?post=32245"},{"taxonomy":"product_cat","embeddable":true,"href":"https:\/\/greenkingdom.ch\/de\/wp-json\/wp\/v2\/product_cat?post=32245"},{"taxonomy":"product_tag","embeddable":true,"href":"https:\/\/greenkingdom.ch\/de\/wp-json\/wp\/v2\/product_tag?post=32245"}],"curies":[{"name":"wp","href":"https:\/\/api.w.org\/{rel}","templated":true}]}}