{"id":32257,"date":"2025-02-12T13:21:48","date_gmt":"2025-02-12T12:21:48","guid":{"rendered":"https:\/\/greenkingdom.ch\/?post_type=product&#038;p=32257"},"modified":"2025-02-14T17:49:08","modified_gmt":"2025-02-14T16:49:08","slug":"pure-factory-leaf-cutter","status":"publish","type":"product","link":"https:\/\/greenkingdom.ch\/de\/produkt\/pure-factory-leaf-cutter\/","title":{"rendered":"Reiner Fabrik Laubschneider"},"content":{"rendered":"<p>Der Pure Factory Laubschneider ist ideal zum Schneiden der \u00c4ste und Bl\u00e4tter Ihrer Pflanzen. Er ist mit Klingen aus rostfreiem Stahl ausgestattet, die einen sauberen und pr\u00e4zisen Schnitt erm\u00f6glichen. Sein PVC-Griff sorgt f\u00fcr einen bequemen und robusten Griff und macht dieses Werkzeug zu einer praktischen und langlebigen Wahl f\u00fcr die Pflege Ihres Gartens.  <\/p>\n","protected":false},"excerpt":{"rendered":"<p>Der Pure Factory Laubschneider ist ideal zum Schneiden der \u00c4ste und Bl\u00e4tter Ihrer Pflanzen. Er ist mit Klingen aus rostfreiem Stahl ausgestattet, die einen sauberen und pr\u00e4zisen Schnitt erm\u00f6glichen. Sein PVC-Griff sorgt f\u00fcr einen bequemen und robusten Griff und macht dieses Werkzeug zu einer praktischen und langlebigen Wahl f\u00fcr die Pflege Ihres Gartens.<\/p>\n","protected":false},"featured_media":32260,"comment_status":"open","ping_status":"closed","template":"","meta":{"_seopress_robots_primary_cat":"none","_seopress_titles_title":"Pure Factory Laubschneider - Gr\u00fcnes K\u00f6nigreich","_seopress_titles_desc":"Der Pure Factory Laubschneider ist ideal zum Schneiden der \u00c4ste und Bl\u00e4tter Ihrer Pflanzen. Er ist mit Klingen aus rostfreiem Stahl ausgestattet, die einen sauberen und pr\u00e4zisen Schnitt erm\u00f6glichen. ","_seopress_robots_index":""},"product_brand":[],"product_cat":[744,741],"product_tag":[],"class_list":{"0":"post-32257","1":"product","2":"type-product","3":"status-publish","4":"has-post-thumbnail","6":"product_cat-scheren-und-gartenschere","7":"product_cat-werkzeuge","10":"instock","11":"taxable","12":"shipping-taxable","13":"purchasable","14":"product-type-simple","15":"product-grid-view"},"_links":{"self":[{"href":"https:\/\/greenkingdom.ch\/de\/wp-json\/wp\/v2\/product\/32257","targetHints":{"allow":["GET"]}}],"collection":[{"href":"https:\/\/greenkingdom.ch\/de\/wp-json\/wp\/v2\/product"}],"about":[{"href":"https:\/\/greenkingdom.ch\/de\/wp-json\/wp\/v2\/types\/product"}],"replies":[{"embeddable":true,"href":"https:\/\/greenkingdom.ch\/de\/wp-json\/wp\/v2\/comments?post=32257"}],"version-history":[{"count":2,"href":"https:\/\/greenkingdom.ch\/de\/wp-json\/wp\/v2\/product\/32257\/revisions"}],"predecessor-version":[{"id":32886,"href":"https:\/\/greenkingdom.ch\/de\/wp-json\/wp\/v2\/product\/32257\/revisions\/32886"}],"wp:featuredmedia":[{"embeddable":true,"href":"https:\/\/greenkingdom.ch\/de\/wp-json\/wp\/v2\/media\/32260"}],"wp:attachment":[{"href":"https:\/\/greenkingdom.ch\/de\/wp-json\/wp\/v2\/media?parent=32257"}],"wp:term":[{"taxonomy":"product_brand","embeddable":true,"href":"https:\/\/greenkingdom.ch\/de\/wp-json\/wp\/v2\/product_brand?post=32257"},{"taxonomy":"product_cat","embeddable":true,"href":"https:\/\/greenkingdom.ch\/de\/wp-json\/wp\/v2\/product_cat?post=32257"},{"taxonomy":"product_tag","embeddable":true,"href":"https:\/\/greenkingdom.ch\/de\/wp-json\/wp\/v2\/product_tag?post=32257"}],"curies":[{"name":"wp","href":"https:\/\/api.w.org\/{rel}","templated":true}]}}