{"id":32281,"date":"2025-02-12T13:38:17","date_gmt":"2025-02-12T12:38:17","guid":{"rendered":"https:\/\/greenkingdom.ch\/?post_type=product&#038;p=32281"},"modified":"2025-02-14T17:49:10","modified_gmt":"2025-02-14T16:49:10","slug":"garden-high-pro-cut-ciseaux-droits-2","status":"publish","type":"product","link":"https:\/\/greenkingdom.ch\/de\/produkt\/garden-high-pro-cut-ciseaux-droits-2\/","title":{"rendered":"Garden High Pro Cut Gerade Schere"},"content":{"rendered":"<p>Die Gartenschere von Highpro ist perfekt, um Ihre Pflanzen, Str\u00e4ucher und Zimmerpflanzen in der gew\u00fcnschten Gr\u00f6\u00dfe zu halten. Sie eignen sich auch zum Beschneiden von kleinen Str\u00e4uchern oder zum Ernten von Fr\u00fcchten, vor allem im Herbst. Ihr ergonomisches und leichtes Design bietet dank rutschfester Griffe einen bequemen Griff. Die hochwertige Feder und die gebogene Klinge erm\u00f6glichen einen pr\u00e4zisen und unterschiedlichen Schnitt, ideal f\u00fcr die optimale Pflege Ihres Gartens.   <\/p>\n","protected":false},"excerpt":{"rendered":"<p>Die Gartenschere von Highpro ist perfekt, um Ihre Pflanzen, Str\u00e4ucher und Zimmerpflanzen in der gew\u00fcnschten Gr\u00f6\u00dfe zu halten. Sie eignen sich auch zum Beschneiden von kleinen Str\u00e4uchern oder zum Ernten von Fr\u00fcchten, vor allem im Herbst. Ihr ergonomisches und leichtes Design bietet dank rutschfester Griffe einen bequemen Griff. Die hochwertige Feder und die gebogene Klinge [&hellip;]<\/p>\n","protected":false},"featured_media":32284,"comment_status":"open","ping_status":"closed","template":"","meta":{"_seopress_robots_primary_cat":"none","_seopress_titles_title":"Garden High Pro Cut Gerade Schere - Green Kingdom","_seopress_titles_desc":"Die Gartenschere von Highpro ist perfekt, um Ihre Pflanzen, Str\u00e4ucher und Zimmerpflanzen in der gew\u00fcnschten Gr\u00f6\u00dfe zu halten","_seopress_robots_index":""},"product_brand":[],"product_cat":[744,741],"product_tag":[],"class_list":{"0":"post-32281","1":"product","2":"type-product","3":"status-publish","4":"has-post-thumbnail","6":"product_cat-scheren-und-gartenschere","7":"product_cat-werkzeuge","10":"instock","11":"taxable","12":"shipping-taxable","13":"purchasable","14":"product-type-simple","15":"product-grid-view"},"_links":{"self":[{"href":"https:\/\/greenkingdom.ch\/de\/wp-json\/wp\/v2\/product\/32281","targetHints":{"allow":["GET"]}}],"collection":[{"href":"https:\/\/greenkingdom.ch\/de\/wp-json\/wp\/v2\/product"}],"about":[{"href":"https:\/\/greenkingdom.ch\/de\/wp-json\/wp\/v2\/types\/product"}],"replies":[{"embeddable":true,"href":"https:\/\/greenkingdom.ch\/de\/wp-json\/wp\/v2\/comments?post=32281"}],"version-history":[{"count":2,"href":"https:\/\/greenkingdom.ch\/de\/wp-json\/wp\/v2\/product\/32281\/revisions"}],"predecessor-version":[{"id":32889,"href":"https:\/\/greenkingdom.ch\/de\/wp-json\/wp\/v2\/product\/32281\/revisions\/32889"}],"wp:featuredmedia":[{"embeddable":true,"href":"https:\/\/greenkingdom.ch\/de\/wp-json\/wp\/v2\/media\/32284"}],"wp:attachment":[{"href":"https:\/\/greenkingdom.ch\/de\/wp-json\/wp\/v2\/media?parent=32281"}],"wp:term":[{"taxonomy":"product_brand","embeddable":true,"href":"https:\/\/greenkingdom.ch\/de\/wp-json\/wp\/v2\/product_brand?post=32281"},{"taxonomy":"product_cat","embeddable":true,"href":"https:\/\/greenkingdom.ch\/de\/wp-json\/wp\/v2\/product_cat?post=32281"},{"taxonomy":"product_tag","embeddable":true,"href":"https:\/\/greenkingdom.ch\/de\/wp-json\/wp\/v2\/product_tag?post=32281"}],"curies":[{"name":"wp","href":"https:\/\/api.w.org\/{rel}","templated":true}]}}