{"id":32293,"date":"2025-02-12T13:46:19","date_gmt":"2025-02-12T12:46:19","guid":{"rendered":"https:\/\/greenkingdom.ch\/?post_type=product&#038;p=32293"},"modified":"2025-02-14T17:49:52","modified_gmt":"2025-02-14T16:49:52","slug":"dragon-scissors","status":"publish","type":"product","link":"https:\/\/greenkingdom.ch\/de\/produkt\/dragon-scissors\/","title":{"rendered":"Drachen-Schere"},"content":{"rendered":"<p>Die Softgrip-Schere von Dragonvap ist eine gute Wahl f\u00fcr Ihre Gartenarbeit. Mit einer L\u00e4nge von ca. 14 cm und einer 6 cm langen Klinge bieten sie dank ihres gro\u00dfen Fingerhalters auch f\u00fcr gro\u00dfe H\u00e4nde einen bequemen Griff. Diese aus Edelstahl gefertigte Schere ist langlebig und einfach zu bedienen. Sie sind miteinander verschraubt, um eine bessere Stabilit\u00e4t zu gew\u00e4hrleisten und eine angenehme Unterst\u00fctzung bei Pr\u00e4zisionsarbeiten zu bieten.   <\/p>\n","protected":false},"excerpt":{"rendered":"<p>Die Softgrip-Schere von Dragonvap ist eine gute Wahl f\u00fcr Ihre Gartenarbeit. Mit einer L\u00e4nge von ca. 14 cm und einer 6 cm langen Klinge bieten sie dank ihres gro\u00dfen Fingerhalters auch f\u00fcr gro\u00dfe H\u00e4nde einen bequemen Griff. Diese aus Edelstahl gefertigte Schere ist langlebig und einfach zu bedienen. Sie sind miteinander verschraubt, um eine bessere [&hellip;]<\/p>\n","protected":false},"featured_media":32296,"comment_status":"open","ping_status":"closed","template":"","meta":{"_seopress_robots_primary_cat":"none","_seopress_titles_title":"Drachenschere - Gr\u00fcnes K\u00f6nigreich","_seopress_titles_desc":"Diese aus Edelstahl gefertigte Schere ist langlebig und einfach zu bedienen","_seopress_robots_index":""},"product_brand":[],"product_cat":[744,741],"product_tag":[],"class_list":{"0":"post-32293","1":"product","2":"type-product","3":"status-publish","4":"has-post-thumbnail","6":"product_cat-scheren-und-gartenschere","7":"product_cat-werkzeuge","10":"instock","11":"taxable","12":"shipping-taxable","13":"purchasable","14":"product-type-simple","15":"product-grid-view"},"_links":{"self":[{"href":"https:\/\/greenkingdom.ch\/de\/wp-json\/wp\/v2\/product\/32293","targetHints":{"allow":["GET"]}}],"collection":[{"href":"https:\/\/greenkingdom.ch\/de\/wp-json\/wp\/v2\/product"}],"about":[{"href":"https:\/\/greenkingdom.ch\/de\/wp-json\/wp\/v2\/types\/product"}],"replies":[{"embeddable":true,"href":"https:\/\/greenkingdom.ch\/de\/wp-json\/wp\/v2\/comments?post=32293"}],"version-history":[{"count":2,"href":"https:\/\/greenkingdom.ch\/de\/wp-json\/wp\/v2\/product\/32293\/revisions"}],"predecessor-version":[{"id":32895,"href":"https:\/\/greenkingdom.ch\/de\/wp-json\/wp\/v2\/product\/32293\/revisions\/32895"}],"wp:featuredmedia":[{"embeddable":true,"href":"https:\/\/greenkingdom.ch\/de\/wp-json\/wp\/v2\/media\/32296"}],"wp:attachment":[{"href":"https:\/\/greenkingdom.ch\/de\/wp-json\/wp\/v2\/media?parent=32293"}],"wp:term":[{"taxonomy":"product_brand","embeddable":true,"href":"https:\/\/greenkingdom.ch\/de\/wp-json\/wp\/v2\/product_brand?post=32293"},{"taxonomy":"product_cat","embeddable":true,"href":"https:\/\/greenkingdom.ch\/de\/wp-json\/wp\/v2\/product_cat?post=32293"},{"taxonomy":"product_tag","embeddable":true,"href":"https:\/\/greenkingdom.ch\/de\/wp-json\/wp\/v2\/product_tag?post=32293"}],"curies":[{"name":"wp","href":"https:\/\/api.w.org\/{rel}","templated":true}]}}