{"id":32374,"date":"2025-02-12T15:22:12","date_gmt":"2025-02-12T14:22:12","guid":{"rendered":"https:\/\/greenkingdom.ch\/?post_type=product&#038;p=32374"},"modified":"2025-02-14T17:37:50","modified_gmt":"2025-02-14T16:37:50","slug":"gaine-combiconnect-1m-diametre-160mm","status":"publish","type":"product","link":"https:\/\/greenkingdom.ch\/de\/produkt\/gaine-combiconnect-1m-diametre-160mm\/","title":{"rendered":"CombiConnect Mantel 1m Durchmesser 160mm"},"content":{"rendered":"<p>Der Combiconnect Luftschlauch von ATCO International ist eine sehr flexible Option, die f\u00fcr alle Bedingungen ideal ist. Im Gegensatz zu Aluminiumrohren bietet es eine bessere Festigkeit und Lichtdichtigkeit. Dieser Schlauch besteht aus laminiertem Aluminium mit einer undurchsichtigen schwarzen Co-Polymer-Au\u00dfenschicht, die dank ihrer &#8222;Sandwich&#8220;-Konstruktion aus Polyester und Aluminium speziell f\u00fcr ihre Festigkeit entwickelt wurde. Die Au\u00dfenh\u00fclle ist verschlussfest und undurchl\u00e4ssig f\u00fcr Dampf, was sie langlebiger und effizienter macht. Wir bieten nur Original-Combiconnect-Schl\u00e4uche an, um eine \u00fcberlegene Qualit\u00e4t im Vergleich zu billigen Kopien zu gew\u00e4hrleisten.  <\/p>\n","protected":false},"excerpt":{"rendered":"<p>Der Combiconnect Luftschlauch von ATCO International ist eine sehr flexible Option, die f\u00fcr alle Bedingungen ideal ist. Im Gegensatz zu Aluminiumrohren bietet es eine bessere Festigkeit und Lichtdichtigkeit. Dieser Schlauch besteht aus laminiertem Aluminium mit einer undurchsichtigen schwarzen Co-Polymer-Au\u00dfenschicht, die dank ihrer &#8222;Sandwich&#8220;-Konstruktion aus Polyester und Aluminium speziell f\u00fcr ihre Festigkeit entwickelt wurde. Die Au\u00dfenh\u00fclle [&hellip;]<\/p>\n","protected":false},"featured_media":32311,"comment_status":"open","ping_status":"closed","template":"","meta":{"_seopress_robots_primary_cat":"none","_seopress_titles_title":"CombiConnect Scheide 1m Durchmesser 160mm - Green Kingdom","_seopress_titles_desc":"Im Gegensatz zu Aluminiumrohren bietet es eine bessere Festigkeit und Lichtdichtigkeit.","_seopress_robots_index":""},"product_brand":[],"product_cat":[751],"product_tag":[],"class_list":{"0":"post-32374","1":"product","2":"type-product","3":"status-publish","4":"has-post-thumbnail","6":"product_cat-gaines-de","9":"instock","10":"taxable","11":"shipping-taxable","12":"purchasable","13":"product-type-simple","14":"product-grid-view"},"_links":{"self":[{"href":"https:\/\/greenkingdom.ch\/de\/wp-json\/wp\/v2\/product\/32374","targetHints":{"allow":["GET"]}}],"collection":[{"href":"https:\/\/greenkingdom.ch\/de\/wp-json\/wp\/v2\/product"}],"about":[{"href":"https:\/\/greenkingdom.ch\/de\/wp-json\/wp\/v2\/types\/product"}],"replies":[{"embeddable":true,"href":"https:\/\/greenkingdom.ch\/de\/wp-json\/wp\/v2\/comments?post=32374"}],"version-history":[{"count":2,"href":"https:\/\/greenkingdom.ch\/de\/wp-json\/wp\/v2\/product\/32374\/revisions"}],"predecessor-version":[{"id":32827,"href":"https:\/\/greenkingdom.ch\/de\/wp-json\/wp\/v2\/product\/32374\/revisions\/32827"}],"wp:featuredmedia":[{"embeddable":true,"href":"https:\/\/greenkingdom.ch\/de\/wp-json\/wp\/v2\/media\/32311"}],"wp:attachment":[{"href":"https:\/\/greenkingdom.ch\/de\/wp-json\/wp\/v2\/media?parent=32374"}],"wp:term":[{"taxonomy":"product_brand","embeddable":true,"href":"https:\/\/greenkingdom.ch\/de\/wp-json\/wp\/v2\/product_brand?post=32374"},{"taxonomy":"product_cat","embeddable":true,"href":"https:\/\/greenkingdom.ch\/de\/wp-json\/wp\/v2\/product_cat?post=32374"},{"taxonomy":"product_tag","embeddable":true,"href":"https:\/\/greenkingdom.ch\/de\/wp-json\/wp\/v2\/product_tag?post=32374"}],"curies":[{"name":"wp","href":"https:\/\/api.w.org\/{rel}","templated":true}]}}