{"id":32492,"date":"2025-02-12T16:20:07","date_gmt":"2025-02-12T15:20:07","guid":{"rendered":"https:\/\/greenkingdom.ch\/product\/gaine-insonorisee-phonic-trap-3m-diametre-100mm\/"},"modified":"2025-02-14T17:38:13","modified_gmt":"2025-02-14T16:38:13","slug":"gaine-insonorisee-phonic-trap-3m-diametre-100mm","status":"publish","type":"product","link":"https:\/\/greenkingdom.ch\/de\/produkt\/gaine-insonorisee-phonic-trap-3m-diametre-100mm\/","title":{"rendered":"Phonic Trap Schallschutzh\u00fclle 3m Durchmesser 100mm"},"content":{"rendered":"<p>Der Schallschutzschlauch Phonic Trap, der jetzt in einer reduzierten Version von 3 Metern erh\u00e4ltlich ist, bietet eine innovative akustische Kapazit\u00e4t, die den Luftstromger\u00e4usch halbiert. Sein schallabsorbierender Schaumstoff, der in den Mantel integriert ist, d\u00e4mpft den Schall effektiv. Dieser Schlauch, der mit zwei Schlauchschellen geliefert wird, wird in Frankreich hergestellt und in verschiedenen Durchmessern angeboten. Seine schwarze Au\u00dfenjacke macht ihn v\u00f6llig lichtunempfindlich und sorgt so f\u00fcr eine optimale Leistung. Mit Phonic Trap erhalten Sie eine Ger\u00e4uschreduzierung von 50 % f\u00fcr eine ruhigere und komfortablere Umgebung.    <\/p>\n","protected":false},"excerpt":{"rendered":"<p>Der Schallschutzschlauch Phonic Trap, der jetzt in einer reduzierten Version von 3 Metern erh\u00e4ltlich ist, bietet eine innovative akustische Kapazit\u00e4t, die den Luftstromger\u00e4usch halbiert. Sein schallabsorbierender Schaumstoff, der in den Mantel integriert ist, d\u00e4mpft den Schall effektiv. Dieser Schlauch, der mit zwei Schlauchschellen geliefert wird, wird in Frankreich hergestellt und in verschiedenen Durchmessern angeboten. Seine [&hellip;]<\/p>\n","protected":false},"featured_media":32488,"comment_status":"open","ping_status":"closed","template":"","meta":{"_seopress_robots_primary_cat":"","_seopress_titles_title":"Phonic Trap Schallschutzh\u00fclle 3m Durchmesser 100mm - Green Kingdom","_seopress_titles_desc":"Der Schallschutzschlauch Phonic Trap bietet innovative akustische Funktionen, die den Luftstromger\u00e4usch halbieren. Sein schallabsorbierender Schaumstoff, der in den Mantel integriert ist, d\u00e4mpft den Schall effektiv. ","_seopress_robots_index":""},"product_brand":[],"product_cat":[751],"product_tag":[],"class_list":{"0":"post-32492","1":"product","2":"type-product","3":"status-publish","4":"has-post-thumbnail","6":"product_cat-gaines-de","9":"instock","10":"taxable","11":"shipping-taxable","12":"purchasable","13":"product-type-simple","14":"product-grid-view"},"_links":{"self":[{"href":"https:\/\/greenkingdom.ch\/de\/wp-json\/wp\/v2\/product\/32492","targetHints":{"allow":["GET"]}}],"collection":[{"href":"https:\/\/greenkingdom.ch\/de\/wp-json\/wp\/v2\/product"}],"about":[{"href":"https:\/\/greenkingdom.ch\/de\/wp-json\/wp\/v2\/types\/product"}],"replies":[{"embeddable":true,"href":"https:\/\/greenkingdom.ch\/de\/wp-json\/wp\/v2\/comments?post=32492"}],"version-history":[{"count":1,"href":"https:\/\/greenkingdom.ch\/de\/wp-json\/wp\/v2\/product\/32492\/revisions"}],"predecessor-version":[{"id":32859,"href":"https:\/\/greenkingdom.ch\/de\/wp-json\/wp\/v2\/product\/32492\/revisions\/32859"}],"wp:featuredmedia":[{"embeddable":true,"href":"https:\/\/greenkingdom.ch\/de\/wp-json\/wp\/v2\/media\/32488"}],"wp:attachment":[{"href":"https:\/\/greenkingdom.ch\/de\/wp-json\/wp\/v2\/media?parent=32492"}],"wp:term":[{"taxonomy":"product_brand","embeddable":true,"href":"https:\/\/greenkingdom.ch\/de\/wp-json\/wp\/v2\/product_brand?post=32492"},{"taxonomy":"product_cat","embeddable":true,"href":"https:\/\/greenkingdom.ch\/de\/wp-json\/wp\/v2\/product_cat?post=32492"},{"taxonomy":"product_tag","embeddable":true,"href":"https:\/\/greenkingdom.ch\/de\/wp-json\/wp\/v2\/product_tag?post=32492"}],"curies":[{"name":"wp","href":"https:\/\/api.w.org\/{rel}","templated":true}]}}