{"id":32587,"date":"2025-02-12T17:35:36","date_gmt":"2025-02-12T16:35:36","guid":{"rendered":"https:\/\/greenkingdom.ch\/?post_type=product&#038;p=32587"},"modified":"2025-02-14T17:32:31","modified_gmt":"2025-02-14T16:32:31","slug":"gaine-insonorisee-phonic-trap-10m-diametre-315mm","status":"publish","type":"product","link":"https:\/\/greenkingdom.ch\/de\/produkt\/gaine-insonorisee-phonic-trap-10m-diametre-315mm\/","title":{"rendered":"Phonic Trap Schallschutzh\u00fclle 10m Durchmesser 315mm"},"content":{"rendered":"<p>Der Schallschutzschlauch Phonic Trap bietet innovative akustische Funktionen, die den Luftstromger\u00e4usch halbieren. Sein schallabsorbierender Schaumstoff, der in den Mantel integriert ist, d\u00e4mpft den Schall effektiv. Dieser Schlauch, der mit zwei Schlauchschellen geliefert wird, wird in Frankreich hergestellt und in verschiedenen Durchmessern angeboten. Seine schwarze Au\u00dfenjacke macht ihn v\u00f6llig lichtunempfindlich und sorgt so f\u00fcr eine optimale Leistung. Mit Phonic Trap erhalten Sie eine Ger\u00e4uschreduzierung von 50 % f\u00fcr eine ruhigere und komfortablere Umgebung.    <\/p>\n","protected":false},"excerpt":{"rendered":"<p>Der Schallschutzschlauch Phonic Trap bietet innovative akustische Funktionen, die den Luftstromger\u00e4usch halbieren. Sein schallabsorbierender Schaumstoff, der in den Mantel integriert ist, d\u00e4mpft den Schall effektiv. Dieser Schlauch, der mit zwei Schlauchschellen geliefert wird, wird in Frankreich hergestellt und in verschiedenen Durchmessern angeboten. Seine schwarze Au\u00dfenjacke macht ihn v\u00f6llig lichtunempfindlich und sorgt so f\u00fcr eine optimale [&hellip;]<\/p>\n","protected":false},"featured_media":32488,"comment_status":"open","ping_status":"closed","template":"","meta":{"_seopress_robots_primary_cat":"none","_seopress_titles_title":"Phonic Trap Schallschutzh\u00fclle 10m Durchmesser 315mm - Green Kingdom","_seopress_titles_desc":"Der Schallschutzschlauch Phonic Trap bietet innovative akustische Funktionen, die den Luftstromger\u00e4usch halbieren. Sein schallabsorbierender Schaumstoff, der in den Mantel integriert ist, d\u00e4mpft den Schall effektiv. ","_seopress_robots_index":""},"product_brand":[],"product_cat":[751],"product_tag":[],"class_list":{"0":"post-32587","1":"product","2":"type-product","3":"status-publish","4":"has-post-thumbnail","6":"product_cat-gaines-de","9":"instock","10":"taxable","11":"shipping-taxable","12":"purchasable","13":"product-type-simple","14":"product-grid-view"},"_links":{"self":[{"href":"https:\/\/greenkingdom.ch\/de\/wp-json\/wp\/v2\/product\/32587","targetHints":{"allow":["GET"]}}],"collection":[{"href":"https:\/\/greenkingdom.ch\/de\/wp-json\/wp\/v2\/product"}],"about":[{"href":"https:\/\/greenkingdom.ch\/de\/wp-json\/wp\/v2\/types\/product"}],"replies":[{"embeddable":true,"href":"https:\/\/greenkingdom.ch\/de\/wp-json\/wp\/v2\/comments?post=32587"}],"version-history":[{"count":3,"href":"https:\/\/greenkingdom.ch\/de\/wp-json\/wp\/v2\/product\/32587\/revisions"}],"predecessor-version":[{"id":32785,"href":"https:\/\/greenkingdom.ch\/de\/wp-json\/wp\/v2\/product\/32587\/revisions\/32785"}],"wp:featuredmedia":[{"embeddable":true,"href":"https:\/\/greenkingdom.ch\/de\/wp-json\/wp\/v2\/media\/32488"}],"wp:attachment":[{"href":"https:\/\/greenkingdom.ch\/de\/wp-json\/wp\/v2\/media?parent=32587"}],"wp:term":[{"taxonomy":"product_brand","embeddable":true,"href":"https:\/\/greenkingdom.ch\/de\/wp-json\/wp\/v2\/product_brand?post=32587"},{"taxonomy":"product_cat","embeddable":true,"href":"https:\/\/greenkingdom.ch\/de\/wp-json\/wp\/v2\/product_cat?post=32587"},{"taxonomy":"product_tag","embeddable":true,"href":"https:\/\/greenkingdom.ch\/de\/wp-json\/wp\/v2\/product_tag?post=32587"}],"curies":[{"name":"wp","href":"https:\/\/api.w.org\/{rel}","templated":true}]}}