{"id":32636,"date":"2025-02-12T18:01:51","date_gmt":"2025-02-12T17:01:51","guid":{"rendered":"https:\/\/greenkingdom.ch\/?post_type=product&#038;p=32636"},"modified":"2025-02-14T17:32:40","modified_gmt":"2025-02-14T16:32:40","slug":"gaine-insonorisee-sono-connect-5m-diametre-200mm","status":"publish","type":"product","link":"https:\/\/greenkingdom.ch\/de\/produkt\/gaine-insonorisee-sono-connect-5m-diametre-200mm\/","title":{"rendered":"Schallisolierter Sono Connect 5m Durchmesser 200mm"},"content":{"rendered":"<p>Der Sonoconnect flexible Bel\u00fcftungsschlauch ist die ideale L\u00f6sung f\u00fcr eine leise Beatmung!<\/p>\n<p>Der Sonoconnect wurde entwickelt, um L\u00fcftungsger\u00e4usche so weit wie m\u00f6glich zu reduzieren, und ist ein schallabsorbierender, flexibler Schlauch, der sowohl Motor- als auch Luftstromger\u00e4usche reduziert.<\/p>\n<p>Wir bieten ausschlie\u00dflich original Sonoconnect Schl\u00e4uche von ATCO International an (sofern nicht anders angegeben). Obwohl sie etwas teurer sind, sind diese Modelle den billigen Kopien weit \u00fcberlegen und sorgen f\u00fcr optimale Leistung und erh\u00f6hte Haltbarkeit. <\/p>\n<p>Die SONOCONNECT-Serie\u00ae besteht aus einem perforierten Innenrohr aus laminiertem Aluminium, einer akustischen und thermischen Isolationsschicht aus Wolle und einem glasfaserverst\u00e4rkten Au\u00dfenmantel. Diese Kombination sorgt f\u00fcr eine erh\u00f6hte Festigkeit, eine bessere Isolierung und eine \u00fcberlegene Langlebigkeit, die weit \u00fcber nachgeahmte Produkte hinausgeht. <\/p>\n","protected":false},"excerpt":{"rendered":"<p>Der Sonoconnect flexible Bel\u00fcftungsschlauch ist die ideale L\u00f6sung f\u00fcr eine leise Beatmung! Der Sonoconnect wurde entwickelt, um L\u00fcftungsger\u00e4usche so weit wie m\u00f6glich zu reduzieren, und ist ein schallabsorbierender, flexibler Schlauch, der sowohl Motor- als auch Luftstromger\u00e4usche reduziert. Wir bieten ausschlie\u00dflich original Sonoconnect Schl\u00e4uche von ATCO International an (sofern nicht anders angegeben). Obwohl sie etwas teurer [&hellip;]<\/p>\n","protected":false},"featured_media":32606,"comment_status":"open","ping_status":"closed","template":"","meta":{"_seopress_robots_primary_cat":"none","_seopress_titles_title":"Sono Connect Schallschutzkanal 5m Durchmesser 200mm - Green Kingdom","_seopress_titles_desc":"Der Sonoconnect flexible Bel\u00fcftungsschlauch ist die ideale L\u00f6sung f\u00fcr eine leise Beatmung!","_seopress_robots_index":""},"product_brand":[],"product_cat":[751],"product_tag":[],"class_list":{"0":"post-32636","1":"product","2":"type-product","3":"status-publish","4":"has-post-thumbnail","6":"product_cat-gaines-de","9":"instock","10":"taxable","11":"shipping-taxable","12":"purchasable","13":"product-type-simple","14":"product-grid-view"},"_links":{"self":[{"href":"https:\/\/greenkingdom.ch\/de\/wp-json\/wp\/v2\/product\/32636","targetHints":{"allow":["GET"]}}],"collection":[{"href":"https:\/\/greenkingdom.ch\/de\/wp-json\/wp\/v2\/product"}],"about":[{"href":"https:\/\/greenkingdom.ch\/de\/wp-json\/wp\/v2\/types\/product"}],"replies":[{"embeddable":true,"href":"https:\/\/greenkingdom.ch\/de\/wp-json\/wp\/v2\/comments?post=32636"}],"version-history":[{"count":3,"href":"https:\/\/greenkingdom.ch\/de\/wp-json\/wp\/v2\/product\/32636\/revisions"}],"predecessor-version":[{"id":32799,"href":"https:\/\/greenkingdom.ch\/de\/wp-json\/wp\/v2\/product\/32636\/revisions\/32799"}],"wp:featuredmedia":[{"embeddable":true,"href":"https:\/\/greenkingdom.ch\/de\/wp-json\/wp\/v2\/media\/32606"}],"wp:attachment":[{"href":"https:\/\/greenkingdom.ch\/de\/wp-json\/wp\/v2\/media?parent=32636"}],"wp:term":[{"taxonomy":"product_brand","embeddable":true,"href":"https:\/\/greenkingdom.ch\/de\/wp-json\/wp\/v2\/product_brand?post=32636"},{"taxonomy":"product_cat","embeddable":true,"href":"https:\/\/greenkingdom.ch\/de\/wp-json\/wp\/v2\/product_cat?post=32636"},{"taxonomy":"product_tag","embeddable":true,"href":"https:\/\/greenkingdom.ch\/de\/wp-json\/wp\/v2\/product_tag?post=32636"}],"curies":[{"name":"wp","href":"https:\/\/api.w.org\/{rel}","templated":true}]}}