{"id":32942,"date":"2025-02-14T18:24:43","date_gmt":"2025-02-14T17:24:43","guid":{"rendered":"https:\/\/greenkingdom.ch\/?post_type=product&#038;p=32942"},"modified":"2025-02-14T18:29:06","modified_gmt":"2025-02-14T17:29:06","slug":"boveda-62-humidity-pack-8g","status":"publish","type":"product","link":"https:\/\/greenkingdom.ch\/de\/produkt\/boveda-62-humidity-pack-8g\/","title":{"rendered":"Boveda 62% Humidity Pack 8g"},"content":{"rendered":"<p data-start=\"151\" data-end=\"237\"><strong data-start=\"151\" data-end=\"237\">Boveda \u2013 Le r\u00e9gulateur d&#8217;humidit\u00e9 ultime pour pr\u00e9server la qualit\u00e9 de vos produits<\/strong><\/p>\n<p data-start=\"239\" data-end=\"670\">Boveda est la solution id\u00e9ale pour pr\u00e9server l&#8217;ar\u00f4me, la saveur, et l&#8217;efficacit\u00e9 de vos produits, qu&#8217;il s&#8217;agisse de chanvre, de tabac, d&#8217;herbes aromatiques ou d&#8217;autres mati\u00e8res sensibles \u00e0 l&#8217;humidit\u00e9. Gr\u00e2ce \u00e0 sa technologie avanc\u00e9e \u00e0 2 voies, Boveda r\u00e9gule pr\u00e9cis\u00e9ment le taux d&#8217;humidit\u00e9 de vos contenants, cr\u00e9ant une protection efficace contre l&#8217;\u00e9vaporation des terp\u00e8nes et des cannabino\u00efdes essentiels \u00e0 la qualit\u00e9 de vos fleurs.<\/p>\n<p data-start=\"672\" data-end=\"1247\"><strong data-start=\"672\" data-end=\"689\">Application :<\/strong> Boveda prot\u00e8ge vos produits en maintenant une humidit\u00e9 relative (HR) constante et optimale, selon vos besoins sp\u00e9cifiques. Que ce soit pour de petites quantit\u00e9s personnelles ou pour le stockage de grandes quantit\u00e9s, vous pouvez choisir entre diff\u00e9rents niveaux d&#8217;humidit\u00e9 (g\u00e9n\u00e9ralement entre 58% et 62% d&#8217;HR). Le r\u00e9gulateur d&#8217;humidit\u00e9 Boveda utilise une couche de mol\u00e9cules d&#8217;eau purifi\u00e9e pour cr\u00e9er un environnement stable, ce qui prot\u00e8ge les trichomes, les terp\u00e8nes et les cannabino\u00efdes, et garantit que vos produits restent frais, savoureux et efficaces.<\/p>\n<p data-start=\"1249\" data-end=\"1643\"><strong data-start=\"1249\" data-end=\"1267\">Dur\u00e9e de vie :<\/strong> Les sachets Boveda durent entre 2 \u00e0 4 mois, selon les conditions de stockage et la taille de votre contenant. Lorsqu&#8217;ils deviennent rigides, il est temps de les remplacer. Pour une efficacit\u00e9 maximale, placez Boveda dans des r\u00e9cipients herm\u00e9tiques, o\u00f9 il r\u00e9gule l&#8217;humidit\u00e9 de mani\u00e8re continue et optimale, permettant de pr\u00e9server la qualit\u00e9 de vos produits sur le long terme.<\/p>\n<p data-start=\"1645\" data-end=\"2096\"><strong data-start=\"1645\" data-end=\"1671\">Produits disponibles :<\/strong> Boveda propose diff\u00e9rentes tailles et niveaux d&#8217;humidit\u00e9 adapt\u00e9s \u00e0 vos besoins. Que vous ayez un petit paquet de fleurs ou une plus grande quantit\u00e9 \u00e0 stocker, il existe une solution Boveda parfaitement adapt\u00e9e \u00e0 votre utilisation. Avec une taille de sachet allant des plus petites pour des quantit\u00e9s personnelles aux plus grandes pour les stocks, Boveda vous offre une protection optimale \u00e0 chaque \u00e9tape de votre exp\u00e9rience.<\/p>\n<p data-start=\"2098\" data-end=\"2315\">D\u00e9couvrez par vous-m\u00eame l&#8217;impact positif de Boveda sur la qualit\u00e9, la fra\u00eecheur et la saveur de vos produits, et b\u00e9n\u00e9ficiez d&#8217;une protection efficace contre l&#8217;humidit\u00e9 pour une exp\u00e9rience de consommation incomparable.<\/p>\n","protected":false},"excerpt":{"rendered":"<p>Boveda \u2013 Le r\u00e9gulateur d&#8217;humidit\u00e9 ultime pour pr\u00e9server la qualit\u00e9 de vos produits Boveda est la solution id\u00e9ale pour pr\u00e9server l&#8217;ar\u00f4me, la saveur, et l&#8217;efficacit\u00e9 de vos produits, qu&#8217;il s&#8217;agisse de chanvre, de tabac, d&#8217;herbes aromatiques ou d&#8217;autres mati\u00e8res sensibles \u00e0 l&#8217;humidit\u00e9. Gr\u00e2ce \u00e0 sa technologie avanc\u00e9e \u00e0 2 voies, Boveda r\u00e9gule pr\u00e9cis\u00e9ment le taux [&hellip;]<\/p>\n","protected":false},"featured_media":32950,"comment_status":"open","ping_status":"closed","template":"","meta":{"_seopress_robots_primary_cat":"none","_seopress_titles_title":"Boveda 62% Humidity Pack 8g - Green Kingdom","_seopress_titles_desc":"Boveda est la solution id\u00e9ale pour pr\u00e9server l'ar\u00f4me, la saveur, et l'efficacit\u00e9 de vos produits, qu'il s'agisse de chanvre, de tabac, d'herbes aromatiques ou d'autres mati\u00e8res sensibles \u00e0 l'humidit\u00e9.","_seopress_robots_index":""},"product_brand":[],"product_cat":[761,762],"product_tag":[],"class_list":{"0":"post-32942","1":"product","2":"type-product","3":"status-publish","4":"has-post-thumbnail","6":"product_cat-boxen-und-lagerung","7":"product_cat-conservation-de","10":"instock","11":"taxable","12":"shipping-taxable","13":"purchasable","14":"product-type-simple","15":"product-grid-view"},"_links":{"self":[{"href":"https:\/\/greenkingdom.ch\/de\/wp-json\/wp\/v2\/product\/32942","targetHints":{"allow":["GET"]}}],"collection":[{"href":"https:\/\/greenkingdom.ch\/de\/wp-json\/wp\/v2\/product"}],"about":[{"href":"https:\/\/greenkingdom.ch\/de\/wp-json\/wp\/v2\/types\/product"}],"replies":[{"embeddable":true,"href":"https:\/\/greenkingdom.ch\/de\/wp-json\/wp\/v2\/comments?post=32942"}],"version-history":[{"count":1,"href":"https:\/\/greenkingdom.ch\/de\/wp-json\/wp\/v2\/product\/32942\/revisions"}],"predecessor-version":[{"id":32953,"href":"https:\/\/greenkingdom.ch\/de\/wp-json\/wp\/v2\/product\/32942\/revisions\/32953"}],"wp:featuredmedia":[{"embeddable":true,"href":"https:\/\/greenkingdom.ch\/de\/wp-json\/wp\/v2\/media\/32950"}],"wp:attachment":[{"href":"https:\/\/greenkingdom.ch\/de\/wp-json\/wp\/v2\/media?parent=32942"}],"wp:term":[{"taxonomy":"product_brand","embeddable":true,"href":"https:\/\/greenkingdom.ch\/de\/wp-json\/wp\/v2\/product_brand?post=32942"},{"taxonomy":"product_cat","embeddable":true,"href":"https:\/\/greenkingdom.ch\/de\/wp-json\/wp\/v2\/product_cat?post=32942"},{"taxonomy":"product_tag","embeddable":true,"href":"https:\/\/greenkingdom.ch\/de\/wp-json\/wp\/v2\/product_tag?post=32942"}],"curies":[{"name":"wp","href":"https:\/\/api.w.org\/{rel}","templated":true}]}}