{"id":33278,"date":"2025-02-19T14:33:59","date_gmt":"2025-02-19T13:33:59","guid":{"rendered":"https:\/\/greenkingdom.ch\/?post_type=product&#038;p=33278"},"modified":"2025-02-19T14:40:34","modified_gmt":"2025-02-19T13:40:34","slug":"garland-bac-60x60","status":"publish","type":"product","link":"https:\/\/greenkingdom.ch\/de\/produkt\/garland-bac-60x60\/","title":{"rendered":"Garland Bac 60&#215;60"},"content":{"rendered":"<p>Ce bac en plastique souple est id\u00e9ale pour \u00e9viter les dommages li\u00e9s \u00e0 l&#8217;eau. D&#8217;une largeur de 0,36 m, il s&#8217;int\u00e8gre parfaitement dans des espaces comme le Homebox XS, le Dark Room 60, le 60 Grolab ou toute autre tente de culture mesurant au moins 0,6 x 0,6 m\u00e8tre. Ces bacs sont g\u00e9n\u00e9ralement utilis\u00e9es comme support pour tr\u00e9pied ou comme plateaux pour syst\u00e8mes de goutte-\u00e0-goutte. ils servent \u00e9galement pour l&#8217;irrigation des poches profondes ou des pots, permettant de verser facilement la solution nutritive dans le bol. Il est aussi possible d&#8217;utiliser ces bacs pour un syst\u00e8me d&#8217;irrigation avec \u00e9coulement et flux. La capacit\u00e9 maximale de ce bac est de 30L. Dimensions : Garland 0,6m x 0,6m x 7cm, plastique souple noir.<\/p>\n","protected":false},"excerpt":{"rendered":"<p>Ce bac en plastique souple est id\u00e9ale pour \u00e9viter les dommages li\u00e9s \u00e0 l&#8217;eau. D&#8217;une largeur de 0,36 m, il s&#8217;int\u00e8gre parfaitement dans des espaces comme le Homebox XS, le Dark Room 60, le 60 Grolab ou toute autre tente de culture mesurant au moins 0,6 x 0,6 m\u00e8tre. Ces bacs sont g\u00e9n\u00e9ralement utilis\u00e9es comme [&hellip;]<\/p>\n","protected":false},"featured_media":33282,"comment_status":"open","ping_status":"closed","template":"","meta":{"_seopress_robots_primary_cat":"none","_seopress_titles_title":"Garland Plateau de Jardinage 60x60","_seopress_titles_desc":"Ce plateau Garland peut \u00eatre utilis\u00e9 comme plateau de culture ou comme plateau de collecte d'eau pour les petits pots de plantes.","_seopress_robots_index":""},"product_brand":[],"product_cat":[779,598],"product_tag":[],"class_list":{"0":"post-33278","1":"product","2":"type-product","3":"status-publish","4":"has-post-thumbnail","6":"product_cat-bacs-en-plastique-de","7":"product_cat-toepfe-und-behaelter","10":"instock","11":"taxable","12":"shipping-taxable","13":"purchasable","14":"product-type-simple","15":"product-grid-view"},"_links":{"self":[{"href":"https:\/\/greenkingdom.ch\/de\/wp-json\/wp\/v2\/product\/33278","targetHints":{"allow":["GET"]}}],"collection":[{"href":"https:\/\/greenkingdom.ch\/de\/wp-json\/wp\/v2\/product"}],"about":[{"href":"https:\/\/greenkingdom.ch\/de\/wp-json\/wp\/v2\/types\/product"}],"replies":[{"embeddable":true,"href":"https:\/\/greenkingdom.ch\/de\/wp-json\/wp\/v2\/comments?post=33278"}],"version-history":[{"count":1,"href":"https:\/\/greenkingdom.ch\/de\/wp-json\/wp\/v2\/product\/33278\/revisions"}],"predecessor-version":[{"id":33285,"href":"https:\/\/greenkingdom.ch\/de\/wp-json\/wp\/v2\/product\/33278\/revisions\/33285"}],"wp:featuredmedia":[{"embeddable":true,"href":"https:\/\/greenkingdom.ch\/de\/wp-json\/wp\/v2\/media\/33282"}],"wp:attachment":[{"href":"https:\/\/greenkingdom.ch\/de\/wp-json\/wp\/v2\/media?parent=33278"}],"wp:term":[{"taxonomy":"product_brand","embeddable":true,"href":"https:\/\/greenkingdom.ch\/de\/wp-json\/wp\/v2\/product_brand?post=33278"},{"taxonomy":"product_cat","embeddable":true,"href":"https:\/\/greenkingdom.ch\/de\/wp-json\/wp\/v2\/product_cat?post=33278"},{"taxonomy":"product_tag","embeddable":true,"href":"https:\/\/greenkingdom.ch\/de\/wp-json\/wp\/v2\/product_tag?post=33278"}],"curies":[{"name":"wp","href":"https:\/\/api.w.org\/{rel}","templated":true}]}}