{"id":33290,"date":"2025-02-19T14:41:51","date_gmt":"2025-02-19T13:41:51","guid":{"rendered":"https:\/\/greenkingdom.ch\/?post_type=product&#038;p=33290"},"modified":"2025-02-19T14:44:40","modified_gmt":"2025-02-19T13:44:40","slug":"garland-bac-80x80","status":"publish","type":"product","link":"https:\/\/greenkingdom.ch\/de\/produkt\/garland-bac-80x80\/","title":{"rendered":"Garland Bac 80&#215;80"},"content":{"rendered":"<p>Ce bac en plastique souple est id\u00e9al pour \u00e9viter les dommages li\u00e9s \u00e0 l&#8217;eau. D&#8217;une largeur de 80cm, il s&#8217;int\u00e8gre parfaitement dans des espaces tels que le Homebox M, le Dark Room 80, le 80 Grolab ou toute autre tente de culture mesurant au moins 0,8 x 0,8 m\u00e8tre. Ces bacs sont g\u00e9n\u00e9ralement utilis\u00e9s comme support pour tr\u00e9pied ou comme plateaux pour syst\u00e8mes de goutte-\u00e0-goutte. Ils servent \u00e9galement pour l&#8217;irrigation des poches profondes ou des pots, permettant de verser facilement la solution nutritive dans le bac. Il est aussi possible d&#8217;utiliser ces bacs pour un syst\u00e8me d&#8217;irrigation avec \u00e9coulement et flux. La capacit\u00e9 maximale de ce bac est de 77L. Dimensions : Garland 80x80x12 cm, plastique souple noir.<\/p>\n<p>&nbsp;<\/p>\n","protected":false},"excerpt":{"rendered":"<p>Ce bac en plastique souple est id\u00e9al pour \u00e9viter les dommages li\u00e9s \u00e0 l&#8217;eau. D&#8217;une largeur de 80cm, il s&#8217;int\u00e8gre parfaitement dans des espaces tels que le Homebox M, le Dark Room 80, le 80 Grolab ou toute autre tente de culture mesurant au moins 0,8 x 0,8 m\u00e8tre. Ces bacs sont g\u00e9n\u00e9ralement utilis\u00e9s comme [&hellip;]<\/p>\n","protected":false},"featured_media":33294,"comment_status":"open","ping_status":"closed","template":"","meta":{"_seopress_robots_primary_cat":"none","_seopress_titles_title":"Garland Plateau de Jardinage 80x80","_seopress_titles_desc":"Ce plateau Garland peut \u00eatre utilis\u00e9 comme plateau de culture ou comme plateau de collecte d'eau pour les petits pots de plantes.","_seopress_robots_index":""},"product_brand":[],"product_cat":[779,598],"product_tag":[],"class_list":{"0":"post-33290","1":"product","2":"type-product","3":"status-publish","4":"has-post-thumbnail","6":"product_cat-bacs-en-plastique-de","7":"product_cat-toepfe-und-behaelter","10":"instock","11":"taxable","12":"shipping-taxable","13":"purchasable","14":"product-type-simple","15":"product-grid-view"},"_links":{"self":[{"href":"https:\/\/greenkingdom.ch\/de\/wp-json\/wp\/v2\/product\/33290","targetHints":{"allow":["GET"]}}],"collection":[{"href":"https:\/\/greenkingdom.ch\/de\/wp-json\/wp\/v2\/product"}],"about":[{"href":"https:\/\/greenkingdom.ch\/de\/wp-json\/wp\/v2\/types\/product"}],"replies":[{"embeddable":true,"href":"https:\/\/greenkingdom.ch\/de\/wp-json\/wp\/v2\/comments?post=33290"}],"version-history":[{"count":1,"href":"https:\/\/greenkingdom.ch\/de\/wp-json\/wp\/v2\/product\/33290\/revisions"}],"predecessor-version":[{"id":33297,"href":"https:\/\/greenkingdom.ch\/de\/wp-json\/wp\/v2\/product\/33290\/revisions\/33297"}],"wp:featuredmedia":[{"embeddable":true,"href":"https:\/\/greenkingdom.ch\/de\/wp-json\/wp\/v2\/media\/33294"}],"wp:attachment":[{"href":"https:\/\/greenkingdom.ch\/de\/wp-json\/wp\/v2\/media?parent=33290"}],"wp:term":[{"taxonomy":"product_brand","embeddable":true,"href":"https:\/\/greenkingdom.ch\/de\/wp-json\/wp\/v2\/product_brand?post=33290"},{"taxonomy":"product_cat","embeddable":true,"href":"https:\/\/greenkingdom.ch\/de\/wp-json\/wp\/v2\/product_cat?post=33290"},{"taxonomy":"product_tag","embeddable":true,"href":"https:\/\/greenkingdom.ch\/de\/wp-json\/wp\/v2\/product_tag?post=33290"}],"curies":[{"name":"wp","href":"https:\/\/api.w.org\/{rel}","templated":true}]}}