{"id":33314,"date":"2025-02-19T14:48:34","date_gmt":"2025-02-19T13:48:34","guid":{"rendered":"https:\/\/greenkingdom.ch\/?post_type=product&#038;p=33314"},"modified":"2025-02-19T14:52:34","modified_gmt":"2025-02-19T13:52:34","slug":"garland-bac-120x120","status":"publish","type":"product","link":"https:\/\/greenkingdom.ch\/de\/produkt\/garland-bac-120x120\/","title":{"rendered":"Garland Bac 120&#215;120"},"content":{"rendered":"<p>Ce bac en plastique souple est id\u00e9al pour \u00e9viter les dommages li\u00e9s \u00e0 l&#8217;eau. D&#8217;une largeur de 1,2 m\u00e8tre, il s&#8217;int\u00e8gre parfaitement dans des espaces tels que le Homebox XL, le Dark Room 120, le Grolab 120 ou toute autre tente de culture mesurant au moins 1,2 x 1,2 m\u00e8tre. Ces bacs sont g\u00e9n\u00e9ralement utilis\u00e9s comme support pour tr\u00e9pied ou comme plateaux pour syst\u00e8mes de goutte-\u00e0-goutte. Ils servent \u00e9galement pour l&#8217;irrigation des poches profondes ou des pots, permettant de verser facilement la solution nutritive dans le bac. Il est aussi possible d&#8217;utiliser ces bacs pour un syst\u00e8me d&#8217;irrigation avec \u00e9coulement et flux. La capacit\u00e9 maximale de ce bac est de 170L. Dimensions : Garland 120 x 120 x 12 cm, plastique souple noir. Le poids du bac est de 15 kg, ajust\u00e9 en tenant compte de l&#8217;emballage.<\/p>\n","protected":false},"excerpt":{"rendered":"<p>Ce bac en plastique souple est id\u00e9al pour \u00e9viter les dommages li\u00e9s \u00e0 l&#8217;eau. D&#8217;une largeur de 1,2 m\u00e8tre, il s&#8217;int\u00e8gre parfaitement dans des espaces tels que le Homebox XL, le Dark Room 120, le Grolab 120 ou toute autre tente de culture mesurant au moins 1,2 x 1,2 m\u00e8tre. Ces bacs sont g\u00e9n\u00e9ralement utilis\u00e9s [&hellip;]<\/p>\n","protected":false},"featured_media":33306,"comment_status":"open","ping_status":"closed","template":"","meta":{"_seopress_robots_primary_cat":"none","_seopress_titles_title":"Garland Plateau de Jardinage 120x120","_seopress_titles_desc":"Ce plateau Garland peut \u00eatre utilis\u00e9 comme plateau de culture ou comme plateau de collecte d'eau pour les petits pots de plantes.","_seopress_robots_index":""},"product_brand":[],"product_cat":[779,598],"product_tag":[],"class_list":{"0":"post-33314","1":"product","2":"type-product","3":"status-publish","4":"has-post-thumbnail","6":"product_cat-bacs-en-plastique-de","7":"product_cat-toepfe-und-behaelter","10":"instock","11":"taxable","12":"shipping-taxable","13":"purchasable","14":"product-type-simple","15":"product-grid-view"},"_links":{"self":[{"href":"https:\/\/greenkingdom.ch\/de\/wp-json\/wp\/v2\/product\/33314","targetHints":{"allow":["GET"]}}],"collection":[{"href":"https:\/\/greenkingdom.ch\/de\/wp-json\/wp\/v2\/product"}],"about":[{"href":"https:\/\/greenkingdom.ch\/de\/wp-json\/wp\/v2\/types\/product"}],"replies":[{"embeddable":true,"href":"https:\/\/greenkingdom.ch\/de\/wp-json\/wp\/v2\/comments?post=33314"}],"version-history":[{"count":1,"href":"https:\/\/greenkingdom.ch\/de\/wp-json\/wp\/v2\/product\/33314\/revisions"}],"predecessor-version":[{"id":33317,"href":"https:\/\/greenkingdom.ch\/de\/wp-json\/wp\/v2\/product\/33314\/revisions\/33317"}],"wp:featuredmedia":[{"embeddable":true,"href":"https:\/\/greenkingdom.ch\/de\/wp-json\/wp\/v2\/media\/33306"}],"wp:attachment":[{"href":"https:\/\/greenkingdom.ch\/de\/wp-json\/wp\/v2\/media?parent=33314"}],"wp:term":[{"taxonomy":"product_brand","embeddable":true,"href":"https:\/\/greenkingdom.ch\/de\/wp-json\/wp\/v2\/product_brand?post=33314"},{"taxonomy":"product_cat","embeddable":true,"href":"https:\/\/greenkingdom.ch\/de\/wp-json\/wp\/v2\/product_cat?post=33314"},{"taxonomy":"product_tag","embeddable":true,"href":"https:\/\/greenkingdom.ch\/de\/wp-json\/wp\/v2\/product_tag?post=33314"}],"curies":[{"name":"wp","href":"https:\/\/api.w.org\/{rel}","templated":true}]}}