{"id":33404,"date":"2025-02-19T15:32:04","date_gmt":"2025-02-19T14:32:04","guid":{"rendered":"https:\/\/greenkingdom.ch\/product\/garland-support-en-metal-pour-bac-120x120x37\/"},"modified":"2025-02-19T15:32:04","modified_gmt":"2025-02-19T14:32:04","slug":"garland-support-en-metal-pour-bac-120x120x37","status":"publish","type":"product","link":"https:\/\/greenkingdom.ch\/de\/produkt\/garland-support-en-metal-pour-bac-120x120x37\/","title":{"rendered":"Garland Support En M\u00e9tal Pour Bac 120x120x37"},"content":{"rendered":"<p>Le support d&#8217;usine Garland pour bac, d&#8217;une largeur de 120 cm, d&#8217;une longueur de 120 cm et d&#8217;une hauteur de 37 cm, s&#8217;adapte parfaitement au mod\u00e8le Q120 de la Homebox Evolution, ainsi qu&#8217;\u00e0 d&#8217;autres tentes de culture d&#8217;au moins 120&#215;120 cm. Ce support peut \u00eatre utilis\u00e9 comme un syst\u00e8me d&#8217;irrigation pratique et professionnel. Gr\u00e2ce \u00e0 sa hauteur de 37 cm, il permet \u00e9galement d&#8217;accueillir un petit r\u00e9servoir pour faciliter l&#8217;irrigation.<\/p>\n","protected":false},"excerpt":{"rendered":"<p>Le support d&#8217;usine Garland pour bac, d&#8217;une largeur de 120 cm, d&#8217;une longueur de 120 cm et d&#8217;une hauteur de 37 cm, s&#8217;adapte parfaitement au mod\u00e8le Q120 de la Homebox Evolution, ainsi qu&#8217;\u00e0 d&#8217;autres tentes de culture d&#8217;au moins 120&#215;120 cm. Ce support peut \u00eatre utilis\u00e9 comme un syst\u00e8me d&#8217;irrigation pratique et professionnel. Gr\u00e2ce \u00e0 [&hellip;]<\/p>\n","protected":false},"featured_media":33373,"comment_status":"open","ping_status":"closed","template":"","meta":{"_seopress_robots_primary_cat":"none","_seopress_titles_title":"Garland Support En M\u00e9tal Pour Bac 100x100x37","_seopress_titles_desc":"Ce support peut \u00eatre utilis\u00e9 comme un syst\u00e8me d'irrigation pratique et professionnel.","_seopress_robots_index":""},"product_brand":[],"product_cat":[619,783,598],"product_tag":[],"class_list":{"0":"post-33404","1":"product","2":"type-product","3":"status-publish","4":"has-post-thumbnail","6":"product_cat-hydro-und-aeroponische-systeme","7":"product_cat-support-pour-bacs-de","8":"product_cat-toepfe-und-behaelter","11":"instock","12":"taxable","13":"shipping-taxable","14":"purchasable","15":"product-type-simple","16":"product-grid-view"},"_links":{"self":[{"href":"https:\/\/greenkingdom.ch\/de\/wp-json\/wp\/v2\/product\/33404","targetHints":{"allow":["GET"]}}],"collection":[{"href":"https:\/\/greenkingdom.ch\/de\/wp-json\/wp\/v2\/product"}],"about":[{"href":"https:\/\/greenkingdom.ch\/de\/wp-json\/wp\/v2\/types\/product"}],"replies":[{"embeddable":true,"href":"https:\/\/greenkingdom.ch\/de\/wp-json\/wp\/v2\/comments?post=33404"}],"version-history":[{"count":0,"href":"https:\/\/greenkingdom.ch\/de\/wp-json\/wp\/v2\/product\/33404\/revisions"}],"wp:featuredmedia":[{"embeddable":true,"href":"https:\/\/greenkingdom.ch\/de\/wp-json\/wp\/v2\/media\/33373"}],"wp:attachment":[{"href":"https:\/\/greenkingdom.ch\/de\/wp-json\/wp\/v2\/media?parent=33404"}],"wp:term":[{"taxonomy":"product_brand","embeddable":true,"href":"https:\/\/greenkingdom.ch\/de\/wp-json\/wp\/v2\/product_brand?post=33404"},{"taxonomy":"product_cat","embeddable":true,"href":"https:\/\/greenkingdom.ch\/de\/wp-json\/wp\/v2\/product_cat?post=33404"},{"taxonomy":"product_tag","embeddable":true,"href":"https:\/\/greenkingdom.ch\/de\/wp-json\/wp\/v2\/product_tag?post=33404"}],"curies":[{"name":"wp","href":"https:\/\/api.w.org\/{rel}","templated":true}]}}