{"id":33684,"date":"2025-03-12T13:56:03","date_gmt":"2025-03-12T12:56:03","guid":{"rendered":"https:\/\/greenkingdom.ch\/?post_type=product&#038;p=33684"},"modified":"2025-03-12T13:58:46","modified_gmt":"2025-03-12T12:58:46","slug":"ona-misting-dome","status":"publish","type":"product","link":"https:\/\/greenkingdom.ch\/de\/produkt\/ona-misting-dome\/","title":{"rendered":"Ona Misting Dome"},"content":{"rendered":"<p>D\u00e9couvrez le Ona Misting Dome, un vaporisateur innovant qui diffuse une brume parfum\u00e9e pour \u00e9liminer les mauvaises odeurs.<\/p>\n<p>Gr\u00e2ce \u00e0 son interface simple, tu peux choisir entre plusieurs cycles de brumisation (1, 3 ou 5 heures) ou un fonctionnement continu. Tu contr\u00f4les ainsi l\u2019intensit\u00e9 du parfum dans ton espace.<\/p>\n<p>Le Misting Dome transforme le liquide Ona en une brume fine qui se r\u00e9pand uniform\u00e9ment, cr\u00e9ant une atmosph\u00e8re fra\u00eeche et agr\u00e9able. C\u2019est l\u2019id\u00e9al pour purifier l\u2019air et rafra\u00eechir instantan\u00e9ment ta pi\u00e8ce.<\/p>\n<p>En plus de son efficacit\u00e9, il est aussi un \u00e9l\u00e9ment d\u00e9coratif. Choisis la couleur qui correspond \u00e0 ton style et ajoute une touche moderne \u00e0 ton int\u00e9rieur.<\/p>\n<p>Facile \u00e0 recharger avec le liquide Ona, il garantit une diffusion constante du parfum pour un air toujours frais.<\/p>\n<p>Offre \u00e0 ton int\u00e9rieur une exp\u00e9rience olfactive unique avec le Ona Misting Dome. Parfait pour ta maison ou ton bureau, il am\u00e9liore la qualit\u00e9 de l\u2019air et cr\u00e9e une ambiance agr\u00e9able.<\/p>\n<p>Contenu :<br \/>\n1x Misting Dome<br \/>\n1x alimentation \u00e9lectrique<\/p>\n","protected":false},"excerpt":{"rendered":"<p>D\u00e9couvrez le Ona Misting Dome, un vaporisateur innovant qui diffuse une brume parfum\u00e9e pour \u00e9liminer les mauvaises odeurs. Gr\u00e2ce \u00e0 son interface simple, tu peux choisir entre plusieurs cycles de brumisation (1, 3 ou 5 heures) ou un fonctionnement continu. Tu contr\u00f4les ainsi l\u2019intensit\u00e9 du parfum dans ton espace. Le Misting Dome transforme le liquide [&hellip;]<\/p>\n","protected":false},"featured_media":33688,"comment_status":"open","ping_status":"closed","template":"","meta":{"_seopress_robots_primary_cat":"none","_seopress_titles_title":"Ona Misting Dome - Green Kingdom","_seopress_titles_desc":"Offre \u00e0 ton int\u00e9rieur une exp\u00e9rience olfactive unique avec le Ona Misting Dome.","_seopress_robots_index":""},"product_brand":[],"product_cat":[787],"product_tag":[],"class_list":{"0":"post-33684","1":"product","2":"type-product","3":"status-publish","4":"has-post-thumbnail","6":"product_cat-riecht","9":"instock","10":"taxable","11":"shipping-taxable","12":"purchasable","13":"product-type-simple","14":"product-grid-view"},"_links":{"self":[{"href":"https:\/\/greenkingdom.ch\/de\/wp-json\/wp\/v2\/product\/33684","targetHints":{"allow":["GET"]}}],"collection":[{"href":"https:\/\/greenkingdom.ch\/de\/wp-json\/wp\/v2\/product"}],"about":[{"href":"https:\/\/greenkingdom.ch\/de\/wp-json\/wp\/v2\/types\/product"}],"replies":[{"embeddable":true,"href":"https:\/\/greenkingdom.ch\/de\/wp-json\/wp\/v2\/comments?post=33684"}],"version-history":[{"count":1,"href":"https:\/\/greenkingdom.ch\/de\/wp-json\/wp\/v2\/product\/33684\/revisions"}],"predecessor-version":[{"id":33691,"href":"https:\/\/greenkingdom.ch\/de\/wp-json\/wp\/v2\/product\/33684\/revisions\/33691"}],"wp:featuredmedia":[{"embeddable":true,"href":"https:\/\/greenkingdom.ch\/de\/wp-json\/wp\/v2\/media\/33688"}],"wp:attachment":[{"href":"https:\/\/greenkingdom.ch\/de\/wp-json\/wp\/v2\/media?parent=33684"}],"wp:term":[{"taxonomy":"product_brand","embeddable":true,"href":"https:\/\/greenkingdom.ch\/de\/wp-json\/wp\/v2\/product_brand?post=33684"},{"taxonomy":"product_cat","embeddable":true,"href":"https:\/\/greenkingdom.ch\/de\/wp-json\/wp\/v2\/product_cat?post=33684"},{"taxonomy":"product_tag","embeddable":true,"href":"https:\/\/greenkingdom.ch\/de\/wp-json\/wp\/v2\/product_tag?post=33684"}],"curies":[{"name":"wp","href":"https:\/\/api.w.org\/{rel}","templated":true}]}}