{"id":33863,"date":"2025-03-12T14:49:31","date_gmt":"2025-03-12T13:49:31","guid":{"rendered":"https:\/\/greenkingdom.ch\/?post_type=product&#038;p=33863"},"modified":"2025-03-12T14:51:45","modified_gmt":"2025-03-12T13:51:45","slug":"ona-spray-fresh-linen","status":"publish","type":"product","link":"https:\/\/greenkingdom.ch\/de\/produkt\/ona-spray-fresh-linen\/","title":{"rendered":"ONA Spray Fresh Linen 250ml"},"content":{"rendered":"<p>Le spray ONA est un puissant neutralisant d&#8217;odeurs, contenu dans un flacon pratique de 250 ml. Id\u00e9al pour \u00e9liminer efficacement les mauvaises odeurs, il est particuli\u00e8rement utile dans des environnements o\u00f9 des odeurs persistantes sont pr\u00e9sentes, comme dans les foyers avec des fumeurs, des animaux domestiques ou des zones de d\u00e9chets.<\/p>\n<p>Contrairement \u00e0 d&#8217;autres produits qui se contentent de masquer les odeurs, le spray ONA les neutralise r\u00e9ellement. Sa formule sp\u00e9ciale attaque les mol\u00e9cules responsables des mauvaises odeurs et les \u00e9limine, laissant place \u00e0 un parfum frais et agr\u00e9able.<\/p>\n<p>Facile \u00e0 utiliser, il suffit de vaporiser le produit dans les zones o\u00f9 les odeurs se font sentir pour obtenir un air plus pur. Avec 250 ml de solution, le spray ONA offre une grande autonomie, vous permettant de profiter d\u2019un environnement frais et propre pendant longtemps.<\/p>\n<p>Le spray ONA est la solution id\u00e9ale pour ceux qui recherchent une \u00e9limination rapide et durable des mauvaises odeurs dans n&#8217;importe quelle pi\u00e8ce.<\/p>\n","protected":false},"excerpt":{"rendered":"<p>Le spray ONA est un puissant neutralisant d&#8217;odeurs, contenu dans un flacon pratique de 250 ml. Id\u00e9al pour \u00e9liminer efficacement les mauvaises odeurs, il est particuli\u00e8rement utile dans des environnements o\u00f9 des odeurs persistantes sont pr\u00e9sentes, comme dans les foyers avec des fumeurs, des animaux domestiques ou des zones de d\u00e9chets. Contrairement \u00e0 d&#8217;autres produits [&hellip;]<\/p>\n","protected":false},"featured_media":33879,"comment_status":"open","ping_status":"closed","template":"","meta":{"_seopress_robots_primary_cat":"none","_seopress_titles_title":"ONA Spray Fresh Linen (250ml) - Green Kingdom","_seopress_titles_desc":"Le spray ONA est la solution id\u00e9ale pour ceux qui recherchent une \u00e9limination rapide et durable des mauvaises odeurs dans n'importe quelle pi\u00e8ce.","_seopress_robots_index":""},"product_brand":[],"product_cat":[787],"product_tag":[],"class_list":{"0":"post-33863","1":"product","2":"type-product","3":"status-publish","4":"has-post-thumbnail","6":"product_cat-riecht","9":"instock","10":"taxable","11":"shipping-taxable","12":"purchasable","13":"product-type-simple","14":"product-grid-view"},"_links":{"self":[{"href":"https:\/\/greenkingdom.ch\/de\/wp-json\/wp\/v2\/product\/33863","targetHints":{"allow":["GET"]}}],"collection":[{"href":"https:\/\/greenkingdom.ch\/de\/wp-json\/wp\/v2\/product"}],"about":[{"href":"https:\/\/greenkingdom.ch\/de\/wp-json\/wp\/v2\/types\/product"}],"replies":[{"embeddable":true,"href":"https:\/\/greenkingdom.ch\/de\/wp-json\/wp\/v2\/comments?post=33863"}],"version-history":[{"count":2,"href":"https:\/\/greenkingdom.ch\/de\/wp-json\/wp\/v2\/product\/33863\/revisions"}],"predecessor-version":[{"id":33885,"href":"https:\/\/greenkingdom.ch\/de\/wp-json\/wp\/v2\/product\/33863\/revisions\/33885"}],"wp:featuredmedia":[{"embeddable":true,"href":"https:\/\/greenkingdom.ch\/de\/wp-json\/wp\/v2\/media\/33879"}],"wp:attachment":[{"href":"https:\/\/greenkingdom.ch\/de\/wp-json\/wp\/v2\/media?parent=33863"}],"wp:term":[{"taxonomy":"product_brand","embeddable":true,"href":"https:\/\/greenkingdom.ch\/de\/wp-json\/wp\/v2\/product_brand?post=33863"},{"taxonomy":"product_cat","embeddable":true,"href":"https:\/\/greenkingdom.ch\/de\/wp-json\/wp\/v2\/product_cat?post=33863"},{"taxonomy":"product_tag","embeddable":true,"href":"https:\/\/greenkingdom.ch\/de\/wp-json\/wp\/v2\/product_tag?post=33863"}],"curies":[{"name":"wp","href":"https:\/\/api.w.org\/{rel}","templated":true}]}}