{"id":34100,"date":"2025-03-12T15:29:39","date_gmt":"2025-03-12T14:29:39","guid":{"rendered":"https:\/\/greenkingdom.ch\/?post_type=product&#038;p=34100"},"modified":"2025-03-12T15:32:05","modified_gmt":"2025-03-12T14:32:05","slug":"ona-gel-apple-crumble-1l","status":"publish","type":"product","link":"https:\/\/greenkingdom.ch\/de\/produkt\/ona-gel-apple-crumble-1l\/","title":{"rendered":"ONA Gel Apple Crumble 1L"},"content":{"rendered":"<p>Le gel ONA est l&#8217;un des produits les plus populaires pour la neutralisation des mauvaises odeurs, con\u00e7u \u00e0 partir d&#8217;un m\u00e9lange parfait de liquide ONA et d&#8217;\u00e9l\u00e9ments de suspension sp\u00e9ciaux. Ce gel garantit une lib\u00e9ration contr\u00f4l\u00e9e et uniforme des agents neutralisants, assurant ainsi un effet durable et une diffusion optimale des odeurs. Gr\u00e2ce \u00e0 sa formulation unique, il \u00e9limine de mani\u00e8re fiable et efficace les mauvaises odeurs, tout en offrant une utilisation simple et pratique.<\/p>\n<p>Il suffit d&#8217;ouvrir le couvercle et de placer le gel \u00e0 l&#8217;endroit o\u00f9 les odeurs se manifestent. Pour des espaces plus grands, des trous peuvent \u00eatre perc\u00e9s dans le couvercle, ou un distributeur comme l&#8217;ONA Breeze peut \u00eatre utilis\u00e9 pour une diffusion plus large.<\/p>\n<p>Le gel ONA est disponible en diff\u00e9rentes tailles pour r\u00e9pondre \u00e0 divers besoins : un seau de 500 ml (400 g) pour les petites zones comme la voiture, un seau de 1 litre (732 g) pour une utilisation g\u00e9n\u00e9rale, et un seau de 4 litres (3,8 kg) pour les grands espaces, qui peut \u00eatre utilis\u00e9 avec le ventilateur ONA Breeze. Il est propos\u00e9 dans plusieurs parfums, dont PRO, Fresh Linen et Apple Crumble, pour convenir \u00e0 tous les go\u00fbts et types d&#8217;environnements.<\/p>\n<p>Ce gel offre une neutralisation des odeurs efficace et durable, tout en restant facile \u00e0 utiliser, quel que soit l&#8217;espace \u00e0 traiter.<\/p>\n","protected":false},"excerpt":{"rendered":"<p>Le gel ONA est l&#8217;un des produits les plus populaires pour la neutralisation des mauvaises odeurs, con\u00e7u \u00e0 partir d&#8217;un m\u00e9lange parfait de liquide ONA et d&#8217;\u00e9l\u00e9ments de suspension sp\u00e9ciaux. Ce gel garantit une lib\u00e9ration contr\u00f4l\u00e9e et uniforme des agents neutralisants, assurant ainsi un effet durable et une diffusion optimale des odeurs. Gr\u00e2ce \u00e0 sa [&hellip;]<\/p>\n","protected":false},"featured_media":34072,"comment_status":"open","ping_status":"closed","template":"","meta":{"_seopress_robots_primary_cat":"none","_seopress_titles_title":"ONA Gel Apple Crumble (1L) - Green Kingdom","_seopress_titles_desc":"Ce gel offre une neutralisation des odeurs efficace et durable, tout en restant facile \u00e0 utiliser, quel que soit l'espace \u00e0 traiter.","_seopress_robots_index":""},"product_brand":[],"product_cat":[787],"product_tag":[],"class_list":{"0":"post-34100","1":"product","2":"type-product","3":"status-publish","4":"has-post-thumbnail","6":"product_cat-riecht","9":"instock","10":"taxable","11":"shipping-taxable","12":"purchasable","13":"product-type-simple","14":"product-grid-view"},"_links":{"self":[{"href":"https:\/\/greenkingdom.ch\/de\/wp-json\/wp\/v2\/product\/34100","targetHints":{"allow":["GET"]}}],"collection":[{"href":"https:\/\/greenkingdom.ch\/de\/wp-json\/wp\/v2\/product"}],"about":[{"href":"https:\/\/greenkingdom.ch\/de\/wp-json\/wp\/v2\/types\/product"}],"replies":[{"embeddable":true,"href":"https:\/\/greenkingdom.ch\/de\/wp-json\/wp\/v2\/comments?post=34100"}],"version-history":[{"count":1,"href":"https:\/\/greenkingdom.ch\/de\/wp-json\/wp\/v2\/product\/34100\/revisions"}],"predecessor-version":[{"id":34119,"href":"https:\/\/greenkingdom.ch\/de\/wp-json\/wp\/v2\/product\/34100\/revisions\/34119"}],"wp:featuredmedia":[{"embeddable":true,"href":"https:\/\/greenkingdom.ch\/de\/wp-json\/wp\/v2\/media\/34072"}],"wp:attachment":[{"href":"https:\/\/greenkingdom.ch\/de\/wp-json\/wp\/v2\/media?parent=34100"}],"wp:term":[{"taxonomy":"product_brand","embeddable":true,"href":"https:\/\/greenkingdom.ch\/de\/wp-json\/wp\/v2\/product_brand?post=34100"},{"taxonomy":"product_cat","embeddable":true,"href":"https:\/\/greenkingdom.ch\/de\/wp-json\/wp\/v2\/product_cat?post=34100"},{"taxonomy":"product_tag","embeddable":true,"href":"https:\/\/greenkingdom.ch\/de\/wp-json\/wp\/v2\/product_tag?post=34100"}],"curies":[{"name":"wp","href":"https:\/\/api.w.org\/{rel}","templated":true}]}}