{"id":34452,"date":"2025-03-12T17:48:47","date_gmt":"2025-03-12T16:48:47","guid":{"rendered":"https:\/\/greenkingdom.ch\/?post_type=product&#038;p=34452"},"modified":"2025-03-12T17:50:24","modified_gmt":"2025-03-12T16:50:24","slug":"sanlight-cable-de-raccordement-q1-series","status":"publish","type":"product","link":"https:\/\/greenkingdom.ch\/de\/produkt\/sanlight-cable-de-raccordement-q1-series\/","title":{"rendered":"Sanlight C\u00e2ble de raccordement Q1-Series"},"content":{"rendered":"<p>Le c\u00e2ble de raccordement pour la s\u00e9rie Sanlight Q est con\u00e7u pour connecter facilement vos luminaires Sanlight Q-Series, garantissant ainsi une installation simple et rapide. Ce c\u00e2ble de haute qualit\u00e9 assure une connexion fiable entre vos diff\u00e9rents modules d&#8217;\u00e9clairage, permettant une diffusion uniforme et optimale de la lumi\u00e8re dans votre espace de culture. Indispensable pour tirer pleinement parti de la performance des syst\u00e8mes d&#8217;\u00e9clairage Sanlight Q-Series, il est con\u00e7u pour offrir s\u00e9curit\u00e9 et efficacit\u00e9.<\/p>\n","protected":false},"excerpt":{"rendered":"<p>Le c\u00e2ble de raccordement pour la s\u00e9rie Sanlight Q est con\u00e7u pour connecter facilement vos luminaires Sanlight Q-Series, garantissant ainsi une installation simple et rapide. Ce c\u00e2ble de haute qualit\u00e9 assure une connexion fiable entre vos diff\u00e9rents modules d&#8217;\u00e9clairage, permettant une diffusion uniforme et optimale de la lumi\u00e8re dans votre espace de culture. Indispensable pour [&hellip;]<\/p>\n","protected":false},"featured_media":34456,"comment_status":"open","ping_status":"closed","template":"","meta":{"_seopress_robots_primary_cat":"none","_seopress_titles_title":"Sanlight C\u00e2ble de raccordement Q1-Series - Green Kingdom","_seopress_titles_desc":"Le c\u00e2ble de raccordement pour la s\u00e9rie Sanlight Q est con\u00e7u pour connecter facilement vos luminaires Sanlight Q-Series, garantissant ainsi une installation simple et rapide.","_seopress_robots_index":""},"product_brand":[],"product_cat":[559],"product_tag":[],"class_list":{"0":"post-34452","1":"product","2":"type-product","3":"status-publish","4":"has-post-thumbnail","6":"product_cat-led-de","9":"instock","10":"taxable","11":"shipping-taxable","12":"purchasable","13":"product-type-simple","14":"product-grid-view"},"_links":{"self":[{"href":"https:\/\/greenkingdom.ch\/de\/wp-json\/wp\/v2\/product\/34452","targetHints":{"allow":["GET"]}}],"collection":[{"href":"https:\/\/greenkingdom.ch\/de\/wp-json\/wp\/v2\/product"}],"about":[{"href":"https:\/\/greenkingdom.ch\/de\/wp-json\/wp\/v2\/types\/product"}],"replies":[{"embeddable":true,"href":"https:\/\/greenkingdom.ch\/de\/wp-json\/wp\/v2\/comments?post=34452"}],"version-history":[{"count":1,"href":"https:\/\/greenkingdom.ch\/de\/wp-json\/wp\/v2\/product\/34452\/revisions"}],"predecessor-version":[{"id":34459,"href":"https:\/\/greenkingdom.ch\/de\/wp-json\/wp\/v2\/product\/34452\/revisions\/34459"}],"wp:featuredmedia":[{"embeddable":true,"href":"https:\/\/greenkingdom.ch\/de\/wp-json\/wp\/v2\/media\/34456"}],"wp:attachment":[{"href":"https:\/\/greenkingdom.ch\/de\/wp-json\/wp\/v2\/media?parent=34452"}],"wp:term":[{"taxonomy":"product_brand","embeddable":true,"href":"https:\/\/greenkingdom.ch\/de\/wp-json\/wp\/v2\/product_brand?post=34452"},{"taxonomy":"product_cat","embeddable":true,"href":"https:\/\/greenkingdom.ch\/de\/wp-json\/wp\/v2\/product_cat?post=34452"},{"taxonomy":"product_tag","embeddable":true,"href":"https:\/\/greenkingdom.ch\/de\/wp-json\/wp\/v2\/product_tag?post=34452"}],"curies":[{"name":"wp","href":"https:\/\/api.w.org\/{rel}","templated":true}]}}