{"id":34597,"date":"2025-03-12T18:35:43","date_gmt":"2025-03-12T17:35:43","guid":{"rendered":"https:\/\/greenkingdom.ch\/?post_type=product&#038;p=34597"},"modified":"2025-03-12T18:38:08","modified_gmt":"2025-03-12T17:38:08","slug":"sanlight-magnet-dimmer-evo","status":"publish","type":"product","link":"https:\/\/greenkingdom.ch\/de\/produkt\/sanlight-magnet-dimmer-evo\/","title":{"rendered":"Sanlight Magnet Dimmer EVO"},"content":{"rendered":"<p>Le <strong>Sanlight Magnet Dimmer EVO<\/strong> est un gradateur magn\u00e9tique con\u00e7u sp\u00e9cifiquement pour la s\u00e9rie Sanlight EVO. Il permet de contr\u00f4ler l&#8217;intensit\u00e9 lumineuse des luminaires de mani\u00e8re simple et efficace. Ce gradateur fonctionne dans une plage de temp\u00e9rature allant de <strong>0 \u00e0 70\u00b0C<\/strong> et est aliment\u00e9 en <strong>12V DC<\/strong> via la lampe LED, avec une consommation maximale de <strong>20 mA<\/strong>.<\/p>\n<p>Il offre <strong>quatre r\u00e9glages de luminosit\u00e9 diff\u00e9rents<\/strong> : 100 %, 80 %, 60 % et 40 %, vous permettant ainsi d&#8217;ajuster l&#8217;intensit\u00e9 lumineuse en fonction de vos besoins. Le Sanlight Magnet Dimmer EVO est exclusivement compatible avec la s\u00e9rie Sanlight EVO et ne doit en aucun cas \u00eatre connect\u00e9 \u00e0 une tension de <strong>230V AC<\/strong>, car cela pourrait endommager le dispositif. Ce gradateur magn\u00e9tique est une solution simple et fiable pour ajuster l&#8217;\u00e9clairage selon vos pr\u00e9f\u00e9rences.<\/p>\n","protected":false},"excerpt":{"rendered":"<p>Le Sanlight Magnet Dimmer EVO est un gradateur magn\u00e9tique con\u00e7u sp\u00e9cifiquement pour la s\u00e9rie Sanlight EVO. Il permet de contr\u00f4ler l&#8217;intensit\u00e9 lumineuse des luminaires de mani\u00e8re simple et efficace. Ce gradateur fonctionne dans une plage de temp\u00e9rature allant de 0 \u00e0 70\u00b0C et est aliment\u00e9 en 12V DC via la lampe LED, avec une consommation [&hellip;]<\/p>\n","protected":false},"featured_media":34589,"comment_status":"open","ping_status":"closed","template":"","meta":{"_seopress_robots_primary_cat":"none","_seopress_titles_title":"Sanlight Magnet Dimmer EVO - Green Kingdom","_seopress_titles_desc":"Le Sanlight Magnet Dimmer EVO est un gradateur magn\u00e9tique con\u00e7u sp\u00e9cifiquement contr\u00f4ler l'intensit\u00e9 lumineuse des luminaires de mani\u00e8re simple et efficace.","_seopress_robots_index":""},"product_brand":[],"product_cat":[559],"product_tag":[],"class_list":{"0":"post-34597","1":"product","2":"type-product","3":"status-publish","4":"has-post-thumbnail","6":"product_cat-led-de","9":"instock","10":"taxable","11":"shipping-taxable","12":"purchasable","13":"product-type-simple","14":"product-grid-view"},"_links":{"self":[{"href":"https:\/\/greenkingdom.ch\/de\/wp-json\/wp\/v2\/product\/34597","targetHints":{"allow":["GET"]}}],"collection":[{"href":"https:\/\/greenkingdom.ch\/de\/wp-json\/wp\/v2\/product"}],"about":[{"href":"https:\/\/greenkingdom.ch\/de\/wp-json\/wp\/v2\/types\/product"}],"replies":[{"embeddable":true,"href":"https:\/\/greenkingdom.ch\/de\/wp-json\/wp\/v2\/comments?post=34597"}],"version-history":[{"count":1,"href":"https:\/\/greenkingdom.ch\/de\/wp-json\/wp\/v2\/product\/34597\/revisions"}],"predecessor-version":[{"id":34600,"href":"https:\/\/greenkingdom.ch\/de\/wp-json\/wp\/v2\/product\/34597\/revisions\/34600"}],"wp:featuredmedia":[{"embeddable":true,"href":"https:\/\/greenkingdom.ch\/de\/wp-json\/wp\/v2\/media\/34589"}],"wp:attachment":[{"href":"https:\/\/greenkingdom.ch\/de\/wp-json\/wp\/v2\/media?parent=34597"}],"wp:term":[{"taxonomy":"product_brand","embeddable":true,"href":"https:\/\/greenkingdom.ch\/de\/wp-json\/wp\/v2\/product_brand?post=34597"},{"taxonomy":"product_cat","embeddable":true,"href":"https:\/\/greenkingdom.ch\/de\/wp-json\/wp\/v2\/product_cat?post=34597"},{"taxonomy":"product_tag","embeddable":true,"href":"https:\/\/greenkingdom.ch\/de\/wp-json\/wp\/v2\/product_tag?post=34597"}],"curies":[{"name":"wp","href":"https:\/\/api.w.org\/{rel}","templated":true}]}}