{"id":34605,"date":"2025-03-12T18:42:31","date_gmt":"2025-03-12T17:42:31","guid":{"rendered":"https:\/\/greenkingdom.ch\/?post_type=product&#038;p=34605"},"modified":"2025-03-12T18:46:21","modified_gmt":"2025-03-12T17:46:21","slug":"sanlight-q-block-power-distribution","status":"publish","type":"product","link":"https:\/\/greenkingdom.ch\/de\/produkt\/sanlight-q-block-power-distribution\/","title":{"rendered":"Sanlight Q-Block Power Distribution"},"content":{"rendered":"<p>Le <strong>Q-Block Power Distribution<\/strong> de <strong>Sanlight<\/strong> est un dispositif con\u00e7u pour faciliter l&#8217;interconnexion de plusieurs luminaires Sanlight. Il permet de connecter plusieurs unit\u00e9s de mani\u00e8re simple et rapide, garantissant ainsi une installation sans tracas. Ce produit est compatible avec les s\u00e9ries <strong>EVO<\/strong> et <strong>Q-Gen2<\/strong> de Sanlight, offrant ainsi une flexibilit\u00e9 maximale pour adapter ton syst\u00e8me d&#8217;\u00e9clairage \u00e0 tes besoins. Que ce soit pour des installations \u00e0 grande \u00e9chelle ou pour une configuration plus compacte, le Q-Block Power Distribution te permet d&#8217;assurer une gestion efficace et fiable de l&#8217;alimentation \u00e9lectrique de tes luminaires.<\/p>\n","protected":false},"excerpt":{"rendered":"<p>Le Q-Block Power Distribution de Sanlight est un dispositif con\u00e7u pour faciliter l&#8217;interconnexion de plusieurs luminaires Sanlight. Il permet de connecter plusieurs unit\u00e9s de mani\u00e8re simple et rapide, garantissant ainsi une installation sans tracas. Ce produit est compatible avec les s\u00e9ries EVO et Q-Gen2 de Sanlight, offrant ainsi une flexibilit\u00e9 maximale pour adapter ton syst\u00e8me [&hellip;]<\/p>\n","protected":false},"featured_media":34613,"comment_status":"open","ping_status":"closed","template":"","meta":{"_seopress_robots_primary_cat":"none","_seopress_titles_title":"Sanlight Q-Block Power Distribution - Green Kingdom","_seopress_titles_desc":"Le Q-Block Power Distribution te permet d'assurer une gestion efficace et fiable de l'alimentation \u00e9lectrique de tes luminaires.","_seopress_robots_index":""},"product_brand":[],"product_cat":[559],"product_tag":[],"class_list":{"0":"post-34605","1":"product","2":"type-product","3":"status-publish","4":"has-post-thumbnail","6":"product_cat-led-de","9":"instock","10":"taxable","11":"shipping-taxable","12":"purchasable","13":"product-type-simple","14":"product-grid-view"},"_links":{"self":[{"href":"https:\/\/greenkingdom.ch\/de\/wp-json\/wp\/v2\/product\/34605","targetHints":{"allow":["GET"]}}],"collection":[{"href":"https:\/\/greenkingdom.ch\/de\/wp-json\/wp\/v2\/product"}],"about":[{"href":"https:\/\/greenkingdom.ch\/de\/wp-json\/wp\/v2\/types\/product"}],"replies":[{"embeddable":true,"href":"https:\/\/greenkingdom.ch\/de\/wp-json\/wp\/v2\/comments?post=34605"}],"version-history":[{"count":1,"href":"https:\/\/greenkingdom.ch\/de\/wp-json\/wp\/v2\/product\/34605\/revisions"}],"predecessor-version":[{"id":34616,"href":"https:\/\/greenkingdom.ch\/de\/wp-json\/wp\/v2\/product\/34605\/revisions\/34616"}],"wp:featuredmedia":[{"embeddable":true,"href":"https:\/\/greenkingdom.ch\/de\/wp-json\/wp\/v2\/media\/34613"}],"wp:attachment":[{"href":"https:\/\/greenkingdom.ch\/de\/wp-json\/wp\/v2\/media?parent=34605"}],"wp:term":[{"taxonomy":"product_brand","embeddable":true,"href":"https:\/\/greenkingdom.ch\/de\/wp-json\/wp\/v2\/product_brand?post=34605"},{"taxonomy":"product_cat","embeddable":true,"href":"https:\/\/greenkingdom.ch\/de\/wp-json\/wp\/v2\/product_cat?post=34605"},{"taxonomy":"product_tag","embeddable":true,"href":"https:\/\/greenkingdom.ch\/de\/wp-json\/wp\/v2\/product_tag?post=34605"}],"curies":[{"name":"wp","href":"https:\/\/api.w.org\/{rel}","templated":true}]}}