{"id":19685,"date":"2024-10-11T16:35:17","date_gmt":"2024-10-11T14:35:17","guid":{"rendered":"https:\/\/greenkingdom.ch\/product\/gitty-goff-slim-xl-filter-tips-6mm-box\/"},"modified":"2024-10-11T16:35:17","modified_gmt":"2024-10-11T14:35:17","slug":"gitty-goff-slim-xl-filter-tips-6mm-box","status":"publish","type":"product","link":"https:\/\/greenkingdom.ch\/en\/product\/gitty-goff-slim-xl-filter-tips-6mm-box\/","title":{"rendered":"Gitty &amp; G\u00f6ff Slim XL Filter Tips 6mm BOX"},"content":{"rendered":"<p>Discover the Gitty&amp;G\u00f6ff Slim XL Filter in a pack of 180 units, with 18 practical packages in one box. This filter is \u00f8 6 mm long and 22 mm long and guarantees you optimal filtration. EAN ID: 7446900032414.  <\/p>\n","protected":false},"excerpt":{"rendered":"<p>Discover the Gitty&amp;G\u00f6ff Slim XL Filter in a pack of 180 units, with 18 practical packages in one box. This filter is \u00f8 6 mm long and 22 mm long and guarantees you optimal filtration. EAN ID: 7446900032414.<\/p>\n","protected":false},"featured_media":7728,"comment_status":"open","ping_status":"closed","template":"","meta":{"_seopress_robots_primary_cat":"","_seopress_titles_title":"","_seopress_titles_desc":"","_seopress_robots_index":""},"product_brand":[],"product_cat":[657],"product_tag":[],"class_list":{"0":"post-19685","1":"product","2":"type-product","3":"status-publish","4":"has-post-thumbnail","6":"product_cat-filters","9":"instock","10":"taxable","11":"shipping-taxable","12":"purchasable","13":"product-type-simple","14":"product-grid-view"},"_links":{"self":[{"href":"https:\/\/greenkingdom.ch\/en\/wp-json\/wp\/v2\/product\/19685","targetHints":{"allow":["GET"]}}],"collection":[{"href":"https:\/\/greenkingdom.ch\/en\/wp-json\/wp\/v2\/product"}],"about":[{"href":"https:\/\/greenkingdom.ch\/en\/wp-json\/wp\/v2\/types\/product"}],"replies":[{"embeddable":true,"href":"https:\/\/greenkingdom.ch\/en\/wp-json\/wp\/v2\/comments?post=19685"}],"version-history":[{"count":0,"href":"https:\/\/greenkingdom.ch\/en\/wp-json\/wp\/v2\/product\/19685\/revisions"}],"wp:featuredmedia":[{"embeddable":true,"href":"https:\/\/greenkingdom.ch\/en\/wp-json\/wp\/v2\/media\/7728"}],"wp:attachment":[{"href":"https:\/\/greenkingdom.ch\/en\/wp-json\/wp\/v2\/media?parent=19685"}],"wp:term":[{"taxonomy":"product_brand","embeddable":true,"href":"https:\/\/greenkingdom.ch\/en\/wp-json\/wp\/v2\/product_brand?post=19685"},{"taxonomy":"product_cat","embeddable":true,"href":"https:\/\/greenkingdom.ch\/en\/wp-json\/wp\/v2\/product_cat?post=19685"},{"taxonomy":"product_tag","embeddable":true,"href":"https:\/\/greenkingdom.ch\/en\/wp-json\/wp\/v2\/product_tag?post=19685"}],"curies":[{"name":"wp","href":"https:\/\/api.w.org\/{rel}","templated":true}]}}