{"id":21724,"date":"2024-12-07T11:04:33","date_gmt":"2024-12-07T10:04:33","guid":{"rendered":"https:\/\/greenkingdom.ch\/?post_type=product&#038;p=21724"},"modified":"2024-12-07T11:06:31","modified_gmt":"2024-12-07T10:06:31","slug":"biobizz-fish-mix-5l-2","status":"publish","type":"product","link":"https:\/\/greenkingdom.ch\/en\/product\/biobizz-fish-mix-5l-2\/","title":{"rendered":"BioBizz Fish Mix 5L"},"content":{"rendered":"<p>Cette infusion luxuriante d&#8217;une \u00e9mulsion de poisson biologique de la mer du Nord associ\u00e9e \u00e0 un extrait de betterave \u00e0 sucre des Pays-Bas dynamise la croissance de tous les organismes pr\u00e9sents dans le substrat. Elle favorise \u00e9galement la production de microorganismes et de bact\u00e9ries b\u00e9n\u00e9fiques dans tous les types de sols et de substrats \u00e0 base de coco. De plus, il est \u00e0 noter que Fish\u00b7Mix, conforme \u00e0 nos stricts crit\u00e8res d&#8217;agriculture biologique, n&#8217;est ni extrait avec des acides ni stabilis\u00e9 avec de l&#8217;hydroxytolu\u00e8ne butyl\u00e9 (BHT), un conservateur synth\u00e9tique.<\/p>\n<p>Vous pouvez appliquer Fish\u00b7Mix sur toutes les plantes en ext\u00e9rieur d\u00e8s les premi\u00e8res phases de croissance, puis durant la floraison jusqu&#8217;\u00e0 la r\u00e9colte. Apr\u00e8s seulement quelques jours d&#8217;utilisation, il transformera un sol appauvri en un substrat riche et nourrissant, abondant en min\u00e9raux naturels essentiels \u00e0 vos plantes. Assez doux pour \u00eatre utilis\u00e9 au d\u00e9but de la vie des plantes ou vaporis\u00e9 directement sur les feuilles pendant la phase de croissance v\u00e9g\u00e9tative.<\/p>\n<p>Pour une association optimale avec All\u00b7Mix, nous recommandons une dose de 1 ml de Fish\u00b7Mix par litre d&#8217;eau. Avec Light\u00b7Mix, optez pour une dose plus \u00e9lev\u00e9e, de 2 \u00e0 4 ml par litre d&#8217;eau. Consultez notre tableau de nutrition sur l&#8217;emballage du produit pour des r\u00e9sultats optimaux.<\/p>\n<p>Code EAN : 8718403231298<\/p>\n","protected":false},"excerpt":{"rendered":"<p>Cette infusion luxuriante d&#8217;une \u00e9mulsion de poisson biologique de la mer du Nord associ\u00e9e \u00e0 un extrait de betterave \u00e0 sucre des Pays-Bas dynamise la croissance de tous les organismes pr\u00e9sents dans le substrat. Elle favorise \u00e9galement la production de microorganismes et de bact\u00e9ries b\u00e9n\u00e9fiques dans tous les types de sols et de substrats \u00e0 [&hellip;]<\/p>\n","protected":false},"featured_media":21732,"comment_status":"open","ping_status":"closed","template":"","meta":{"_seopress_robots_primary_cat":"none","_seopress_titles_title":"BioBizz Fish Mix (5L) - Green Kingdom","_seopress_titles_desc":"Cette infusion luxuriante d'une \u00e9mulsion de poisson biologique de la mer du Nord associ\u00e9e \u00e0 un extrait de betterave \u00e0 sucre des Pays-Bas dynamise la croissance de tous les organismes pr\u00e9sents dans le substrat. Elle favorise \u00e9galement la production de microorganismes et de bact\u00e9ries b\u00e9n\u00e9fiques dans tous les types de sols et de substrats \u00e0 base de coco.","_seopress_robots_index":""},"product_brand":[],"product_cat":[506],"product_tag":[],"class_list":{"0":"post-21724","1":"product","2":"type-product","3":"status-publish","4":"has-post-thumbnail","6":"product_cat-biobizz","9":"instock","10":"taxable","11":"shipping-taxable","12":"purchasable","13":"product-type-simple","14":"product-grid-view"},"_links":{"self":[{"href":"https:\/\/greenkingdom.ch\/en\/wp-json\/wp\/v2\/product\/21724","targetHints":{"allow":["GET"]}}],"collection":[{"href":"https:\/\/greenkingdom.ch\/en\/wp-json\/wp\/v2\/product"}],"about":[{"href":"https:\/\/greenkingdom.ch\/en\/wp-json\/wp\/v2\/types\/product"}],"replies":[{"embeddable":true,"href":"https:\/\/greenkingdom.ch\/en\/wp-json\/wp\/v2\/comments?post=21724"}],"version-history":[{"count":1,"href":"https:\/\/greenkingdom.ch\/en\/wp-json\/wp\/v2\/product\/21724\/revisions"}],"predecessor-version":[{"id":21731,"href":"https:\/\/greenkingdom.ch\/en\/wp-json\/wp\/v2\/product\/21724\/revisions\/21731"}],"wp:featuredmedia":[{"embeddable":true,"href":"https:\/\/greenkingdom.ch\/en\/wp-json\/wp\/v2\/media\/21732"}],"wp:attachment":[{"href":"https:\/\/greenkingdom.ch\/en\/wp-json\/wp\/v2\/media?parent=21724"}],"wp:term":[{"taxonomy":"product_brand","embeddable":true,"href":"https:\/\/greenkingdom.ch\/en\/wp-json\/wp\/v2\/product_brand?post=21724"},{"taxonomy":"product_cat","embeddable":true,"href":"https:\/\/greenkingdom.ch\/en\/wp-json\/wp\/v2\/product_cat?post=21724"},{"taxonomy":"product_tag","embeddable":true,"href":"https:\/\/greenkingdom.ch\/en\/wp-json\/wp\/v2\/product_tag?post=21724"}],"curies":[{"name":"wp","href":"https:\/\/api.w.org\/{rel}","templated":true}]}}