{"id":22828,"date":"2024-12-18T13:16:52","date_gmt":"2024-12-18T12:16:52","guid":{"rendered":"https:\/\/greenkingdom.ch\/?post_type=product&#038;p=22828"},"modified":"2024-12-18T13:19:45","modified_gmt":"2024-12-18T12:19:45","slug":"pro-xl-bio-elements-boost-organic-250ml","status":"publish","type":"product","link":"https:\/\/greenkingdom.ch\/en\/product\/pro-xl-bio-elements-boost-organic-250ml\/","title":{"rendered":"Pro-XL Bio Elements Boost Organic 250ml"},"content":{"rendered":"<p><strong>PRO-XL Bio Element Boost (Bio) \u2013 Am\u00e9liorez l\u2019absorption des nutriments<\/strong><\/p>\n<p>Lorsque votre substrat manque de micro-\u00e9l\u00e9ments, la capacit\u00e9 de la plante \u00e0 assimiler efficacement les nutriments peut \u00eatre r\u00e9duite.<\/p>\n<p>Pro-XL a mis au point un proc\u00e9d\u00e9 unique permettant de s\u00e9parer les principes actifs des acides ind\u00e9sirables g\u00e9n\u00e9r\u00e9s lors de la fermentation, garantissant ainsi une meilleure efficacit\u00e9.<\/p>\n<ul>\n<li><strong>Qualit\u00e9 premium<\/strong><\/li>\n<li><strong>\u00c9quilibre parfait<\/strong><\/li>\n<li><strong>Formule concentr\u00e9e<\/strong><\/li>\n<\/ul>\n<p>La solution id\u00e9ale pour rem\u00e9dier \u00e0 ce probl\u00e8me fr\u00e9quent est l&#8217;ajout r\u00e9gulier de <strong>BIO ELEMENT BOOST<\/strong>. Ce m\u00e9lange de bio-stimulants essentiels doit \u00eatre appliqu\u00e9 une fois par semaine, favorisant ainsi une absorption optimale des nutriments par la plante.<\/p>\n","protected":false},"excerpt":{"rendered":"<p>PRO-XL Bio Element Boost (Bio) \u2013 Am\u00e9liorez l\u2019absorption des nutriments Lorsque votre substrat manque de micro-\u00e9l\u00e9ments, la capacit\u00e9 de la plante \u00e0 assimiler efficacement les nutriments peut \u00eatre r\u00e9duite. Pro-XL a mis au point un proc\u00e9d\u00e9 unique permettant de s\u00e9parer les principes actifs des acides ind\u00e9sirables g\u00e9n\u00e9r\u00e9s lors de la fermentation, garantissant ainsi une meilleure [&hellip;]<\/p>\n","protected":false},"featured_media":22818,"comment_status":"open","ping_status":"closed","template":"","meta":{"_seopress_robots_primary_cat":"none","_seopress_titles_title":"","_seopress_titles_desc":"","_seopress_robots_index":""},"product_brand":[],"product_cat":[689],"product_tag":[],"class_list":{"0":"post-22828","1":"product","2":"type-product","3":"status-publish","4":"has-post-thumbnail","6":"product_cat-pro-xl-en","9":"instock","10":"taxable","11":"shipping-taxable","12":"purchasable","13":"product-type-simple","14":"product-grid-view"},"_links":{"self":[{"href":"https:\/\/greenkingdom.ch\/en\/wp-json\/wp\/v2\/product\/22828","targetHints":{"allow":["GET"]}}],"collection":[{"href":"https:\/\/greenkingdom.ch\/en\/wp-json\/wp\/v2\/product"}],"about":[{"href":"https:\/\/greenkingdom.ch\/en\/wp-json\/wp\/v2\/types\/product"}],"replies":[{"embeddable":true,"href":"https:\/\/greenkingdom.ch\/en\/wp-json\/wp\/v2\/comments?post=22828"}],"version-history":[{"count":1,"href":"https:\/\/greenkingdom.ch\/en\/wp-json\/wp\/v2\/product\/22828\/revisions"}],"predecessor-version":[{"id":22840,"href":"https:\/\/greenkingdom.ch\/en\/wp-json\/wp\/v2\/product\/22828\/revisions\/22840"}],"wp:featuredmedia":[{"embeddable":true,"href":"https:\/\/greenkingdom.ch\/en\/wp-json\/wp\/v2\/media\/22818"}],"wp:attachment":[{"href":"https:\/\/greenkingdom.ch\/en\/wp-json\/wp\/v2\/media?parent=22828"}],"wp:term":[{"taxonomy":"product_brand","embeddable":true,"href":"https:\/\/greenkingdom.ch\/en\/wp-json\/wp\/v2\/product_brand?post=22828"},{"taxonomy":"product_cat","embeddable":true,"href":"https:\/\/greenkingdom.ch\/en\/wp-json\/wp\/v2\/product_cat?post=22828"},{"taxonomy":"product_tag","embeddable":true,"href":"https:\/\/greenkingdom.ch\/en\/wp-json\/wp\/v2\/product_tag?post=22828"}],"curies":[{"name":"wp","href":"https:\/\/api.w.org\/{rel}","templated":true}]}}