{"id":27741,"date":"2025-01-02T16:02:49","date_gmt":"2025-01-02T15:02:49","guid":{"rendered":"https:\/\/greenkingdom.ch\/product\/raw-classic-king-size-slim\/"},"modified":"2025-03-05T18:20:59","modified_gmt":"2025-03-05T17:20:59","slug":"raw-classic-king-size-slim","status":"publish","type":"product","link":"https:\/\/greenkingdom.ch\/en\/product\/raw-classic-king-size-slim\/","title":{"rendered":"Raw Classic King Size Slim"},"content":{"rendered":"<p>Le papier \u00e0 cigarettes RAW Classic Kingsize Slim est un incontournable dans le monde du tabac, et reste l&#8217;un des meilleurs papiers bruts disponibles. Son format optimis\u00e9 est parfait, offrant une exp\u00e9rience agr\u00e9able m\u00eame pour ceux qui sont moins exp\u00e9riment\u00e9s ou pr\u00e9f\u00e8rent une cigarette plus \u00e9paisse.<\/p>\n<p>Ce papier brut, non blanchi, est, selon nous, le meilleur dans sa cat\u00e9gorie. Sa conception unique, associ\u00e9e \u00e0 un filigrane int\u00e9gr\u00e9, assure une combustion lente et r\u00e9guli\u00e8re, tout en \u00e9tant inodore, pour une exp\u00e9rience de fumer de qualit\u00e9 sup\u00e9rieure.<\/p>\n<p>Le papier RAW est une innovation qui a rapidement fait sensation sur le march\u00e9. Sa transparence et sa teinte brun clair sont dues \u00e0 un processus de fabrication qui s\u2019arr\u00eate plus t\u00f4t que pour les papiers conventionnels, sans ajout de produits chimiques ou d&#8217;agents de blanchiment. Ainsi, les fibres conservent leur couleur naturelle.<\/p>\n<p>Chaque feuille est marqu\u00e9e du filigrane HBI CrissCross, une caract\u00e9ristique qui permet une combustion homog\u00e8ne et qui est devenue la signature du papier RAW.<\/p>\n<p>Il est fabriqu\u00e9 avec une colle sp\u00e9ciale sans bois, \u00e0 base de gomme de chanvre. Chaque paquet contient 32 feuilles, mesurant 108 mm de long pour 44 mm de large, offrant une exp\u00e9rience optimale \u00e0 chaque utilisation.<\/p>\n","protected":false},"excerpt":{"rendered":"<p>Le papier \u00e0 cigarettes RAW Classic Kingsize Slim est un incontournable dans le monde du tabac, et reste l&#8217;un des meilleurs papiers bruts disponibles. Son format optimis\u00e9 est parfait, offrant une exp\u00e9rience agr\u00e9able m\u00eame pour ceux qui sont moins exp\u00e9riment\u00e9s ou pr\u00e9f\u00e8rent une cigarette plus \u00e9paisse. Ce papier brut, non blanchi, est, selon nous, le [&hellip;]<\/p>\n","protected":false},"featured_media":27737,"comment_status":"open","ping_status":"closed","template":"","meta":{"_seopress_robots_primary_cat":"none","_seopress_titles_title":"Raw Classic King Size Slim - Green Kingdom","_seopress_titles_desc":"Son format optimis\u00e9 est parfait, offrant une exp\u00e9rience agr\u00e9able m\u00eame pour ceux qui sont moins exp\u00e9riment\u00e9s ou pr\u00e9f\u00e8rent une cigarette plus \u00e9paisse.","_seopress_robots_index":""},"product_brand":[],"product_cat":[654],"product_tag":[],"class_list":{"0":"post-27741","1":"product","2":"type-product","3":"status-publish","4":"has-post-thumbnail","6":"product_cat-rolling-papers","9":"instock","10":"taxable","11":"shipping-taxable","12":"purchasable","13":"product-type-simple","14":"product-grid-view"},"_links":{"self":[{"href":"https:\/\/greenkingdom.ch\/en\/wp-json\/wp\/v2\/product\/27741","targetHints":{"allow":["GET"]}}],"collection":[{"href":"https:\/\/greenkingdom.ch\/en\/wp-json\/wp\/v2\/product"}],"about":[{"href":"https:\/\/greenkingdom.ch\/en\/wp-json\/wp\/v2\/types\/product"}],"replies":[{"embeddable":true,"href":"https:\/\/greenkingdom.ch\/en\/wp-json\/wp\/v2\/comments?post=27741"}],"version-history":[{"count":1,"href":"https:\/\/greenkingdom.ch\/en\/wp-json\/wp\/v2\/product\/27741\/revisions"}],"predecessor-version":[{"id":27744,"href":"https:\/\/greenkingdom.ch\/en\/wp-json\/wp\/v2\/product\/27741\/revisions\/27744"}],"wp:featuredmedia":[{"embeddable":true,"href":"https:\/\/greenkingdom.ch\/en\/wp-json\/wp\/v2\/media\/27737"}],"wp:attachment":[{"href":"https:\/\/greenkingdom.ch\/en\/wp-json\/wp\/v2\/media?parent=27741"}],"wp:term":[{"taxonomy":"product_brand","embeddable":true,"href":"https:\/\/greenkingdom.ch\/en\/wp-json\/wp\/v2\/product_brand?post=27741"},{"taxonomy":"product_cat","embeddable":true,"href":"https:\/\/greenkingdom.ch\/en\/wp-json\/wp\/v2\/product_cat?post=27741"},{"taxonomy":"product_tag","embeddable":true,"href":"https:\/\/greenkingdom.ch\/en\/wp-json\/wp\/v2\/product_tag?post=27741"}],"curies":[{"name":"wp","href":"https:\/\/api.w.org\/{rel}","templated":true}]}}