{"id":27884,"date":"2025-01-02T16:52:47","date_gmt":"2025-01-02T15:52:47","guid":{"rendered":"https:\/\/greenkingdom.ch\/?post_type=product&#038;p=27884"},"modified":"2025-03-05T18:04:17","modified_gmt":"2025-03-05T17:04:17","slug":"raw-black-classic-rolls","status":"publish","type":"product","link":"https:\/\/greenkingdom.ch\/en\/product\/raw-black-classic-rolls\/","title":{"rendered":"Raw Black Classic Rolls 3m"},"content":{"rendered":"<p>Les <strong>RAW Black Classic Rolls<\/strong> sont un papier \u00e0 rouler ultra-fin, doublement press\u00e9, qui repr\u00e9sente le summum de la finesse dans la gamme RAW. Ce papier non blanchi est le plus fin jamais fabriqu\u00e9 par RAW, offrant une exp\u00e9rience de fumer pure et naturelle, sans alt\u00e9rer le go\u00fbt du tabac ou des terp\u00e8nes.<\/p>\n<p>Fabriqu\u00e9 \u00e0 la main dans la r\u00e9gion de <strong>Benimarfull<\/strong> en Espagne, le papier RAW Black b\u00e9n\u00e9ficie des conditions climatiques id\u00e9ales gr\u00e2ce aux <strong>vents secs de Valence<\/strong>, qui assurent un taux d&#8217;humidit\u00e9 optimal. Cela permet de maintenir la qualit\u00e9 du papier, garantissant une texture parfaite et une combustion lente et uniforme.<\/p>\n<p>Le papier RAW Black est enti\u00e8rement naturel, fabriqu\u00e9 \u00e0 partir de plantes sans additifs combustibles. Ce papier fin est con\u00e7u pour les fumeurs qui recherchent une exp\u00e9rience de haute qualit\u00e9, o\u00f9 chaque tirage reste pur et sans interf\u00e9rences. Il est le choix parfait pour ceux qui souhaitent explorer de nouvelles sensations de go\u00fbt, en permettant de savourer pleinement les terp\u00e8nes de leurs vari\u00e9t\u00e9s pr\u00e9f\u00e9r\u00e9es.<\/p>\n<p>En r\u00e9sum\u00e9, les <strong>RAW Black Classic Rolls<\/strong> offrent une exp\u00e9rience haut de gamme pour la nouvelle g\u00e9n\u00e9ration de fumeurs, avec un papier d&#8217;une finesse in\u00e9gal\u00e9e et un respect total du go\u00fbt naturel.<\/p>\n","protected":false},"excerpt":{"rendered":"<p>Les RAW Black Classic Rolls sont un papier \u00e0 rouler ultra-fin, doublement press\u00e9, qui repr\u00e9sente le summum de la finesse dans la gamme RAW. Ce papier non blanchi est le plus fin jamais fabriqu\u00e9 par RAW, offrant une exp\u00e9rience de fumer pure et naturelle, sans alt\u00e9rer le go\u00fbt du tabac ou des terp\u00e8nes. Fabriqu\u00e9 \u00e0 [&hellip;]<\/p>\n","protected":false},"featured_media":27888,"comment_status":"open","ping_status":"closed","template":"","meta":{"_seopress_robots_primary_cat":"none","_seopress_titles_title":"Raw Black Classic Rolls 3m - Green Kingdom","_seopress_titles_desc":"es RAW Black Classic Rolls offrent une exp\u00e9rience haut de gamme pour la nouvelle g\u00e9n\u00e9ration de fumeurs, avec un papier d'une finesse in\u00e9gal\u00e9e et un respect total du go\u00fbt naturel.","_seopress_robots_index":""},"product_brand":[],"product_cat":[654],"product_tag":[],"class_list":{"0":"post-27884","1":"product","2":"type-product","3":"status-publish","4":"has-post-thumbnail","6":"product_cat-rolling-papers","9":"instock","10":"taxable","11":"shipping-taxable","12":"purchasable","13":"product-type-simple","14":"product-grid-view"},"_links":{"self":[{"href":"https:\/\/greenkingdom.ch\/en\/wp-json\/wp\/v2\/product\/27884","targetHints":{"allow":["GET"]}}],"collection":[{"href":"https:\/\/greenkingdom.ch\/en\/wp-json\/wp\/v2\/product"}],"about":[{"href":"https:\/\/greenkingdom.ch\/en\/wp-json\/wp\/v2\/types\/product"}],"replies":[{"embeddable":true,"href":"https:\/\/greenkingdom.ch\/en\/wp-json\/wp\/v2\/comments?post=27884"}],"version-history":[{"count":2,"href":"https:\/\/greenkingdom.ch\/en\/wp-json\/wp\/v2\/product\/27884\/revisions"}],"predecessor-version":[{"id":27895,"href":"https:\/\/greenkingdom.ch\/en\/wp-json\/wp\/v2\/product\/27884\/revisions\/27895"}],"wp:featuredmedia":[{"embeddable":true,"href":"https:\/\/greenkingdom.ch\/en\/wp-json\/wp\/v2\/media\/27888"}],"wp:attachment":[{"href":"https:\/\/greenkingdom.ch\/en\/wp-json\/wp\/v2\/media?parent=27884"}],"wp:term":[{"taxonomy":"product_brand","embeddable":true,"href":"https:\/\/greenkingdom.ch\/en\/wp-json\/wp\/v2\/product_brand?post=27884"},{"taxonomy":"product_cat","embeddable":true,"href":"https:\/\/greenkingdom.ch\/en\/wp-json\/wp\/v2\/product_cat?post=27884"},{"taxonomy":"product_tag","embeddable":true,"href":"https:\/\/greenkingdom.ch\/en\/wp-json\/wp\/v2\/product_tag?post=27884"}],"curies":[{"name":"wp","href":"https:\/\/api.w.org\/{rel}","templated":true}]}}