{"id":27912,"date":"2025-01-02T16:59:21","date_gmt":"2025-01-02T15:59:21","guid":{"rendered":"https:\/\/greenkingdom.ch\/?post_type=product&#038;p=27912"},"modified":"2025-03-05T18:03:14","modified_gmt":"2025-03-05T17:03:14","slug":"raw-artesano","status":"publish","type":"product","link":"https:\/\/greenkingdom.ch\/en\/product\/raw-artesano\/","title":{"rendered":"Raw Artesano (Feuilles + Filtres + Mixtray)"},"content":{"rendered":"<p>Le <strong>RAW Artesano<\/strong> est l&#8217;emballage id\u00e9al pour ceux qui veulent avoir tout ce dont ils ont besoin pour rouler \u00e0 port\u00e9e de main, que ce soit \u00e0 la maison ou en d\u00e9placement. Ce paquet pratique contient non seulement des <strong>papiers \u00e0 rouler RAW Classic Kingsize Slim<\/strong>, mais aussi des <strong>embouts de filtre<\/strong> et un <strong>Ruschti d\u00e9pliable<\/strong>. Son design compact permet de le glisser facilement dans une poche, un sac ou une veste, afin que vous n&#8217;ayez plus \u00e0 chercher vos filtres ou vos papiers lorsque vous en avez besoin.<\/p>\n<p>Les <strong>papiers RAW Classic Kingsize Slim<\/strong> sont les premiers et parmi les meilleurs papiers non blanchis disponibles. Gr\u00e2ce \u00e0 leur largeur optimale, m\u00eame les fumeurs inexp\u00e9riment\u00e9s ou ceux qui pr\u00e9f\u00e8rent des cigarettes un peu plus \u00e9paisses appr\u00e9cieront leur utilisation. Leur structure sp\u00e9ciale et leur <strong>filigrane HBI CrissCross<\/strong> garantissent une combustion lente, uniforme et sans odeur, pour une exp\u00e9rience de fum\u00e9e agr\u00e9able.<\/p>\n<p>Le papier RAW se distingue par sa couleur naturelle brun clair et sa texture translucide, qui sont le r\u00e9sultat d&#8217;un processus de fabrication unique. Contrairement aux papiers classiques, le processus de production des papiers RAW est arr\u00eat\u00e9 plus t\u00f4t, ce qui \u00e9vite l&#8217;utilisation de produits chimiques ou d&#8217;agents de blanchiment. Cela permet aux fibres de conserver leur couleur brute et authentique, offrant ainsi un produit totalement naturel.<\/p>\n<p>Le <strong>filigrane HBI CrissCross<\/strong> pr\u00e9sent sur chaque feuille assure une combustion r\u00e9guli\u00e8re, ce qui fait la r\u00e9putation de <strong>RAW<\/strong> pour sa capacit\u00e9 \u00e0 offrir une fum\u00e9e uniforme et agr\u00e9able. Si vous cherchez un papier naturel, fiable et respectueux de l&#8217;environnement, le <strong>RAW Artesano<\/strong> avec ses papiers et filtres est un choix incontournable.<\/p>\n","protected":false},"excerpt":{"rendered":"<p>Le RAW Artesano est l&#8217;emballage id\u00e9al pour ceux qui veulent avoir tout ce dont ils ont besoin pour rouler \u00e0 port\u00e9e de main, que ce soit \u00e0 la maison ou en d\u00e9placement. Ce paquet pratique contient non seulement des papiers \u00e0 rouler RAW Classic Kingsize Slim, mais aussi des embouts de filtre et un Ruschti [&hellip;]<\/p>\n","protected":false},"featured_media":27916,"comment_status":"open","ping_status":"closed","template":"","meta":{"_seopress_robots_primary_cat":"none","_seopress_titles_title":"Raw Artesano (Feuilles + Filtres + Mixtray) - Green Kingdom","_seopress_titles_desc":"Les papiers RAW Classic Kingsize Slim sont les premiers et parmi les meilleurs papiers non blanchis disponibles.","_seopress_robots_index":""},"product_brand":[],"product_cat":[654],"product_tag":[],"class_list":{"0":"post-27912","1":"product","2":"type-product","3":"status-publish","4":"has-post-thumbnail","6":"product_cat-rolling-papers","9":"instock","10":"taxable","11":"shipping-taxable","12":"purchasable","13":"product-type-simple","14":"product-grid-view"},"_links":{"self":[{"href":"https:\/\/greenkingdom.ch\/en\/wp-json\/wp\/v2\/product\/27912","targetHints":{"allow":["GET"]}}],"collection":[{"href":"https:\/\/greenkingdom.ch\/en\/wp-json\/wp\/v2\/product"}],"about":[{"href":"https:\/\/greenkingdom.ch\/en\/wp-json\/wp\/v2\/types\/product"}],"replies":[{"embeddable":true,"href":"https:\/\/greenkingdom.ch\/en\/wp-json\/wp\/v2\/comments?post=27912"}],"version-history":[{"count":2,"href":"https:\/\/greenkingdom.ch\/en\/wp-json\/wp\/v2\/product\/27912\/revisions"}],"predecessor-version":[{"id":27922,"href":"https:\/\/greenkingdom.ch\/en\/wp-json\/wp\/v2\/product\/27912\/revisions\/27922"}],"wp:featuredmedia":[{"embeddable":true,"href":"https:\/\/greenkingdom.ch\/en\/wp-json\/wp\/v2\/media\/27916"}],"wp:attachment":[{"href":"https:\/\/greenkingdom.ch\/en\/wp-json\/wp\/v2\/media?parent=27912"}],"wp:term":[{"taxonomy":"product_brand","embeddable":true,"href":"https:\/\/greenkingdom.ch\/en\/wp-json\/wp\/v2\/product_brand?post=27912"},{"taxonomy":"product_cat","embeddable":true,"href":"https:\/\/greenkingdom.ch\/en\/wp-json\/wp\/v2\/product_cat?post=27912"},{"taxonomy":"product_tag","embeddable":true,"href":"https:\/\/greenkingdom.ch\/en\/wp-json\/wp\/v2\/product_tag?post=27912"}],"curies":[{"name":"wp","href":"https:\/\/api.w.org\/{rel}","templated":true}]}}