{"id":27927,"date":"2025-01-02T17:02:26","date_gmt":"2025-01-02T16:02:26","guid":{"rendered":"https:\/\/greenkingdom.ch\/?post_type=product&#038;p=27927"},"modified":"2025-03-05T18:02:50","modified_gmt":"2025-03-05T17:02:50","slug":"elements-king-size-slim","status":"publish","type":"product","link":"https:\/\/greenkingdom.ch\/en\/product\/elements-king-size-slim\/","title":{"rendered":"Elements King Size Slim"},"content":{"rendered":"<p>Les <strong>Elements Kingsize Slim<\/strong> offrent tous les avantages des <strong>Elements Kingsize<\/strong>, mais dans un format plus \u00e9troit, id\u00e9al pour ceux qui pr\u00e9f\u00e8rent des cigarettes plus fines. Ce papier est particuli\u00e8rement adapt\u00e9 pour une propulsion fluide, tout en offrant une exp\u00e9rience de fumer unique. M\u00eame les fumeurs qui optent pour des cigarettes plus petites trouveront que les <strong>Elements Kingsize Slim<\/strong> r\u00e9pondent parfaitement \u00e0 leurs attentes.<\/p>\n<p>Fabriqu\u00e9 \u00e0 partir de <strong>papier de riz pur<\/strong>, ce papier br\u00fble de mani\u00e8re exceptionnellement propre, avec presque <strong>0% de cendres<\/strong>, garantissant une fum\u00e9e plus douce et plus agr\u00e9able. Contrairement \u00e0 d&#8217;autres papiers, les <strong>Elements Kingsize Slim<\/strong> ne contiennent ni produits chimiques, ni cellulose, ni chanvre, offrant ainsi un produit totalement pur et naturel.<\/p>\n<p>Pour rendre hommage aux traditions du pass\u00e9 et offrir une exp\u00e9rience authentique, <strong>Elements<\/strong> utilise une <strong>gomme naturelle<\/strong> comme colle, ce qui rend ce papier encore plus pur et respectueux de l&#8217;environnement. Le r\u00e9sultat est un papier d&#8217;une qualit\u00e9 in\u00e9gal\u00e9e, probablement l&#8217;un des meilleurs jamais cr\u00e9\u00e9s pour les fumeurs qui recherchent la perfection dans chaque tirage.<\/p>\n<p>Si vous cherchez un papier \u00e0 cigarette qui allie finesse, puret\u00e9 et performance, les <strong>Elements Kingsize Slim<\/strong> sont un choix id\u00e9al pour des moments de fum\u00e9e parfaitement ma\u00eetris\u00e9s.<\/p>\n","protected":false},"excerpt":{"rendered":"<p>Les Elements Kingsize Slim offrent tous les avantages des Elements Kingsize, mais dans un format plus \u00e9troit, id\u00e9al pour ceux qui pr\u00e9f\u00e8rent des cigarettes plus fines. Ce papier est particuli\u00e8rement adapt\u00e9 pour une propulsion fluide, tout en offrant une exp\u00e9rience de fumer unique. M\u00eame les fumeurs qui optent pour des cigarettes plus petites trouveront que [&hellip;]<\/p>\n","protected":false},"featured_media":27947,"comment_status":"open","ping_status":"closed","template":"","meta":{"_seopress_robots_primary_cat":"none","_seopress_titles_title":"Elements King Size Slim - Green Kingdom","_seopress_titles_desc":"Si vous cherchez un papier \u00e0 cigarette qui allie finesse, puret\u00e9 et performance, les Elements Kingsize Slim sont un choix id\u00e9al pour des moments de fum\u00e9e parfaitement ma\u00eetris\u00e9s.","_seopress_robots_index":""},"product_brand":[],"product_cat":[654],"product_tag":[],"class_list":{"0":"post-27927","1":"product","2":"type-product","3":"status-publish","4":"has-post-thumbnail","6":"product_cat-rolling-papers","9":"instock","10":"taxable","11":"shipping-taxable","12":"purchasable","13":"product-type-simple","14":"product-grid-view"},"_links":{"self":[{"href":"https:\/\/greenkingdom.ch\/en\/wp-json\/wp\/v2\/product\/27927","targetHints":{"allow":["GET"]}}],"collection":[{"href":"https:\/\/greenkingdom.ch\/en\/wp-json\/wp\/v2\/product"}],"about":[{"href":"https:\/\/greenkingdom.ch\/en\/wp-json\/wp\/v2\/types\/product"}],"replies":[{"embeddable":true,"href":"https:\/\/greenkingdom.ch\/en\/wp-json\/wp\/v2\/comments?post=27927"}],"version-history":[{"count":1,"href":"https:\/\/greenkingdom.ch\/en\/wp-json\/wp\/v2\/product\/27927\/revisions"}],"predecessor-version":[{"id":27934,"href":"https:\/\/greenkingdom.ch\/en\/wp-json\/wp\/v2\/product\/27927\/revisions\/27934"}],"wp:featuredmedia":[{"embeddable":true,"href":"https:\/\/greenkingdom.ch\/en\/wp-json\/wp\/v2\/media\/27947"}],"wp:attachment":[{"href":"https:\/\/greenkingdom.ch\/en\/wp-json\/wp\/v2\/media?parent=27927"}],"wp:term":[{"taxonomy":"product_brand","embeddable":true,"href":"https:\/\/greenkingdom.ch\/en\/wp-json\/wp\/v2\/product_brand?post=27927"},{"taxonomy":"product_cat","embeddable":true,"href":"https:\/\/greenkingdom.ch\/en\/wp-json\/wp\/v2\/product_cat?post=27927"},{"taxonomy":"product_tag","embeddable":true,"href":"https:\/\/greenkingdom.ch\/en\/wp-json\/wp\/v2\/product_tag?post=27927"}],"curies":[{"name":"wp","href":"https:\/\/api.w.org\/{rel}","templated":true}]}}