{"id":28012,"date":"2025-01-02T18:02:05","date_gmt":"2025-01-02T17:02:05","guid":{"rendered":"https:\/\/greenkingdom.ch\/?post_type=product&#038;p=28012"},"modified":"2025-03-05T17:59:44","modified_gmt":"2025-03-05T16:59:44","slug":"elements-king-size-slim-pink","status":"publish","type":"product","link":"https:\/\/greenkingdom.ch\/en\/product\/elements-king-size-slim-pink\/","title":{"rendered":"Elements King Size Slim Pink"},"content":{"rendered":"<p><strong>Elements Pink<\/strong> apporte une touche de couleur \u00e0 votre exp\u00e9rience de fumer, avec un papier rose \u00e9l\u00e9gant et unique. Ce papier ne se contente pas d\u2019\u00eatre visuellement distinctif, il conserve \u00e9galement les qualit\u00e9s exceptionnelles des autres produits Elements. Fabriqu\u00e9 \u00e0 partir de mat\u00e9riaux naturels et \u00e9cologiques tels que le riz et le sucre, il est enti\u00e8rement <strong>sans produits chimiques agressifs<\/strong> ni aides \u00e0 la combustion, pour garantir une fum\u00e9e plus saine et plus pure.<\/p>\n<p>Les <strong>papiers Elements Pink<\/strong> br\u00fblent pratiquement sans cendres, avec la seule exception de la gomme naturelle \u00e0 base de sucre, qui se transforme en caramel lorsqu\u2019elle est chauff\u00e9e, ajoutant une touche subtile \u00e0 l&#8217;exp\u00e9rience de fum\u00e9e.<\/p>\n<p>Chaque feuille est dot\u00e9e du <strong>filigrane crois\u00e9<\/strong> caract\u00e9ristique, qui garantit une combustion uniforme et sans fuites, pour une exp\u00e9rience de fumer particuli\u00e8rement fluide et r\u00e9guli\u00e8re.<\/p>\n<p>La production de ces papiers se fait \u00e0 <strong>100 % \u00e0 l&#8217;\u00e9nergie \u00e9olienne<\/strong> et a lieu \u00e0 <strong>Alcoy, en Espagne<\/strong>, un lieu historique reconnu pour la fabrication des papiers \u00e0 rouler modernes. Ainsi, non seulement vous choisissez un produit de haute qualit\u00e9, mais vous soutenez \u00e9galement une production respectueuse de l\u2019environnement.<\/p>\n","protected":false},"excerpt":{"rendered":"<p>Elements Pink apporte une touche de couleur \u00e0 votre exp\u00e9rience de fumer, avec un papier rose \u00e9l\u00e9gant et unique. Ce papier ne se contente pas d\u2019\u00eatre visuellement distinctif, il conserve \u00e9galement les qualit\u00e9s exceptionnelles des autres produits Elements. Fabriqu\u00e9 \u00e0 partir de mat\u00e9riaux naturels et \u00e9cologiques tels que le riz et le sucre, il est [&hellip;]<\/p>\n","protected":false},"featured_media":28020,"comment_status":"open","ping_status":"closed","template":"","meta":{"_seopress_robots_primary_cat":"none","_seopress_titles_title":"Elements King Size Slim Pink - Green Kingdom","_seopress_titles_desc":"Les papiers Elements Pink br\u00fblent pratiquement sans cendres, avec la seule exception de la gomme naturelle \u00e0 base de sucre, qui se transforme en caramel lorsqu\u2019elle est chauff\u00e9e, ajoutant une touche subtile \u00e0 l'exp\u00e9rience de fum\u00e9e.","_seopress_robots_index":""},"product_brand":[],"product_cat":[654],"product_tag":[],"class_list":{"0":"post-28012","1":"product","2":"type-product","3":"status-publish","4":"has-post-thumbnail","6":"product_cat-rolling-papers","9":"instock","10":"taxable","11":"shipping-taxable","12":"purchasable","13":"product-type-simple","14":"product-grid-view"},"_links":{"self":[{"href":"https:\/\/greenkingdom.ch\/en\/wp-json\/wp\/v2\/product\/28012","targetHints":{"allow":["GET"]}}],"collection":[{"href":"https:\/\/greenkingdom.ch\/en\/wp-json\/wp\/v2\/product"}],"about":[{"href":"https:\/\/greenkingdom.ch\/en\/wp-json\/wp\/v2\/types\/product"}],"replies":[{"embeddable":true,"href":"https:\/\/greenkingdom.ch\/en\/wp-json\/wp\/v2\/comments?post=28012"}],"version-history":[{"count":1,"href":"https:\/\/greenkingdom.ch\/en\/wp-json\/wp\/v2\/product\/28012\/revisions"}],"predecessor-version":[{"id":28023,"href":"https:\/\/greenkingdom.ch\/en\/wp-json\/wp\/v2\/product\/28012\/revisions\/28023"}],"wp:featuredmedia":[{"embeddable":true,"href":"https:\/\/greenkingdom.ch\/en\/wp-json\/wp\/v2\/media\/28020"}],"wp:attachment":[{"href":"https:\/\/greenkingdom.ch\/en\/wp-json\/wp\/v2\/media?parent=28012"}],"wp:term":[{"taxonomy":"product_brand","embeddable":true,"href":"https:\/\/greenkingdom.ch\/en\/wp-json\/wp\/v2\/product_brand?post=28012"},{"taxonomy":"product_cat","embeddable":true,"href":"https:\/\/greenkingdom.ch\/en\/wp-json\/wp\/v2\/product_cat?post=28012"},{"taxonomy":"product_tag","embeddable":true,"href":"https:\/\/greenkingdom.ch\/en\/wp-json\/wp\/v2\/product_tag?post=28012"}],"curies":[{"name":"wp","href":"https:\/\/api.w.org\/{rel}","templated":true}]}}