{"id":28028,"date":"2025-01-02T18:05:18","date_gmt":"2025-01-02T17:05:18","guid":{"rendered":"https:\/\/greenkingdom.ch\/?post_type=product&#038;p=28028"},"modified":"2025-03-05T17:58:44","modified_gmt":"2025-03-05T16:58:44","slug":"elements-king-size-slim-green","status":"publish","type":"product","link":"https:\/\/greenkingdom.ch\/en\/product\/elements-king-size-slim-green\/","title":{"rendered":"Elements King Size Slim Green"},"content":{"rendered":"<p><strong>Elements Kingsize Slim Green<\/strong> offre les m\u00eames avantages que les papiers <strong>Elements Kingsize<\/strong>, mais avec une largeur plus \u00e9troite, id\u00e9ale pour ceux qui pr\u00e9f\u00e8rent rouler des cigarettes plus fines. Ce papier est parfait pour les fumeurs qui aiment les cigarettes plus l\u00e9g\u00e8res ou ceux qui roulent vers l&#8217;avant. Les fumeurs \u00e0 l&#8217;envers, qui recherchent une largeur plus petite, appr\u00e9cieront \u00e9galement ce format.<\/p>\n<p>Fabriqu\u00e9 \u00e0 partir de <strong>fibres v\u00e9g\u00e9tales pures<\/strong>, <strong>non trait\u00e9es et non blanchies<\/strong>, le papier <strong>Elements Kingsize Slim Green<\/strong> br\u00fble presque sans cendres, offrant une fum\u00e9e propre et douce. Il est <strong>100 % naturel<\/strong> et ne contient <strong>aucun produit chimique<\/strong>, vous assurant une exp\u00e9rience de fum\u00e9e pure et sans compromis.<\/p>\n<p>En r\u00e9sum\u00e9, ce papier est un excellent choix pour ceux qui recherchent un produit <strong>\u00e9cologique<\/strong>, <strong>pur<\/strong>, et facile \u00e0 utiliser, avec une combustion parfaite et un go\u00fbt authentique.<\/p>\n","protected":false},"excerpt":{"rendered":"<p>Elements Kingsize Slim Green offre les m\u00eames avantages que les papiers Elements Kingsize, mais avec une largeur plus \u00e9troite, id\u00e9ale pour ceux qui pr\u00e9f\u00e8rent rouler des cigarettes plus fines. Ce papier est parfait pour les fumeurs qui aiment les cigarettes plus l\u00e9g\u00e8res ou ceux qui roulent vers l&#8217;avant. Les fumeurs \u00e0 l&#8217;envers, qui recherchent une [&hellip;]<\/p>\n","protected":false},"featured_media":28032,"comment_status":"open","ping_status":"closed","template":"","meta":{"_seopress_robots_primary_cat":"none","_seopress_titles_title":"Elements King Size Slim Green - Green Kingdom","_seopress_titles_desc":"le papier Elements Kingsize Slim Green br\u00fble presque sans cendres, offrant une fum\u00e9e propre et douce.","_seopress_robots_index":""},"product_brand":[],"product_cat":[654],"product_tag":[],"class_list":{"0":"post-28028","1":"product","2":"type-product","3":"status-publish","4":"has-post-thumbnail","6":"product_cat-rolling-papers","9":"instock","10":"taxable","11":"shipping-taxable","12":"purchasable","13":"product-type-simple","14":"product-grid-view"},"_links":{"self":[{"href":"https:\/\/greenkingdom.ch\/en\/wp-json\/wp\/v2\/product\/28028","targetHints":{"allow":["GET"]}}],"collection":[{"href":"https:\/\/greenkingdom.ch\/en\/wp-json\/wp\/v2\/product"}],"about":[{"href":"https:\/\/greenkingdom.ch\/en\/wp-json\/wp\/v2\/types\/product"}],"replies":[{"embeddable":true,"href":"https:\/\/greenkingdom.ch\/en\/wp-json\/wp\/v2\/comments?post=28028"}],"version-history":[{"count":1,"href":"https:\/\/greenkingdom.ch\/en\/wp-json\/wp\/v2\/product\/28028\/revisions"}],"predecessor-version":[{"id":28039,"href":"https:\/\/greenkingdom.ch\/en\/wp-json\/wp\/v2\/product\/28028\/revisions\/28039"}],"wp:featuredmedia":[{"embeddable":true,"href":"https:\/\/greenkingdom.ch\/en\/wp-json\/wp\/v2\/media\/28032"}],"wp:attachment":[{"href":"https:\/\/greenkingdom.ch\/en\/wp-json\/wp\/v2\/media?parent=28028"}],"wp:term":[{"taxonomy":"product_brand","embeddable":true,"href":"https:\/\/greenkingdom.ch\/en\/wp-json\/wp\/v2\/product_brand?post=28028"},{"taxonomy":"product_cat","embeddable":true,"href":"https:\/\/greenkingdom.ch\/en\/wp-json\/wp\/v2\/product_cat?post=28028"},{"taxonomy":"product_tag","embeddable":true,"href":"https:\/\/greenkingdom.ch\/en\/wp-json\/wp\/v2\/product_tag?post=28028"}],"curies":[{"name":"wp","href":"https:\/\/api.w.org\/{rel}","templated":true}]}}