{"id":28214,"date":"2025-01-03T12:51:09","date_gmt":"2025-01-03T11:51:09","guid":{"rendered":"https:\/\/greenkingdom.ch\/?post_type=product&#038;p=28214"},"modified":"2025-03-05T17:50:16","modified_gmt":"2025-03-05T16:50:16","slug":"focus-v-carta-2-grape","status":"publish","type":"product","link":"https:\/\/greenkingdom.ch\/en\/product\/focus-v-carta-2-grape\/","title":{"rendered":"Focus V Carta 2 &#8220;Grape&#8221;"},"content":{"rendered":"<p>Le <strong>CARTA 2<\/strong> de <strong>Focus V<\/strong> est un concentr\u00e9 de technologie qui red\u00e9finit l&#8217;avenir du <strong>dabbing portable<\/strong>. Ce smart rig est con\u00e7u pour offrir une exp\u00e9rience de dabbing in\u00e9gal\u00e9e gr\u00e2ce \u00e0 des fonctionnalit\u00e9s de pointe.<\/p>\n<p>Dot\u00e9 de la <strong>technologie Intelli-Core\u2122 avanc\u00e9e<\/strong>, le CARTA 2 int\u00e8gre un atomiseur plus grand, un \u00e9l\u00e9ment chauffant \u00e0 360\u00b0 et un flux d\u2019air optimis\u00e9, permettant une production de vapeur maximale pour une exp\u00e9rience de dabbing fluide et intense. Les atomiseurs Intelli-Core\u2122 sont disponibles pour les herbes et les huiles, offrant un contr\u00f4le et un ajustement pr\u00e9cis de la temp\u00e9rature pour un dabbing parfait \u00e0 chaque utilisation. (Embout pour herbes vendu s\u00e9par\u00e9ment)<\/p>\n<p>Le <strong>CARTA 2<\/strong> s&#8217;accompagne d&#8217;une <strong>application mobile intuitive<\/strong> qui te permet de personnaliser enti\u00e8rement ton exp\u00e9rience. Le design \u00e9pur\u00e9 et la r\u00e9activit\u00e9 de l\u2019application te permettent de contr\u00f4ler les param\u00e8tres du smart rig avec une pr\u00e9cision jamais atteinte, tout en b\u00e9n\u00e9ficiant de fonctionnalit\u00e9s sociales et communautaires.<\/p>\n<p>Son <strong>\u00e9cran OLED<\/strong> fournit toutes les informations en temps r\u00e9el, et les <strong>boutons int\u00e9gr\u00e9s<\/strong> permettent des r\u00e9glages rapides de la temp\u00e9rature et du temps pour un contr\u00f4le total. L&#8217;appareil est aussi \u00e9quip\u00e9 de <strong>LED RGB<\/strong> personnalisables qui cr\u00e9ent un v\u00e9ritable spectacle lumineux tout en indiquant l\u2019\u00e9tat de l\u2019appareil, pour une exp\u00e9rience visuelle aussi impressionnante que l&#8217;exp\u00e9rience de dabbing elle-m\u00eame.<\/p>\n<p>Avec son <strong>chargeur sans fil 10000mAh<\/strong>, le CARTA 2 t&#8217;offre une libert\u00e9 totale, te permettant de recharger ton appareil sans fil, mais aussi d&#8217;alimenter d\u2019autres appareils via USB. Cela te permet de profiter de ta session de dabbing o\u00f9 que tu sois, sans te soucier des c\u00e2bles.<\/p>\n<p>Le <strong>CARTA 2<\/strong> n\u2019est pas seulement un appareil de dabbing, c&#8217;est une v\u00e9ritable exp\u00e9rience technologique qui r\u00e9volutionne la mani\u00e8re de profiter des concentr\u00e9s.<\/p>\n<h3>Sp\u00e9cifications :<\/h3>\n<ul>\n<li><strong>CARTA 2 Smart Rig<\/strong> avec technologie Intelli-Core\u2122<\/li>\n<li><strong>\u00c9cran OLED<\/strong> pour un contr\u00f4le pr\u00e9cis<\/li>\n<li><strong>LED RGB<\/strong> enti\u00e8rement personnalisables pour un show lumineux unique<\/li>\n<li><strong>Chargeur sans fil 10000mAh<\/strong> offrant une autonomie exceptionnelle<\/li>\n<li><strong>C\u00e2ble USB-C<\/strong> pour une recharge rapide<\/li>\n<li><strong>Sac de transport<\/strong> et accessoires inclus<\/li>\n<\/ul>\n<p><strong>Important<\/strong> : Avant la premi\u00e8re utilisation, n&#8217;oublie pas de retirer l&#8217;\u00e9tiquette de la chambre de combustion !<\/p>\n<p>Le <strong>CARTA 2<\/strong> t&#8217;offre tout ce dont tu as besoin pour vivre une exp\u00e9rience de dabbing de haute qualit\u00e9, avec une mobilit\u00e9 et un contr\u00f4le optimis\u00e9s.<\/p>\n","protected":false},"excerpt":{"rendered":"<p>Le CARTA 2 de Focus V est un concentr\u00e9 de technologie qui red\u00e9finit l&#8217;avenir du dabbing portable. Ce smart rig est con\u00e7u pour offrir une exp\u00e9rience de dabbing in\u00e9gal\u00e9e gr\u00e2ce \u00e0 des fonctionnalit\u00e9s de pointe. Dot\u00e9 de la technologie Intelli-Core\u2122 avanc\u00e9e, le CARTA 2 int\u00e8gre un atomiseur plus grand, un \u00e9l\u00e9ment chauffant \u00e0 360\u00b0 et [&hellip;]<\/p>\n","protected":false},"featured_media":28262,"comment_status":"open","ping_status":"closed","template":"","meta":{"_seopress_robots_primary_cat":"none","_seopress_titles_title":"Focus V Carta 2 \"Grape\" - Green Kingdom","_seopress_titles_desc":"Le CARTA 2 t'offre tout ce dont tu as besoin pour vivre une exp\u00e9rience de dabbing de haute qualit\u00e9, avec une mobilit\u00e9 et un contr\u00f4le optimis\u00e9s.","_seopress_robots_index":""},"product_brand":[],"product_cat":[672],"product_tag":[],"class_list":{"0":"post-28214","1":"product","2":"type-product","3":"status-publish","4":"has-post-thumbnail","6":"product_cat-devices","9":"instock","10":"taxable","11":"shipping-taxable","12":"purchasable","13":"product-type-simple","14":"product-grid-view"},"_links":{"self":[{"href":"https:\/\/greenkingdom.ch\/en\/wp-json\/wp\/v2\/product\/28214","targetHints":{"allow":["GET"]}}],"collection":[{"href":"https:\/\/greenkingdom.ch\/en\/wp-json\/wp\/v2\/product"}],"about":[{"href":"https:\/\/greenkingdom.ch\/en\/wp-json\/wp\/v2\/types\/product"}],"replies":[{"embeddable":true,"href":"https:\/\/greenkingdom.ch\/en\/wp-json\/wp\/v2\/comments?post=28214"}],"version-history":[{"count":1,"href":"https:\/\/greenkingdom.ch\/en\/wp-json\/wp\/v2\/product\/28214\/revisions"}],"predecessor-version":[{"id":28269,"href":"https:\/\/greenkingdom.ch\/en\/wp-json\/wp\/v2\/product\/28214\/revisions\/28269"}],"wp:featuredmedia":[{"embeddable":true,"href":"https:\/\/greenkingdom.ch\/en\/wp-json\/wp\/v2\/media\/28262"}],"wp:attachment":[{"href":"https:\/\/greenkingdom.ch\/en\/wp-json\/wp\/v2\/media?parent=28214"}],"wp:term":[{"taxonomy":"product_brand","embeddable":true,"href":"https:\/\/greenkingdom.ch\/en\/wp-json\/wp\/v2\/product_brand?post=28214"},{"taxonomy":"product_cat","embeddable":true,"href":"https:\/\/greenkingdom.ch\/en\/wp-json\/wp\/v2\/product_cat?post=28214"},{"taxonomy":"product_tag","embeddable":true,"href":"https:\/\/greenkingdom.ch\/en\/wp-json\/wp\/v2\/product_tag?post=28214"}],"curies":[{"name":"wp","href":"https:\/\/api.w.org\/{rel}","templated":true}]}}