{"id":31588,"date":"2025-01-31T16:40:30","date_gmt":"2025-01-31T15:40:30","guid":{"rendered":"https:\/\/greenkingdom.ch\/?post_type=product&#038;p=31588"},"modified":"2025-01-31T16:44:26","modified_gmt":"2025-01-31T15:44:26","slug":"aquamaster-tools-combo-pen-p110-pro-replaceable-electrode-copie-copie-copie-3","status":"publish","type":"product","link":"https:\/\/greenkingdom.ch\/en\/product\/aquamaster-tools-combo-pen-p110-pro-replaceable-electrode-copie-copie-copie-3\/","title":{"rendered":"Aquamaster Tools Combo Pen P110 Pro Replaceable Electrode (Copie) (Copie) (Copie)"},"content":{"rendered":"<p>Interchangeable electrode for optimal use with the P110 Pro Combo Pen. Discover this quality product for exceptional performance. \ud83d\ude09<\/p>\n","protected":false},"excerpt":{"rendered":"<p>Interchangeable electrode for optimal use with the P110 Pro Combo Pen. Discover this quality product for exceptional performance. \ud83d\ude09<\/p>\n","protected":false},"featured_media":31600,"comment_status":"open","ping_status":"closed","template":"","meta":{"_seopress_robots_primary_cat":"none","_seopress_titles_title":"Aquamaster Tools Combo Meter P700 Pro 2 replaceable pH & temperatur electrode - Green Kingdom","_seopress_titles_desc":"Facile \u00e0 remplacer, cette \u00e9lectrode garantit que ton appareil continue de fonctionner avec la m\u00eame pr\u00e9cision, m\u00eame apr\u00e8s une utilisation prolong\u00e9e.","_seopress_robots_index":""},"product_brand":[],"product_cat":[596],"product_tag":[],"class_list":{"0":"post-31588","1":"product","2":"type-product","3":"status-publish","4":"has-post-thumbnail","6":"product_cat-instruments-en","9":"instock","10":"taxable","11":"shipping-taxable","12":"purchasable","13":"product-type-simple","14":"product-grid-view"},"_links":{"self":[{"href":"https:\/\/greenkingdom.ch\/en\/wp-json\/wp\/v2\/product\/31588","targetHints":{"allow":["GET"]}}],"collection":[{"href":"https:\/\/greenkingdom.ch\/en\/wp-json\/wp\/v2\/product"}],"about":[{"href":"https:\/\/greenkingdom.ch\/en\/wp-json\/wp\/v2\/types\/product"}],"replies":[{"embeddable":true,"href":"https:\/\/greenkingdom.ch\/en\/wp-json\/wp\/v2\/comments?post=31588"}],"version-history":[{"count":1,"href":"https:\/\/greenkingdom.ch\/en\/wp-json\/wp\/v2\/product\/31588\/revisions"}],"predecessor-version":[{"id":31603,"href":"https:\/\/greenkingdom.ch\/en\/wp-json\/wp\/v2\/product\/31588\/revisions\/31603"}],"wp:featuredmedia":[{"embeddable":true,"href":"https:\/\/greenkingdom.ch\/en\/wp-json\/wp\/v2\/media\/31600"}],"wp:attachment":[{"href":"https:\/\/greenkingdom.ch\/en\/wp-json\/wp\/v2\/media?parent=31588"}],"wp:term":[{"taxonomy":"product_brand","embeddable":true,"href":"https:\/\/greenkingdom.ch\/en\/wp-json\/wp\/v2\/product_brand?post=31588"},{"taxonomy":"product_cat","embeddable":true,"href":"https:\/\/greenkingdom.ch\/en\/wp-json\/wp\/v2\/product_cat?post=31588"},{"taxonomy":"product_tag","embeddable":true,"href":"https:\/\/greenkingdom.ch\/en\/wp-json\/wp\/v2\/product_tag?post=31588"}],"curies":[{"name":"wp","href":"https:\/\/api.w.org\/{rel}","templated":true}]}}