{"id":31754,"date":"2025-02-01T14:25:54","date_gmt":"2025-02-01T13:25:54","guid":{"rendered":"https:\/\/greenkingdom.ch\/?post_type=product&#038;p=31754"},"modified":"2025-02-01T14:28:14","modified_gmt":"2025-02-01T13:28:14","slug":"sanlight-evo-3-60-copie-copie-copie-copie-copie","status":"publish","type":"product","link":"https:\/\/greenkingdom.ch\/en\/product\/sanlight-evo-3-60-copie-copie-copie-copie-copie\/","title":{"rendered":"Sanlight EVO 3-60 (Copie) (Copie) (Copie) (Copie) (Copie)"},"content":{"rendered":"<p>Discover the smallest luminaire in the Sanlight EVO range, offering an impressive light intensity of 520\u03bcmol\/s on an area of 60x60cm, with only 190W of power consumption. Features:<br \/>\n&#8211; The smallest fixture in the EVO<br \/>\n series- High intensity<br \/>\n solution- 520\u03bcmol\/s at 190W<br \/>\n&#8211; Maximum illumination on a footprint of 60x60cm Don&#8217;t forget to add a dimmer, sold separately, to perfectly adjust the lighting to your needs. Power cables and accessories are available separately to customize your lighting system. Technical overview:<br \/>\n&#8211; Power consumption of 190W<br \/>\n&#8211; PPF* of 520<br \/>\n&#8211; Weight of 3.5 kg<br \/>\n&#8211; Compact dimensions: 468mm x 291mm x 116mm<br \/>\n&#8211; Protection class IP65 *PPF = Photosynthetically active photon flux (400 to 780 nm) EAN: 9120069230703<\/p>\n","protected":false},"excerpt":{"rendered":"<p>Discover the smallest luminaire in the Sanlight EVO range, offering an impressive light intensity of 520\u03bcmol\/s on an area of 60x60cm, with only 190W of power consumption. Features: &#8211; The smallest fixture in the EVO series- High intensity solution- 520\u03bcmol\/s at 190W &#8211; Maximum illumination on a footprint of 60x60cm Don&#8217;t forget to add a [&hellip;]<\/p>\n","protected":false},"featured_media":31758,"comment_status":"open","ping_status":"closed","template":"","meta":{"_seopress_robots_primary_cat":"none","_seopress_titles_title":"Sanlight EVO 5-120 1.5 - Green Kingdom","_seopress_titles_desc":"La Sanlight EVO 5-120 1.5 est la solution parfaite pour ceux qui cherchent \u00e0 combiner puissance, efficacit\u00e9 et flexibilit\u00e9 dans l\u2019\u00e9clairage de leurs cultures. Profite des avantages de la technologie LED de pointe pour des r\u00e9sultats optimis\u00e9s.","_seopress_robots_index":""},"product_brand":[],"product_cat":[558],"product_tag":[],"class_list":{"0":"post-31754","1":"product","2":"type-product","3":"status-publish","4":"has-post-thumbnail","6":"product_cat-led-en","9":"instock","10":"taxable","11":"shipping-taxable","12":"purchasable","13":"product-type-simple","14":"product-grid-view"},"_links":{"self":[{"href":"https:\/\/greenkingdom.ch\/en\/wp-json\/wp\/v2\/product\/31754","targetHints":{"allow":["GET"]}}],"collection":[{"href":"https:\/\/greenkingdom.ch\/en\/wp-json\/wp\/v2\/product"}],"about":[{"href":"https:\/\/greenkingdom.ch\/en\/wp-json\/wp\/v2\/types\/product"}],"replies":[{"embeddable":true,"href":"https:\/\/greenkingdom.ch\/en\/wp-json\/wp\/v2\/comments?post=31754"}],"version-history":[{"count":1,"href":"https:\/\/greenkingdom.ch\/en\/wp-json\/wp\/v2\/product\/31754\/revisions"}],"predecessor-version":[{"id":31765,"href":"https:\/\/greenkingdom.ch\/en\/wp-json\/wp\/v2\/product\/31754\/revisions\/31765"}],"wp:featuredmedia":[{"embeddable":true,"href":"https:\/\/greenkingdom.ch\/en\/wp-json\/wp\/v2\/media\/31758"}],"wp:attachment":[{"href":"https:\/\/greenkingdom.ch\/en\/wp-json\/wp\/v2\/media?parent=31754"}],"wp:term":[{"taxonomy":"product_brand","embeddable":true,"href":"https:\/\/greenkingdom.ch\/en\/wp-json\/wp\/v2\/product_brand?post=31754"},{"taxonomy":"product_cat","embeddable":true,"href":"https:\/\/greenkingdom.ch\/en\/wp-json\/wp\/v2\/product_cat?post=31754"},{"taxonomy":"product_tag","embeddable":true,"href":"https:\/\/greenkingdom.ch\/en\/wp-json\/wp\/v2\/product_tag?post=31754"}],"curies":[{"name":"wp","href":"https:\/\/api.w.org\/{rel}","templated":true}]}}