{"id":32676,"date":"2025-02-12T18:06:57","date_gmt":"2025-02-12T17:06:57","guid":{"rendered":"https:\/\/greenkingdom.ch\/?post_type=product&#038;p=32676"},"modified":"2025-02-12T18:08:58","modified_gmt":"2025-02-12T17:08:58","slug":"gaine-insonorisee-sono-connect-10m-diametre-160mm","status":"publish","type":"product","link":"https:\/\/greenkingdom.ch\/en\/product\/gaine-insonorisee-sono-connect-10m-diametre-160mm\/","title":{"rendered":"Gaine Insonoris\u00e9e Sono Connect 10m diam\u00e8tre 160mm"},"content":{"rendered":"<p>Le tuyau de ventilation flexible Sonoconnect est la solution id\u00e9ale pour une ventilation silencieuse !<\/p>\n<p>Con\u00e7u pour r\u00e9duire au maximum les bruits li\u00e9s \u00e0 la ventilation, le Sonoconnect est un tuyau flexible insonorisant qui att\u00e9nue \u00e0 la fois les bruits du moteur et ceux g\u00e9n\u00e9r\u00e9s par le flux d&#8217;air.<\/p>\n<p>Nous proposons exclusivement les tuyaux Sonoconnect originaux d&#8217;ATCO International (sauf indication contraire). Bien qu&#8217;ils soient un peu plus chers, ces mod\u00e8les sont bien sup\u00e9rieurs aux copies bon march\u00e9, garantissant une performance optimale et une durabilit\u00e9 accrue.<\/p>\n<p>La s\u00e9rie SONOCONNECT\u00ae est constitu\u00e9e d&#8217;un tube interne perfor\u00e9 en aluminium lamin\u00e9, d&#8217;une couche d&#8217;isolation acoustique et thermique en laine, et d&#8217;une gaine ext\u00e9rieure renforc\u00e9e en fibres de verre. Cette combinaison assure une r\u00e9sistance accrue, une meilleure isolation et une long\u00e9vit\u00e9 sup\u00e9rieure, bien au-del\u00e0 des produits imit\u00e9s.<\/p>\n","protected":false},"excerpt":{"rendered":"<p>Le tuyau de ventilation flexible Sonoconnect est la solution id\u00e9ale pour une ventilation silencieuse ! Con\u00e7u pour r\u00e9duire au maximum les bruits li\u00e9s \u00e0 la ventilation, le Sonoconnect est un tuyau flexible insonorisant qui att\u00e9nue \u00e0 la fois les bruits du moteur et ceux g\u00e9n\u00e9r\u00e9s par le flux d&#8217;air. Nous proposons exclusivement les tuyaux Sonoconnect [&hellip;]<\/p>\n","protected":false},"featured_media":32605,"comment_status":"open","ping_status":"closed","template":"","meta":{"_seopress_robots_primary_cat":"none","_seopress_titles_title":"Gaine Insonoris\u00e9e Sono Connect 10m diam\u00e8tre 160mm - Green Kingdom","_seopress_titles_desc":"Le tuyau de ventilation flexible Sonoconnect est la solution id\u00e9ale pour une ventilation silencieuse !","_seopress_robots_index":""},"product_brand":[],"product_cat":[750],"product_tag":[],"class_list":{"0":"post-32676","1":"product","2":"type-product","3":"status-publish","4":"has-post-thumbnail","6":"product_cat-gaines-en","9":"instock","10":"taxable","11":"shipping-taxable","12":"purchasable","13":"product-type-simple","14":"product-grid-view"},"_links":{"self":[{"href":"https:\/\/greenkingdom.ch\/en\/wp-json\/wp\/v2\/product\/32676","targetHints":{"allow":["GET"]}}],"collection":[{"href":"https:\/\/greenkingdom.ch\/en\/wp-json\/wp\/v2\/product"}],"about":[{"href":"https:\/\/greenkingdom.ch\/en\/wp-json\/wp\/v2\/types\/product"}],"replies":[{"embeddable":true,"href":"https:\/\/greenkingdom.ch\/en\/wp-json\/wp\/v2\/comments?post=32676"}],"version-history":[{"count":1,"href":"https:\/\/greenkingdom.ch\/en\/wp-json\/wp\/v2\/product\/32676\/revisions"}],"predecessor-version":[{"id":32690,"href":"https:\/\/greenkingdom.ch\/en\/wp-json\/wp\/v2\/product\/32676\/revisions\/32690"}],"wp:featuredmedia":[{"embeddable":true,"href":"https:\/\/greenkingdom.ch\/en\/wp-json\/wp\/v2\/media\/32605"}],"wp:attachment":[{"href":"https:\/\/greenkingdom.ch\/en\/wp-json\/wp\/v2\/media?parent=32676"}],"wp:term":[{"taxonomy":"product_brand","embeddable":true,"href":"https:\/\/greenkingdom.ch\/en\/wp-json\/wp\/v2\/product_brand?post=32676"},{"taxonomy":"product_cat","embeddable":true,"href":"https:\/\/greenkingdom.ch\/en\/wp-json\/wp\/v2\/product_cat?post=32676"},{"taxonomy":"product_tag","embeddable":true,"href":"https:\/\/greenkingdom.ch\/en\/wp-json\/wp\/v2\/product_tag?post=32676"}],"curies":[{"name":"wp","href":"https:\/\/api.w.org\/{rel}","templated":true}]}}