{"id":33223,"date":"2025-02-19T13:56:48","date_gmt":"2025-02-19T12:56:48","guid":{"rendered":"https:\/\/greenkingdom.ch\/product\/garland-couverture-de-serre-xl\/"},"modified":"2025-03-12T15:54:49","modified_gmt":"2025-03-12T14:54:49","slug":"garland-couverture-de-serre-xl","status":"publish","type":"product","link":"https:\/\/greenkingdom.ch\/en\/product\/garland-couverture-de-serre-xl\/","title":{"rendered":"Garland Couverture De Serre XL"},"content":{"rendered":"<p>La couverture de serre Garland XL est sp\u00e9cialement con\u00e7ue pour s&#8217;adapter aux mod\u00e8les Garland XL<\/p>\n","protected":false},"excerpt":{"rendered":"<p>La couverture de serre Garland XL est sp\u00e9cialement con\u00e7ue pour s&#8217;adapter aux mod\u00e8les Garland XL<\/p>\n","protected":false},"featured_media":33219,"comment_status":"open","ping_status":"closed","template":"","meta":{"_seopress_robots_primary_cat":"none","_seopress_titles_title":"Garland Couverture De Serre XL","_seopress_titles_desc":"La couverture de serre Garland XL est sp\u00e9cialement con\u00e7ue pour s'adapter aux mod\u00e8les Garland XL","_seopress_robots_index":""},"product_brand":[],"product_cat":[769,770],"product_tag":[],"class_list":{"0":"post-33223","1":"product","2":"type-product","3":"status-publish","4":"has-post-thumbnail","6":"product_cat-germination-and-cuttings","7":"product_cat-greenhouses","10":"instock","11":"taxable","12":"shipping-taxable","13":"purchasable","14":"product-type-simple","15":"product-grid-view"},"_links":{"self":[{"href":"https:\/\/greenkingdom.ch\/en\/wp-json\/wp\/v2\/product\/33223","targetHints":{"allow":["GET"]}}],"collection":[{"href":"https:\/\/greenkingdom.ch\/en\/wp-json\/wp\/v2\/product"}],"about":[{"href":"https:\/\/greenkingdom.ch\/en\/wp-json\/wp\/v2\/types\/product"}],"replies":[{"embeddable":true,"href":"https:\/\/greenkingdom.ch\/en\/wp-json\/wp\/v2\/comments?post=33223"}],"version-history":[{"count":1,"href":"https:\/\/greenkingdom.ch\/en\/wp-json\/wp\/v2\/product\/33223\/revisions"}],"predecessor-version":[{"id":33226,"href":"https:\/\/greenkingdom.ch\/en\/wp-json\/wp\/v2\/product\/33223\/revisions\/33226"}],"wp:featuredmedia":[{"embeddable":true,"href":"https:\/\/greenkingdom.ch\/en\/wp-json\/wp\/v2\/media\/33219"}],"wp:attachment":[{"href":"https:\/\/greenkingdom.ch\/en\/wp-json\/wp\/v2\/media?parent=33223"}],"wp:term":[{"taxonomy":"product_brand","embeddable":true,"href":"https:\/\/greenkingdom.ch\/en\/wp-json\/wp\/v2\/product_brand?post=33223"},{"taxonomy":"product_cat","embeddable":true,"href":"https:\/\/greenkingdom.ch\/en\/wp-json\/wp\/v2\/product_cat?post=33223"},{"taxonomy":"product_tag","embeddable":true,"href":"https:\/\/greenkingdom.ch\/en\/wp-json\/wp\/v2\/product_tag?post=33223"}],"curies":[{"name":"wp","href":"https:\/\/api.w.org\/{rel}","templated":true}]}}