{"id":33347,"date":"2025-02-19T15:02:06","date_gmt":"2025-02-19T14:02:06","guid":{"rendered":"https:\/\/greenkingdom.ch\/?post_type=product&#038;p=33347"},"modified":"2025-02-19T15:05:49","modified_gmt":"2025-02-19T14:05:49","slug":"garland-greenhouse-container-xl-copie-copie-copie-copie-copie-copie-copie-copie-copie","status":"publish","type":"product","link":"https:\/\/greenkingdom.ch\/en\/product\/garland-greenhouse-container-xl-copie-copie-copie-copie-copie-copie-copie-copie-copie\/","title":{"rendered":"Garland Greenhouse Container XL (Copie) (Copie) (Copie) (Copie) (Copie) (Copie) (Copie) (Copie) (Copie)"},"content":{"rendered":"<p>Garland Container for XL Greenhouse<\/p>\n","protected":false},"excerpt":{"rendered":"<p>Garland Container for XL Greenhouse<\/p>\n","protected":false},"featured_media":33325,"comment_status":"open","ping_status":"closed","template":"","meta":{"_seopress_robots_primary_cat":"none","_seopress_titles_title":"Nutriculture Plateau Flexible 150x150","_seopress_titles_desc":"Gr\u00e2ce \u00e0 sa grande flexibilit\u00e9, ce bac de r\u00e9cup\u00e9ration peut s'adapter facilement \u00e0 des espaces o\u00f9 d'autres mod\u00e8les ne conviennent pas.","_seopress_robots_index":""},"product_brand":[],"product_cat":[597],"product_tag":[],"class_list":{"0":"post-33347","1":"product","2":"type-product","3":"status-publish","4":"has-post-thumbnail","6":"product_cat-pots-and-containers","9":"instock","10":"taxable","11":"shipping-taxable","12":"purchasable","13":"product-type-simple","14":"product-grid-view"},"_links":{"self":[{"href":"https:\/\/greenkingdom.ch\/en\/wp-json\/wp\/v2\/product\/33347","targetHints":{"allow":["GET"]}}],"collection":[{"href":"https:\/\/greenkingdom.ch\/en\/wp-json\/wp\/v2\/product"}],"about":[{"href":"https:\/\/greenkingdom.ch\/en\/wp-json\/wp\/v2\/types\/product"}],"replies":[{"embeddable":true,"href":"https:\/\/greenkingdom.ch\/en\/wp-json\/wp\/v2\/comments?post=33347"}],"version-history":[{"count":1,"href":"https:\/\/greenkingdom.ch\/en\/wp-json\/wp\/v2\/product\/33347\/revisions"}],"predecessor-version":[{"id":33356,"href":"https:\/\/greenkingdom.ch\/en\/wp-json\/wp\/v2\/product\/33347\/revisions\/33356"}],"wp:featuredmedia":[{"embeddable":true,"href":"https:\/\/greenkingdom.ch\/en\/wp-json\/wp\/v2\/media\/33325"}],"wp:attachment":[{"href":"https:\/\/greenkingdom.ch\/en\/wp-json\/wp\/v2\/media?parent=33347"}],"wp:term":[{"taxonomy":"product_brand","embeddable":true,"href":"https:\/\/greenkingdom.ch\/en\/wp-json\/wp\/v2\/product_brand?post=33347"},{"taxonomy":"product_cat","embeddable":true,"href":"https:\/\/greenkingdom.ch\/en\/wp-json\/wp\/v2\/product_cat?post=33347"},{"taxonomy":"product_tag","embeddable":true,"href":"https:\/\/greenkingdom.ch\/en\/wp-json\/wp\/v2\/product_tag?post=33347"}],"curies":[{"name":"wp","href":"https:\/\/api.w.org\/{rel}","templated":true}]}}