{"id":33654,"date":"2025-03-12T13:36:52","date_gmt":"2025-03-12T12:36:52","guid":{"rendered":"https:\/\/greenkingdom.ch\/product\/ona-breeze-bundle\/"},"modified":"2025-03-12T13:45:16","modified_gmt":"2025-03-12T12:45:16","slug":"ona-breeze-bundle","status":"publish","type":"product","link":"https:\/\/greenkingdom.ch\/en\/product\/ona-breeze-bundle\/","title":{"rendered":"Ona Breeze Bundle"},"content":{"rendered":"<p data-start=\"0\" data-end=\"542\">Le pack Ona Breeze Bundle comprend un ventilateur Ona Breeze et un r\u00e9cipient de gel Ona Apple Crumble de 4L. Ce ventilateur est con\u00e7u pour diffuser une brise agr\u00e9able tout en r\u00e9partissant de mani\u00e8re rapide et efficace les substances neutralisantes d&#8217;odeurs. Il optimise l\u2019action de l\u2019Ona Gel en acc\u00e9l\u00e9rant la dispersion de ses propri\u00e9t\u00e9s, offrant ainsi une \u00e9limination des odeurs plus rapide qu\u2019en laissant simplement le gel \u00e0 l\u2019air libre. Gr\u00e2ce \u00e0 ce ventilateur, le parfum Ona se diffuse de mani\u00e8re uniforme et constante dans toute la pi\u00e8ce.<\/p>\n<p data-start=\"544\" data-end=\"871\">Le ventilateur Ona Breeze est compatible avec tous les r\u00e9cipients Ona Gel de 1L et 4L, offrant une solution flexible et efficace pour le traitement des odeurs. Le gel Ona Apple Crumble de 4L est l&#8217;une des m\u00e9thodes les plus puissantes pour \u00e9liminer les mauvaises odeurs, tout en lib\u00e9rant un parfum intense et agr\u00e9able de pomme.<\/p>\n<p data-start=\"873\" data-end=\"1421\">Ce gel a \u00e9t\u00e9 con\u00e7u apr\u00e8s plusieurs ann\u00e9es de recherche, garantissant une formulation optimale qui pr\u00e9serve les huiles essentielles pour qu&#8217;aucune goutte ne soit perdue. Gr\u00e2ce \u00e0 sa structure particuli\u00e8re, le gel emp\u00eache les ar\u00f4mes de se dess\u00e9cher ou de s&#8217;\u00e9vaporer trop rapidement. Il peut \u00e9galement \u00eatre r\u00e9activ\u00e9 avec de l&#8217;eau si n\u00e9cessaire, prolongeant ainsi son efficacit\u00e9. Pour encore plus de durabilit\u00e9, il est possible de recharger le gel avec du liquide ONA lorsque son pouvoir neutralisant commence \u00e0 diminuer, tout en prolongeant son action.<\/p>\n<p data-start=\"1423\" data-end=\"1606\" data-is-last-node=\"\" data-is-only-node=\"\">Le gel Ona conserve son efficacit\u00e9 pendant au moins trois mois, et son utilisation avec le ventilateur Ona Breeze permet de maintenir une \u00e9limination des odeurs constante et optimale.<\/p>\n","protected":false},"excerpt":{"rendered":"<p>Le pack Ona Breeze Bundle comprend un ventilateur Ona Breeze et un r\u00e9cipient de gel Ona Apple Crumble de 4L. Ce ventilateur est con\u00e7u pour diffuser une brise agr\u00e9able tout en r\u00e9partissant de mani\u00e8re rapide et efficace les substances neutralisantes d&#8217;odeurs. Il optimise l\u2019action de l\u2019Ona Gel en acc\u00e9l\u00e9rant la dispersion de ses propri\u00e9t\u00e9s, offrant [&hellip;]<\/p>\n","protected":false},"featured_media":33650,"comment_status":"open","ping_status":"closed","template":"","meta":{"_seopress_robots_primary_cat":"none","_seopress_titles_title":"Ona Breeze Bundle (Apple Crumble) - Green Kingdom","_seopress_titles_desc":"Le gel Ona conserve son efficacit\u00e9 pendant au moins trois mois, et son utilisation avec le ventilateur Ona Breeze permet de maintenir une \u00e9limination des odeurs constante et optimale.","_seopress_robots_index":""},"product_brand":[],"product_cat":[786],"product_tag":[],"class_list":{"0":"post-33654","1":"product","2":"type-product","3":"status-publish","4":"has-post-thumbnail","6":"product_cat-odor-treatment","9":"instock","10":"taxable","11":"shipping-taxable","12":"purchasable","13":"product-type-simple","14":"product-grid-view"},"_links":{"self":[{"href":"https:\/\/greenkingdom.ch\/en\/wp-json\/wp\/v2\/product\/33654","targetHints":{"allow":["GET"]}}],"collection":[{"href":"https:\/\/greenkingdom.ch\/en\/wp-json\/wp\/v2\/product"}],"about":[{"href":"https:\/\/greenkingdom.ch\/en\/wp-json\/wp\/v2\/types\/product"}],"replies":[{"embeddable":true,"href":"https:\/\/greenkingdom.ch\/en\/wp-json\/wp\/v2\/comments?post=33654"}],"version-history":[{"count":1,"href":"https:\/\/greenkingdom.ch\/en\/wp-json\/wp\/v2\/product\/33654\/revisions"}],"predecessor-version":[{"id":33657,"href":"https:\/\/greenkingdom.ch\/en\/wp-json\/wp\/v2\/product\/33654\/revisions\/33657"}],"wp:featuredmedia":[{"embeddable":true,"href":"https:\/\/greenkingdom.ch\/en\/wp-json\/wp\/v2\/media\/33650"}],"wp:attachment":[{"href":"https:\/\/greenkingdom.ch\/en\/wp-json\/wp\/v2\/media?parent=33654"}],"wp:term":[{"taxonomy":"product_brand","embeddable":true,"href":"https:\/\/greenkingdom.ch\/en\/wp-json\/wp\/v2\/product_brand?post=33654"},{"taxonomy":"product_cat","embeddable":true,"href":"https:\/\/greenkingdom.ch\/en\/wp-json\/wp\/v2\/product_cat?post=33654"},{"taxonomy":"product_tag","embeddable":true,"href":"https:\/\/greenkingdom.ch\/en\/wp-json\/wp\/v2\/product_tag?post=33654"}],"curies":[{"name":"wp","href":"https:\/\/api.w.org\/{rel}","templated":true}]}}