{"id":33671,"date":"2025-03-12T13:50:29","date_gmt":"2025-03-12T12:50:29","guid":{"rendered":"https:\/\/greenkingdom.ch\/?post_type=product&#038;p=33671"},"modified":"2025-03-12T13:52:44","modified_gmt":"2025-03-12T12:52:44","slug":"ona-block-dispenser","status":"publish","type":"product","link":"https:\/\/greenkingdom.ch\/en\/product\/ona-block-dispenser\/","title":{"rendered":"Ona Block Dispenser"},"content":{"rendered":"<p>Le distributeur de bloc Ona est un appareil automatis\u00e9 con\u00e7u pour diffuser du parfum d\u2019ambiance, avec la possibilit\u00e9 de contr\u00f4ler les cycles de ventilation. Ce distributeur intelligent ajuste automatiquement sa diffusion en fonction du moment de la journ\u00e9e, arr\u00eatant ses \u00e9missions durant la nuit pour offrir un usage plus discret. Toutefois, cette fonction peut \u00eatre d\u00e9sactiv\u00e9e si vous pr\u00e9f\u00e9rez un fonctionnement continu.<\/p>\n<p>Sp\u00e9cialement con\u00e7u pour la diffusion automatique du bloc Ona, ce distributeur garantit une gestion efficace et pratique des odeurs. Il fonctionne avec deux piles AA, offrant ainsi une solution simple et autonome pour maintenir une ambiance fra\u00eeche et agr\u00e9able.<\/p>\n","protected":false},"excerpt":{"rendered":"<p>Le distributeur de bloc Ona est un appareil automatis\u00e9 con\u00e7u pour diffuser du parfum d\u2019ambiance, avec la possibilit\u00e9 de contr\u00f4ler les cycles de ventilation. Ce distributeur intelligent ajuste automatiquement sa diffusion en fonction du moment de la journ\u00e9e, arr\u00eatant ses \u00e9missions durant la nuit pour offrir un usage plus discret. Toutefois, cette fonction peut \u00eatre [&hellip;]<\/p>\n","protected":false},"featured_media":33675,"comment_status":"open","ping_status":"closed","template":"","meta":{"_seopress_robots_primary_cat":"none","_seopress_titles_title":"Ona Block Dispenser - Green Kingdom","_seopress_titles_desc":"Le distributeur de bloc Ona est un appareil automatis\u00e9 con\u00e7u pour diffuser du parfum d\u2019ambiance, avec la possibilit\u00e9 de contr\u00f4ler les cycles de ventilation.","_seopress_robots_index":""},"product_brand":[],"product_cat":[786],"product_tag":[],"class_list":{"0":"post-33671","1":"product","2":"type-product","3":"status-publish","4":"has-post-thumbnail","6":"product_cat-odor-treatment","9":"instock","10":"taxable","11":"shipping-taxable","12":"purchasable","13":"product-type-simple","14":"product-grid-view"},"_links":{"self":[{"href":"https:\/\/greenkingdom.ch\/en\/wp-json\/wp\/v2\/product\/33671","targetHints":{"allow":["GET"]}}],"collection":[{"href":"https:\/\/greenkingdom.ch\/en\/wp-json\/wp\/v2\/product"}],"about":[{"href":"https:\/\/greenkingdom.ch\/en\/wp-json\/wp\/v2\/types\/product"}],"replies":[{"embeddable":true,"href":"https:\/\/greenkingdom.ch\/en\/wp-json\/wp\/v2\/comments?post=33671"}],"version-history":[{"count":1,"href":"https:\/\/greenkingdom.ch\/en\/wp-json\/wp\/v2\/product\/33671\/revisions"}],"predecessor-version":[{"id":33678,"href":"https:\/\/greenkingdom.ch\/en\/wp-json\/wp\/v2\/product\/33671\/revisions\/33678"}],"wp:featuredmedia":[{"embeddable":true,"href":"https:\/\/greenkingdom.ch\/en\/wp-json\/wp\/v2\/media\/33675"}],"wp:attachment":[{"href":"https:\/\/greenkingdom.ch\/en\/wp-json\/wp\/v2\/media?parent=33671"}],"wp:term":[{"taxonomy":"product_brand","embeddable":true,"href":"https:\/\/greenkingdom.ch\/en\/wp-json\/wp\/v2\/product_brand?post=33671"},{"taxonomy":"product_cat","embeddable":true,"href":"https:\/\/greenkingdom.ch\/en\/wp-json\/wp\/v2\/product_cat?post=33671"},{"taxonomy":"product_tag","embeddable":true,"href":"https:\/\/greenkingdom.ch\/en\/wp-json\/wp\/v2\/product_tag?post=33671"}],"curies":[{"name":"wp","href":"https:\/\/api.w.org\/{rel}","templated":true}]}}