{"id":33751,"date":"2025-03-12T14:12:48","date_gmt":"2025-03-12T13:12:48","guid":{"rendered":"https:\/\/greenkingdom.ch\/?post_type=product&#038;p=33751"},"modified":"2025-03-12T14:26:55","modified_gmt":"2025-03-12T13:26:55","slug":"ona-block-fruit-fusion","status":"publish","type":"product","link":"https:\/\/greenkingdom.ch\/en\/product\/ona-block-fruit-fusion\/","title":{"rendered":"ONA Block Fruit Fusion 170g"},"content":{"rendered":"<p>Le bloc ONA est con\u00e7u pour neutraliser efficacement les odeurs dans des espaces restreints tels que les armoires, les entr\u00e9es, les greniers, les voitures, les sacs de sport, les bateaux, les cuisines, les poubelles ou les bouches d&#8217;a\u00e9ration. D\u2019une taille compacte de 9&#215;8,5 cm, il s&#8217;adapte facilement \u00e0 la plupart des endroits.<\/p>\n<p>Il suffit d&#8217;enlever le couvercle ou de percer quelques petits trous pour lib\u00e9rer son puissant neutralisateur d&#8217;odeurs, permettant de maintenir l\u2019espace frais et sans mauvaises odeurs. Le bloc ONA est facilement rempla\u00e7able lorsqu&#8217;il est n\u00e9cessaire, offrant une solution pratique et durable.<\/p>\n<p>Ce produit est simple \u00e0 utiliser et extr\u00eamement efficace pour cr\u00e9er une atmosph\u00e8re propre et agr\u00e9able. Il fonctionne discr\u00e8tement, \u00e9liminant les odeurs ind\u00e9sirables dans des espaces vari\u00e9s, que ce soit \u00e0 la maison, dans une voiture ou tout autre endroit.<\/p>\n<p>Gr\u00e2ce \u00e0 sa taille compacte, le bloc ONA se place facilement sans prendre de place, tout en offrant une performance optimale. Il constitue une solution id\u00e9ale pour garder les petites zones constamment fra\u00eeches et parfum\u00e9es.<\/p>\n","protected":false},"excerpt":{"rendered":"<p>Le bloc ONA est con\u00e7u pour neutraliser efficacement les odeurs dans des espaces restreints tels que les armoires, les entr\u00e9es, les greniers, les voitures, les sacs de sport, les bateaux, les cuisines, les poubelles ou les bouches d&#8217;a\u00e9ration. D\u2019une taille compacte de 9&#215;8,5 cm, il s&#8217;adapte facilement \u00e0 la plupart des endroits. Il suffit d&#8217;enlever [&hellip;]<\/p>\n","protected":false},"featured_media":33790,"comment_status":"open","ping_status":"closed","template":"","meta":{"_seopress_robots_primary_cat":"none","_seopress_titles_title":"ONA Block (Fruit Fusion) - Green Kingdom","_seopress_titles_desc":"Le bloc ONA est con\u00e7u pour neutraliser efficacement les odeurs dans des espaces restreints tels que les armoires, les entr\u00e9es, les greniers, les voitures, les sacs de sport, les bateaux, les cuisines, les poubelles ou les bouches d'a\u00e9ration.","_seopress_robots_index":""},"product_brand":[],"product_cat":[786],"product_tag":[],"class_list":{"0":"post-33751","1":"product","2":"type-product","3":"status-publish","4":"has-post-thumbnail","6":"product_cat-odor-treatment","9":"instock","10":"taxable","11":"shipping-taxable","12":"purchasable","13":"product-type-simple","14":"product-grid-view"},"_links":{"self":[{"href":"https:\/\/greenkingdom.ch\/en\/wp-json\/wp\/v2\/product\/33751","targetHints":{"allow":["GET"]}}],"collection":[{"href":"https:\/\/greenkingdom.ch\/en\/wp-json\/wp\/v2\/product"}],"about":[{"href":"https:\/\/greenkingdom.ch\/en\/wp-json\/wp\/v2\/types\/product"}],"replies":[{"embeddable":true,"href":"https:\/\/greenkingdom.ch\/en\/wp-json\/wp\/v2\/comments?post=33751"}],"version-history":[{"count":1,"href":"https:\/\/greenkingdom.ch\/en\/wp-json\/wp\/v2\/product\/33751\/revisions"}],"predecessor-version":[{"id":33793,"href":"https:\/\/greenkingdom.ch\/en\/wp-json\/wp\/v2\/product\/33751\/revisions\/33793"}],"wp:featuredmedia":[{"embeddable":true,"href":"https:\/\/greenkingdom.ch\/en\/wp-json\/wp\/v2\/media\/33790"}],"wp:attachment":[{"href":"https:\/\/greenkingdom.ch\/en\/wp-json\/wp\/v2\/media?parent=33751"}],"wp:term":[{"taxonomy":"product_brand","embeddable":true,"href":"https:\/\/greenkingdom.ch\/en\/wp-json\/wp\/v2\/product_brand?post=33751"},{"taxonomy":"product_cat","embeddable":true,"href":"https:\/\/greenkingdom.ch\/en\/wp-json\/wp\/v2\/product_cat?post=33751"},{"taxonomy":"product_tag","embeddable":true,"href":"https:\/\/greenkingdom.ch\/en\/wp-json\/wp\/v2\/product_tag?post=33751"}],"curies":[{"name":"wp","href":"https:\/\/api.w.org\/{rel}","templated":true}]}}