{"id":34491,"date":"2025-03-12T17:56:51","date_gmt":"2025-03-12T16:56:51","guid":{"rendered":"https:\/\/greenkingdom.ch\/?post_type=product&#038;p=34491"},"modified":"2025-03-12T18:01:57","modified_gmt":"2025-03-12T17:01:57","slug":"sanlight-cable-dextension-dalimentation-droit-2m","status":"publish","type":"product","link":"https:\/\/greenkingdom.ch\/en\/product\/sanlight-cable-dextension-dalimentation-droit-2m\/","title":{"rendered":"Sanlight C\u00e2ble d&#8217;extension d&#8217;alimentation droit 2m"},"content":{"rendered":"<p>Le c\u00e2ble d&#8217;extension d&#8217;alimentation de 2 m\u00e8tres est con\u00e7u pour offrir une flexibilit\u00e9 suppl\u00e9mentaire dans la connexion des luminaires Sanlight Q de 2\u00e8me g\u00e9n\u00e9ration. Il permet de relier plusieurs s\u00e9ries Sanlight Q entre elles ou de prolonger de mani\u00e8re pratique le c\u00e2ble de connexion \u00e9lectrique existant, tout en assurant une alimentation stable et fiable pour vos \u00e9quipements d&#8217;\u00e9clairage. Cette extension est id\u00e9ale pour ajuster la disposition de vos luminaires selon vos besoins et garantir une installation optimale de votre syst\u00e8me d&#8217;\u00e9clairage.<\/p>\n","protected":false},"excerpt":{"rendered":"<p>Le c\u00e2ble d&#8217;extension d&#8217;alimentation de 2 m\u00e8tres est con\u00e7u pour offrir une flexibilit\u00e9 suppl\u00e9mentaire dans la connexion des luminaires Sanlight Q de 2\u00e8me g\u00e9n\u00e9ration. Il permet de relier plusieurs s\u00e9ries Sanlight Q entre elles ou de prolonger de mani\u00e8re pratique le c\u00e2ble de connexion \u00e9lectrique existant, tout en assurant une alimentation stable et fiable pour [&hellip;]<\/p>\n","protected":false},"featured_media":34495,"comment_status":"open","ping_status":"closed","template":"","meta":{"_seopress_robots_primary_cat":"none","_seopress_titles_title":"Sanlight C\u00e2ble d'extension d'alimentation droit (2m) - Green Kingdom","_seopress_titles_desc":"Cette extension est id\u00e9ale pour ajuster la disposition de vos luminaires selon vos besoins et garantir une installation optimale de votre syst\u00e8me d'\u00e9clairage.","_seopress_robots_index":""},"product_brand":[],"product_cat":[558],"product_tag":[],"class_list":{"0":"post-34491","1":"product","2":"type-product","3":"status-publish","4":"has-post-thumbnail","6":"product_cat-led-en","9":"instock","10":"taxable","11":"shipping-taxable","12":"purchasable","13":"product-type-simple","14":"product-grid-view"},"_links":{"self":[{"href":"https:\/\/greenkingdom.ch\/en\/wp-json\/wp\/v2\/product\/34491","targetHints":{"allow":["GET"]}}],"collection":[{"href":"https:\/\/greenkingdom.ch\/en\/wp-json\/wp\/v2\/product"}],"about":[{"href":"https:\/\/greenkingdom.ch\/en\/wp-json\/wp\/v2\/types\/product"}],"replies":[{"embeddable":true,"href":"https:\/\/greenkingdom.ch\/en\/wp-json\/wp\/v2\/comments?post=34491"}],"version-history":[{"count":1,"href":"https:\/\/greenkingdom.ch\/en\/wp-json\/wp\/v2\/product\/34491\/revisions"}],"predecessor-version":[{"id":34498,"href":"https:\/\/greenkingdom.ch\/en\/wp-json\/wp\/v2\/product\/34491\/revisions\/34498"}],"wp:featuredmedia":[{"embeddable":true,"href":"https:\/\/greenkingdom.ch\/en\/wp-json\/wp\/v2\/media\/34495"}],"wp:attachment":[{"href":"https:\/\/greenkingdom.ch\/en\/wp-json\/wp\/v2\/media?parent=34491"}],"wp:term":[{"taxonomy":"product_brand","embeddable":true,"href":"https:\/\/greenkingdom.ch\/en\/wp-json\/wp\/v2\/product_brand?post=34491"},{"taxonomy":"product_cat","embeddable":true,"href":"https:\/\/greenkingdom.ch\/en\/wp-json\/wp\/v2\/product_cat?post=34491"},{"taxonomy":"product_tag","embeddable":true,"href":"https:\/\/greenkingdom.ch\/en\/wp-json\/wp\/v2\/product_tag?post=34491"}],"curies":[{"name":"wp","href":"https:\/\/api.w.org\/{rel}","templated":true}]}}