{"id":34503,"date":"2025-03-12T18:07:57","date_gmt":"2025-03-12T17:07:57","guid":{"rendered":"https:\/\/greenkingdom.ch\/?post_type=product&#038;p=34503"},"modified":"2025-03-12T18:09:37","modified_gmt":"2025-03-12T17:09:37","slug":"growcontrol-rj45-sanlight-evo-3m","status":"publish","type":"product","link":"https:\/\/greenkingdom.ch\/en\/product\/growcontrol-rj45-sanlight-evo-3m\/","title":{"rendered":"GrowControl RJ45 SANlight EVO 3m"},"content":{"rendered":"<p>Le c\u00e2ble RJ45 SANlight EVO de 3 m\u00e8tres permet de contr\u00f4ler l&#8217;intensit\u00e9 des luminaires LED SANlight EVO \u00e0 l&#8217;aide de la fonction de gradation 0-10V, que ce soit avec le syst\u00e8me GrowBase ou GrowBase Pro. Ce c\u00e2ble offre \u00e9galement la possibilit\u00e9 de simuler des effets de lever et de coucher du soleil, cr\u00e9ant ainsi des conditions de croissance plus naturelles pour vos plantes.<\/p>\n<p>Avec sa longueur de 3 m\u00e8tres, ce c\u00e2ble est polyvalent : il peut \u00eatre utilis\u00e9 pour commander des luminaires LED individuels ou pour relier plusieurs unit\u00e9s de LED \u00e0 l&#8217;aide de c\u00e2bles et adaptateurs compatibles avec d&#8217;autres fabricants.<\/p>\n<p>Le c\u00e2ble inclut deux fils, Dim-\/GND et Dim+\/0-10V, permettant une connexion directe sans n\u00e9cessiter de couper l&#8217;alimentation des LED. Gr\u00e2ce \u00e0 la fonction 0-10V, les luminaires peuvent \u00eatre totalement \u00e9teints ou ajust\u00e9s en intensit\u00e9 pour r\u00e9pondre \u00e0 vos besoins d&#8217;\u00e9clairage pr\u00e9cis.<\/p>\n","protected":false},"excerpt":{"rendered":"<p>Le c\u00e2ble RJ45 SANlight EVO de 3 m\u00e8tres permet de contr\u00f4ler l&#8217;intensit\u00e9 des luminaires LED SANlight EVO \u00e0 l&#8217;aide de la fonction de gradation 0-10V, que ce soit avec le syst\u00e8me GrowBase ou GrowBase Pro. Ce c\u00e2ble offre \u00e9galement la possibilit\u00e9 de simuler des effets de lever et de coucher du soleil, cr\u00e9ant ainsi des [&hellip;]<\/p>\n","protected":false},"featured_media":34507,"comment_status":"open","ping_status":"closed","template":"","meta":{"_seopress_robots_primary_cat":"none","_seopress_titles_title":"GrowControl RJ45 SANlight EVO (3m) - Green Kingdom","_seopress_titles_desc":"Cette extension est id\u00e9ale pour ajuster la disposition de vos luminaires selon vos besoins et garantir une installation optimale de votre syst\u00e8me d'\u00e9clairage.","_seopress_robots_index":""},"product_brand":[],"product_cat":[558],"product_tag":[],"class_list":{"0":"post-34503","1":"product","2":"type-product","3":"status-publish","4":"has-post-thumbnail","6":"product_cat-led-en","9":"instock","10":"taxable","11":"shipping-taxable","12":"purchasable","13":"product-type-simple","14":"product-grid-view"},"_links":{"self":[{"href":"https:\/\/greenkingdom.ch\/en\/wp-json\/wp\/v2\/product\/34503","targetHints":{"allow":["GET"]}}],"collection":[{"href":"https:\/\/greenkingdom.ch\/en\/wp-json\/wp\/v2\/product"}],"about":[{"href":"https:\/\/greenkingdom.ch\/en\/wp-json\/wp\/v2\/types\/product"}],"replies":[{"embeddable":true,"href":"https:\/\/greenkingdom.ch\/en\/wp-json\/wp\/v2\/comments?post=34503"}],"version-history":[{"count":2,"href":"https:\/\/greenkingdom.ch\/en\/wp-json\/wp\/v2\/product\/34503\/revisions"}],"predecessor-version":[{"id":34513,"href":"https:\/\/greenkingdom.ch\/en\/wp-json\/wp\/v2\/product\/34503\/revisions\/34513"}],"wp:featuredmedia":[{"embeddable":true,"href":"https:\/\/greenkingdom.ch\/en\/wp-json\/wp\/v2\/media\/34507"}],"wp:attachment":[{"href":"https:\/\/greenkingdom.ch\/en\/wp-json\/wp\/v2\/media?parent=34503"}],"wp:term":[{"taxonomy":"product_brand","embeddable":true,"href":"https:\/\/greenkingdom.ch\/en\/wp-json\/wp\/v2\/product_brand?post=34503"},{"taxonomy":"product_cat","embeddable":true,"href":"https:\/\/greenkingdom.ch\/en\/wp-json\/wp\/v2\/product_cat?post=34503"},{"taxonomy":"product_tag","embeddable":true,"href":"https:\/\/greenkingdom.ch\/en\/wp-json\/wp\/v2\/product_tag?post=34503"}],"curies":[{"name":"wp","href":"https:\/\/api.w.org\/{rel}","templated":true}]}}