{"id":34564,"date":"2025-03-12T18:18:20","date_gmt":"2025-03-12T17:18:20","guid":{"rendered":"https:\/\/greenkingdom.ch\/?post_type=product&#038;p=34564"},"modified":"2025-03-12T18:21:28","modified_gmt":"2025-03-12T17:21:28","slug":"repartiteur-en-y-4-voies-sanlight-flex-ii","status":"publish","type":"product","link":"https:\/\/greenkingdom.ch\/en\/product\/repartiteur-en-y-4-voies-sanlight-flex-ii\/","title":{"rendered":"R\u00e9partiteur en Y 4 voies Sanlight FLEX II"},"content":{"rendered":"<p>Le r\u00e9partiteur en Y 4 voies Sanlight FLEX II est un accessoire essentiel pour \u00e9tendre les capacit\u00e9s de votre syst\u00e8me d&#8217;\u00e9clairage SANlight FLEX II. Ce r\u00e9partiteur permet de connecter jusqu&#8217;\u00e0 quatre luminaires FLEX II \u00e0 un seul driver de 25W ou 60W, offrant une solution d&#8217;alimentation flexible et puissante.<\/p>\n<p>Con\u00e7u pour faciliter l&#8217;installation, le r\u00e9partiteur se connecte facilement \u00e0 votre pilote via la fiche WDC19male, puis permet de relier jusqu&#8217;\u00e0 quatre luminaires via les prises WDC19female. Que vous souhaitiez un \u00e9clairage concentr\u00e9 ou \u00e9tendu sur une grande surface, ce r\u00e9partiteur offre une grande polyvalence pour r\u00e9pondre \u00e0 vos besoins.<\/p>\n<p>Avec des c\u00e2bles de diff\u00e9rentes longueurs (55 cm et de 13 \u00e0 29 cm), ce r\u00e9partiteur vous permet d&#8217;ajuster la disposition de vos luminaires en fonction de l&#8217;agencement de votre espace. Vous pouvez ainsi placer vos lampes \u00e0 proximit\u00e9 les unes des autres ou les espacer pour une couverture plus large.<\/p>\n<p>Optimisez l&#8217;efficacit\u00e9 de votre \u00e9clairage SANlight FLEX II et cr\u00e9ez des configurations d&#8217;\u00e9clairage personnalis\u00e9es gr\u00e2ce \u00e0 ce r\u00e9partiteur en Y 4 voies. Adapt\u00e9 \u00e0 diff\u00e9rents types de projets de culture, cet accessoire vous permettra de maximiser les performances de vos luminaires.<\/p>\n","protected":false},"excerpt":{"rendered":"<p>Le r\u00e9partiteur en Y 4 voies Sanlight FLEX II est un accessoire essentiel pour \u00e9tendre les capacit\u00e9s de votre syst\u00e8me d&#8217;\u00e9clairage SANlight FLEX II. Ce r\u00e9partiteur permet de connecter jusqu&#8217;\u00e0 quatre luminaires FLEX II \u00e0 un seul driver de 25W ou 60W, offrant une solution d&#8217;alimentation flexible et puissante. Con\u00e7u pour faciliter l&#8217;installation, le r\u00e9partiteur [&hellip;]<\/p>\n","protected":false},"featured_media":34568,"comment_status":"open","ping_status":"closed","template":"","meta":{"_seopress_robots_primary_cat":"none","_seopress_titles_title":"R\u00e9partiteur en Y 4 voies Sanlight FLEX II - Green Kingdom","_seopress_titles_desc":"Optimisez l'efficacit\u00e9 de votre \u00e9clairage SANlight FLEX II et cr\u00e9ez des configurations d'\u00e9clairage personnalis\u00e9es gr\u00e2ce \u00e0 ce r\u00e9partiteur en Y 4 voies.","_seopress_robots_index":""},"product_brand":[],"product_cat":[558],"product_tag":[],"class_list":{"0":"post-34564","1":"product","2":"type-product","3":"status-publish","4":"has-post-thumbnail","6":"product_cat-led-en","9":"instock","10":"taxable","11":"shipping-taxable","12":"purchasable","13":"product-type-simple","14":"product-grid-view"},"_links":{"self":[{"href":"https:\/\/greenkingdom.ch\/en\/wp-json\/wp\/v2\/product\/34564","targetHints":{"allow":["GET"]}}],"collection":[{"href":"https:\/\/greenkingdom.ch\/en\/wp-json\/wp\/v2\/product"}],"about":[{"href":"https:\/\/greenkingdom.ch\/en\/wp-json\/wp\/v2\/types\/product"}],"replies":[{"embeddable":true,"href":"https:\/\/greenkingdom.ch\/en\/wp-json\/wp\/v2\/comments?post=34564"}],"version-history":[{"count":1,"href":"https:\/\/greenkingdom.ch\/en\/wp-json\/wp\/v2\/product\/34564\/revisions"}],"predecessor-version":[{"id":34571,"href":"https:\/\/greenkingdom.ch\/en\/wp-json\/wp\/v2\/product\/34564\/revisions\/34571"}],"wp:featuredmedia":[{"embeddable":true,"href":"https:\/\/greenkingdom.ch\/en\/wp-json\/wp\/v2\/media\/34568"}],"wp:attachment":[{"href":"https:\/\/greenkingdom.ch\/en\/wp-json\/wp\/v2\/media?parent=34564"}],"wp:term":[{"taxonomy":"product_brand","embeddable":true,"href":"https:\/\/greenkingdom.ch\/en\/wp-json\/wp\/v2\/product_brand?post=34564"},{"taxonomy":"product_cat","embeddable":true,"href":"https:\/\/greenkingdom.ch\/en\/wp-json\/wp\/v2\/product_cat?post=34564"},{"taxonomy":"product_tag","embeddable":true,"href":"https:\/\/greenkingdom.ch\/en\/wp-json\/wp\/v2\/product_tag?post=34564"}],"curies":[{"name":"wp","href":"https:\/\/api.w.org\/{rel}","templated":true}]}}