{"id":34620,"date":"2025-03-12T18:47:03","date_gmt":"2025-03-12T17:47:03","guid":{"rendered":"https:\/\/greenkingdom.ch\/?post_type=product&#038;p=34620"},"modified":"2025-03-12T18:49:15","modified_gmt":"2025-03-12T17:49:15","slug":"variateur-bluetooth-q-series-gen2","status":"publish","type":"product","link":"https:\/\/greenkingdom.ch\/en\/product\/variateur-bluetooth-q-series-gen2\/","title":{"rendered":"Variateur Bluetooth Q Series Gen2"},"content":{"rendered":"<p>Le <strong>Variateur Bluetooth Q Series Gen2<\/strong> permet de contr\u00f4ler l&#8217;intensit\u00e9 lumineuse des luminaires de la s\u00e9rie <strong>Q Gen2<\/strong> gr\u00e2ce \u00e0 la technologie <strong>Bluetooth Mesh<\/strong>. Chaque luminaire \u00e9quip\u00e9 de ce variateur peut \u00eatre ajust\u00e9 entre <strong>10 % et 100 %<\/strong> d&#8217;intensit\u00e9, offrant ainsi un contr\u00f4le pr\u00e9cis de l&#8217;\u00e9clairage.<\/p>\n<p>Avec l&#8217;application <strong>SANlight Mesh<\/strong>, il est possible de former des groupes de luminaires, permettant de g\u00e9rer l&#8217;intensit\u00e9 lumineuse de plusieurs unit\u00e9s simultan\u00e9ment \u00e0 l&#8217;aide d&#8217;un seul curseur. Cette application est disponible gratuitement sur le <strong>Google Play Store<\/strong> et permet de commander jusqu&#8217;\u00e0 <strong>3 200 luminaires<\/strong> dans un m\u00eame r\u00e9seau <strong>SANlight Mesh<\/strong>.<\/p>\n<p>Le variateur offre une gradation pr\u00e9cise, avec des ajustements possibles par incr\u00e9ments de <strong>1 %<\/strong>, et peut \u00eatre utilis\u00e9 pour r\u00e9guler chaque luminaire individuellement ou en groupe. La <strong>protection IP65<\/strong> garantit une r\u00e9sistance \u00e0 la poussi\u00e8re et \u00e0 l&#8217;eau, ce qui rend le variateur adapt\u00e9 \u00e0 des environnements divers.<\/p>\n<p>Il est con\u00e7u pour assurer une communication s\u00e9curis\u00e9e et est compatible avec les mises \u00e0 jour logicielles futures, permettant d&#8217;int\u00e9grer de nouvelles fonctionnalit\u00e9s. <strong>Attention<\/strong>, l&#8217;application <strong>SANlight Mesh<\/strong> est uniquement disponible pour les appareils Android \u00e0 partir de la version 6.0, et l&#8217;acc\u00e8s au Bluetooth n\u00e9cessite l&#8217;autorisation de localisation selon les exigences du syst\u00e8me d&#8217;exploitation.<\/p>\n","protected":false},"excerpt":{"rendered":"<p>Le Variateur Bluetooth Q Series Gen2 permet de contr\u00f4ler l&#8217;intensit\u00e9 lumineuse des luminaires de la s\u00e9rie Q Gen2 gr\u00e2ce \u00e0 la technologie Bluetooth Mesh. Chaque luminaire \u00e9quip\u00e9 de ce variateur peut \u00eatre ajust\u00e9 entre 10 % et 100 % d&#8217;intensit\u00e9, offrant ainsi un contr\u00f4le pr\u00e9cis de l&#8217;\u00e9clairage. Avec l&#8217;application SANlight Mesh, il est possible de [&hellip;]<\/p>\n","protected":false},"featured_media":34624,"comment_status":"open","ping_status":"closed","template":"","meta":{"_seopress_robots_primary_cat":"none","_seopress_titles_title":"Variateur Bluetooth Q Series Gen 2- Green Kingdom","_seopress_titles_desc":"Le Variateur Bluetooth Q Series Gen2 permet de contr\u00f4ler l'intensit\u00e9 lumineuse des luminaires de la s\u00e9rie Q Gen2 gr\u00e2ce \u00e0 la technologie Bluetooth Mesh.","_seopress_robots_index":""},"product_brand":[],"product_cat":[558],"product_tag":[],"class_list":{"0":"post-34620","1":"product","2":"type-product","3":"status-publish","4":"has-post-thumbnail","6":"product_cat-led-en","9":"instock","10":"taxable","11":"shipping-taxable","12":"purchasable","13":"product-type-simple","14":"product-grid-view"},"_links":{"self":[{"href":"https:\/\/greenkingdom.ch\/en\/wp-json\/wp\/v2\/product\/34620","targetHints":{"allow":["GET"]}}],"collection":[{"href":"https:\/\/greenkingdom.ch\/en\/wp-json\/wp\/v2\/product"}],"about":[{"href":"https:\/\/greenkingdom.ch\/en\/wp-json\/wp\/v2\/types\/product"}],"replies":[{"embeddable":true,"href":"https:\/\/greenkingdom.ch\/en\/wp-json\/wp\/v2\/comments?post=34620"}],"version-history":[{"count":1,"href":"https:\/\/greenkingdom.ch\/en\/wp-json\/wp\/v2\/product\/34620\/revisions"}],"predecessor-version":[{"id":34627,"href":"https:\/\/greenkingdom.ch\/en\/wp-json\/wp\/v2\/product\/34620\/revisions\/34627"}],"wp:featuredmedia":[{"embeddable":true,"href":"https:\/\/greenkingdom.ch\/en\/wp-json\/wp\/v2\/media\/34624"}],"wp:attachment":[{"href":"https:\/\/greenkingdom.ch\/en\/wp-json\/wp\/v2\/media?parent=34620"}],"wp:term":[{"taxonomy":"product_brand","embeddable":true,"href":"https:\/\/greenkingdom.ch\/en\/wp-json\/wp\/v2\/product_brand?post=34620"},{"taxonomy":"product_cat","embeddable":true,"href":"https:\/\/greenkingdom.ch\/en\/wp-json\/wp\/v2\/product_cat?post=34620"},{"taxonomy":"product_tag","embeddable":true,"href":"https:\/\/greenkingdom.ch\/en\/wp-json\/wp\/v2\/product_tag?post=34620"}],"curies":[{"name":"wp","href":"https:\/\/api.w.org\/{rel}","templated":true}]}}