{"id":15109,"date":"2024-08-28T09:35:26","date_gmt":"2024-08-28T07:35:26","guid":{"rendered":"https:\/\/greenkingdom.ch\/condizioni-generali-di-vendita\/"},"modified":"2024-09-09T09:43:48","modified_gmt":"2024-09-09T07:43:48","slug":"condizioni-generali-di-vendita","status":"publish","type":"page","link":"https:\/\/greenkingdom.ch\/it\/condizioni-generali-di-vendita\/","title":{"rendered":"Condizioni Generali di Vendita"},"content":{"rendered":"\n<h2 class=\"wp-block-heading\">Condizioni Generali di Vendita, Consegna e Pagamento<\/h2>\n\n<p><strong>1. Prezzo e pagamento<\/strong><\/p>\n\n<p>1.1 <strong>Prezzi<\/strong><br\/>I prezzi indicati sono netti e sono comprensivi di IVA svizzera per la vendita al dettaglio.\nPer rivenditori e grossisti, i prezzi sono indicati IVA esclusa. <\/p>\n\n<p>1.2 <strong>Termini di pagamento<\/strong><br\/>Tutte le spedizioni vengono effettuate dietro pagamento anticipato, tramite Postfinance direct, TWINT o dietro fattura (previa verifica della solvibilit\u00e0).\nNon sono previsti sconti e il pagamento anticipato non d\u00e0 diritto ad alcuno sconto. <\/p>\n\n<p>1.3 <strong>Consegna e assicurazione<\/strong><br\/>Per ordini superiori a CHF 500.00 e fino a CHF 1500.00, si consiglia l&#8217;opzione &#8220;Firma&#8221; per la consegna.\nPer ordini superiori a CHF 1500.00, consigliamo l&#8217;opzione \u00abAssicurazione\u00bb che copre fino a CHF 5000.00.\nGli articoli fragili devono essere sempre spediti con l&#8217;opzione \u00abFragile\u00bb e sono assicurati fino a CHF 5000.00.  <\/p>\n\n<p>1.4 <strong>Costi di spedizione<\/strong><br\/>In caso di mancato ritiro della consegna, verr\u00e0 addebitata una tassa di spedizione e di elaborazione di CHF 20.00.\nLe spese di spedizione esatte sono specificate nell&#8217;ordine. <\/p>\n\n<p>1.5 <strong>Propriet\u00e0 dei beni<\/strong><br\/>La merce rimane di propriet\u00e0 di GreenKingdom S\u00e0rl fino al completo pagamento.<\/p>\n\n<p><strong>2. Ordine e consegna<\/strong><\/p>\n\n<p>2.1 <strong>Offerta e ordine<\/strong><br\/>Le nostre offerte e conferme d&#8217;ordine non sono vincolanti per quanto riguarda il prezzo, la disponibilit\u00e0 dei prodotti e i tempi di consegna.\nVendiamo i nostri prodotti solo a persone di et\u00e0 superiore ai 18 anni e solo nei paesi in cui questi prodotti sono legali.\nLa responsabilit\u00e0 per la legalit\u00e0 dei prodotti ordinati \u00e8 dell&#8217;acquirente.  <\/p>\n\n<p>2.2 <strong>Tempi di consegna<\/strong><br\/>Il tempo massimo di consegna \u00e8 solitamente di 5 giorni lavorativi.\nGli ordini vengono spediti tramite corriere prioritario.\nLe spedizioni di pallet vengono effettuate da Planzer Transporte e gli ordini devono includere un numero di cellulare per la prenotazione.\nLe lettere vengono inviate via e-mail, ma non ci assumiamo alcuna responsabilit\u00e0 per gli invii non tracciati.   <\/p>\n\n<p>2.3 <strong>Consegne parziali ed espresse<\/strong><br\/>Le consegne parziali sono consentite e devono essere concordate in anticipo.\nLe consegne espresse, &#8220;fragili&#8221; o &#8220;firmate&#8221; sono a pagamento.\nLe consegne in un orario specifico o con notifica telefonica possono comportare costi aggiuntivi.  <\/p>\n\n<p>2.4 <strong>Responsabilit\u00e0<\/strong><br\/>Se la merce viene persa durante la spedizione, non possiamo essere ritenuti responsabili ma ti aiuteremo a risolvere il problema.\nGli articoli in vetro devono essere sempre ordinati con l&#8217;opzione &#8220;Fragile&#8221;.\nNon ci assumiamo alcuna responsabilit\u00e0 per danni agli articoli in vetro non ordinati con questa opzione.  <\/p>\n\n<p><strong>3. Metodo di pagamento della fattura<\/strong><\/p>\n\n<p>3.1 <strong>Verifica della solvibilit\u00e0<\/strong><br\/>GreenKingdom S\u00e0rl si riserva il diritto di richiedere informazioni sulla solvibilit\u00e0 del cliente per proteggere i suoi interessi.\nI dati necessari (nome, cognome e indirizzo) possono essere inoltrati a un&#8217;agenzia di informazioni creditizie esterna per la valutazione.\nLe informazioni ottenute influenzano la decisione di instaurare o proseguire un rapporto contrattuale.  <\/p>\n\n<p>3.2 <strong>Protezione dei dati<\/strong><br\/>La verifica della solvibilit\u00e0 viene effettuata nel rispetto delle leggi sulla protezione dei dati.\nSolo l&#8217;agenzia esterna sar\u00e0 in grado di fornirvi informazioni sui dati utilizzati per valutare la vostra solvibilit\u00e0. <\/p>\n","protected":false},"excerpt":{"rendered":"<p>Condizioni Generali di Vendita, Consegna e Pagamento 1. Prezzo e pagamento 1.1 PrezziI prezzi indicati sono netti e sono comprensivi di IVA svizzera per la vendita al dettaglio. Per rivenditori e grossisti, i prezzi sono indicati IVA esclusa. 1.2 Termini di pagamentoTutte le spedizioni vengono effettuate dietro pagamento anticipato, tramite Postfinance direct, TWINT o dietro [&hellip;]<\/p>\n","protected":false},"author":1,"featured_media":0,"parent":0,"menu_order":0,"comment_status":"closed","ping_status":"open","template":"","meta":{"_seopress_robots_primary_cat":"","_seopress_titles_title":"","_seopress_titles_desc":"","_seopress_robots_index":"","footnotes":""},"class_list":["post-15109","page","type-page","status-publish","hentry"],"_links":{"self":[{"href":"https:\/\/greenkingdom.ch\/it\/wp-json\/wp\/v2\/pages\/15109","targetHints":{"allow":["GET"]}}],"collection":[{"href":"https:\/\/greenkingdom.ch\/it\/wp-json\/wp\/v2\/pages"}],"about":[{"href":"https:\/\/greenkingdom.ch\/it\/wp-json\/wp\/v2\/types\/page"}],"author":[{"embeddable":true,"href":"https:\/\/greenkingdom.ch\/it\/wp-json\/wp\/v2\/users\/1"}],"replies":[{"embeddable":true,"href":"https:\/\/greenkingdom.ch\/it\/wp-json\/wp\/v2\/comments?post=15109"}],"version-history":[{"count":1,"href":"https:\/\/greenkingdom.ch\/it\/wp-json\/wp\/v2\/pages\/15109\/revisions"}],"predecessor-version":[{"id":15110,"href":"https:\/\/greenkingdom.ch\/it\/wp-json\/wp\/v2\/pages\/15109\/revisions\/15110"}],"wp:attachment":[{"href":"https:\/\/greenkingdom.ch\/it\/wp-json\/wp\/v2\/media?parent=15109"}],"curies":[{"name":"wp","href":"https:\/\/api.w.org\/{rel}","templated":true}]}}