{"id":18400,"date":"2024-10-11T16:41:26","date_gmt":"2024-10-11T14:41:26","guid":{"rendered":"https:\/\/greenkingdom.ch\/product\/plagron-lightmix-non-perlite-50l\/"},"modified":"2024-10-11T16:41:26","modified_gmt":"2024-10-11T14:41:26","slug":"plagron-lightmix-non-perlite-50l","status":"publish","type":"product","link":"https:\/\/greenkingdom.ch\/it\/prodotto\/plagron-lightmix-non-perlite-50l\/","title":{"rendered":"Plagron LightMix Non-Perlite 50L"},"content":{"rendered":"<p>Scopri Plagron Lightmix &#8211; Un substrato flessibile per una concimazione su misura e la massima resa. Plagron Lightmix \u00e8 la scelta perfetta per i giardinieri che vogliono personalizzare la concimazione delle loro piante. Questo substrato di alta qualit\u00e0 \u00e8 realizzato con torba accuratamente selezionata, arricchita con varie fibre per un&#8217;eccellente permeabilit\u00e0 all&#8217;aria e un&#8217;ossigenazione ottimale, caratteristica dei terricci di qualit\u00e0 Plagron. Con una concimazione minima, Lightmix ti d\u00e0 la libert\u00e0 di adattare gli input di nutrienti alle esigenze delle tue piante. Ideale per la concimazione personalizzata, questo substrato si abbina perfettamente ai fertilizzanti Plagron Terra Grow, ai fertilizzanti Terra Bloom e agli additivi Plagron per rese eccezionali. Pronto all&#8217;uso, Plagron Lightmix \u00e8 perfettamente adatto per la piantumazione e il rinvaso di piante da fiore. Inizia a concimare entro la prima settimana per ottenere risultati ottimali. Con Plagron Lightmix, scegli un substrato che offre il pieno controllo sulla fertilizzazione delle tue piante, creando al contempo le condizioni di crescita ideali. Riferimento EAN: 8718104121287<\/p>\n","protected":false},"excerpt":{"rendered":"<p>Scopri Plagron Lightmix &#8211; Un substrato flessibile per una concimazione su misura e la massima resa. Plagron Lightmix \u00e8 la scelta perfetta per i giardinieri che vogliono personalizzare la concimazione delle loro piante. Questo substrato di alta qualit\u00e0 \u00e8 realizzato con torba accuratamente selezionata, arricchita con varie fibre per un&#8217;eccellente permeabilit\u00e0 all&#8217;aria e un&#8217;ossigenazione ottimale, [&hellip;]<\/p>\n","protected":false},"featured_media":10029,"comment_status":"open","ping_status":"closed","template":"","meta":{"_seopress_robots_primary_cat":"","_seopress_titles_title":"","_seopress_titles_desc":"","_seopress_robots_index":""},"product_brand":[],"product_cat":[615],"product_tag":[],"class_list":{"0":"post-18400","1":"product","2":"type-product","3":"status-publish","4":"has-post-thumbnail","6":"product_cat-terriccio","9":"instock","10":"taxable","11":"shipping-taxable","12":"purchasable","13":"product-type-simple","14":"product-grid-view"},"_links":{"self":[{"href":"https:\/\/greenkingdom.ch\/it\/wp-json\/wp\/v2\/product\/18400","targetHints":{"allow":["GET"]}}],"collection":[{"href":"https:\/\/greenkingdom.ch\/it\/wp-json\/wp\/v2\/product"}],"about":[{"href":"https:\/\/greenkingdom.ch\/it\/wp-json\/wp\/v2\/types\/product"}],"replies":[{"embeddable":true,"href":"https:\/\/greenkingdom.ch\/it\/wp-json\/wp\/v2\/comments?post=18400"}],"version-history":[{"count":0,"href":"https:\/\/greenkingdom.ch\/it\/wp-json\/wp\/v2\/product\/18400\/revisions"}],"wp:featuredmedia":[{"embeddable":true,"href":"https:\/\/greenkingdom.ch\/it\/wp-json\/wp\/v2\/media\/10029"}],"wp:attachment":[{"href":"https:\/\/greenkingdom.ch\/it\/wp-json\/wp\/v2\/media?parent=18400"}],"wp:term":[{"taxonomy":"product_brand","embeddable":true,"href":"https:\/\/greenkingdom.ch\/it\/wp-json\/wp\/v2\/product_brand?post=18400"},{"taxonomy":"product_cat","embeddable":true,"href":"https:\/\/greenkingdom.ch\/it\/wp-json\/wp\/v2\/product_cat?post=18400"},{"taxonomy":"product_tag","embeddable":true,"href":"https:\/\/greenkingdom.ch\/it\/wp-json\/wp\/v2\/product_tag?post=18400"}],"curies":[{"name":"wp","href":"https:\/\/api.w.org\/{rel}","templated":true}]}}