{"id":18407,"date":"2024-10-11T16:41:27","date_gmt":"2024-10-11T14:41:27","guid":{"rendered":"https:\/\/greenkingdom.ch\/product\/canna-cocos-professional-plus-50l-palette-60pz\/"},"modified":"2024-10-11T16:41:27","modified_gmt":"2024-10-11T14:41:27","slug":"canna-cocos-professional-plus-50l-palette-60pz","status":"publish","type":"product","link":"https:\/\/greenkingdom.ch\/it\/prodotto\/canna-cocos-professional-plus-50l-palette-60pz\/","title":{"rendered":"Canna Cocos Professional Plus 50L Palette 60pz"},"content":{"rendered":"<p>Canna Coco Professional Plus \u00e8 conosciuta come la fibra di cocco pi\u00f9 bella, pura e pulita sul mercato. Questo substrato di cocco \u00e8 stato ampiamente testato ed \u00e8 considerato il migliore che puoi acquistare. Il suo prezzo pi\u00f9 elevato \u00e8 giustificato dalla sua eccezionale qualit\u00e0, in quanto pu\u00f2 essere tranquillamente riutilizzato pi\u00f9 volte. CANNA Coco Professional Plus \u00e8 un prodotto 100% biologico, con una struttura fine e omogenea, senza additivi chimici, virus o agenti patogeni. La sua materia prima premium e la sua purezza lo distinguono dagli altri substrati. La sua naturale struttura fibrosa spugnosa preserva i funghi benefici, come il Trichoderma, che proteggono le piante dalle malattie del suolo. Favorendo un buon radicamento e una crescita vigorosa, questo substrato pu\u00f2 essere riutilizzato ripetutamente. Questo substrato combina i vantaggi delle colture in terra e lana di roccia per una crescita precisa ed efficiente. Grazie al suo complesso sistema aria-acqua, supera di gran lunga gli altri substrati. Progettato specificamente per la coltivazione indoor, \u00e8 ideale sia per i professionisti che per i dilettanti. Certificato RHP, Canne Coco Professional Plus contiene microrganismi benefici che non vengono trattati a vapore. Le noci di cocco utilizzate sono accuratamente selezionate in India, preservate da sporco ed erbacce. Pre-imbevuti e tamponati, offrono uno dei migliori substrati per le tue piante. Goditi i benefici di Canna Coco Professional Plus, un substrato di qualit\u00e0 per una crescita sana e abbondante.  <\/p>\n","protected":false},"excerpt":{"rendered":"<p>Canna Coco Professional Plus \u00e8 conosciuta come la fibra di cocco pi\u00f9 bella, pura e pulita sul mercato. Questo substrato di cocco \u00e8 stato ampiamente testato ed \u00e8 considerato il migliore che puoi acquistare. Il suo prezzo pi\u00f9 elevato \u00e8 giustificato dalla sua eccezionale qualit\u00e0, in quanto pu\u00f2 essere tranquillamente riutilizzato pi\u00f9 volte. CANNA Coco [&hellip;]<\/p>\n","protected":false},"featured_media":8921,"comment_status":"open","ping_status":"closed","template":"","meta":{"_seopress_robots_primary_cat":"","_seopress_titles_title":"","_seopress_titles_desc":"","_seopress_robots_index":""},"product_brand":[],"product_cat":[611],"product_tag":[],"class_list":{"0":"post-18407","1":"product","2":"type-product","3":"status-publish","4":"has-post-thumbnail","6":"product_cat-cocco","9":"instock","10":"taxable","11":"shipping-taxable","12":"purchasable","13":"product-type-simple","14":"product-grid-view"},"_links":{"self":[{"href":"https:\/\/greenkingdom.ch\/it\/wp-json\/wp\/v2\/product\/18407","targetHints":{"allow":["GET"]}}],"collection":[{"href":"https:\/\/greenkingdom.ch\/it\/wp-json\/wp\/v2\/product"}],"about":[{"href":"https:\/\/greenkingdom.ch\/it\/wp-json\/wp\/v2\/types\/product"}],"replies":[{"embeddable":true,"href":"https:\/\/greenkingdom.ch\/it\/wp-json\/wp\/v2\/comments?post=18407"}],"version-history":[{"count":0,"href":"https:\/\/greenkingdom.ch\/it\/wp-json\/wp\/v2\/product\/18407\/revisions"}],"wp:featuredmedia":[{"embeddable":true,"href":"https:\/\/greenkingdom.ch\/it\/wp-json\/wp\/v2\/media\/8921"}],"wp:attachment":[{"href":"https:\/\/greenkingdom.ch\/it\/wp-json\/wp\/v2\/media?parent=18407"}],"wp:term":[{"taxonomy":"product_brand","embeddable":true,"href":"https:\/\/greenkingdom.ch\/it\/wp-json\/wp\/v2\/product_brand?post=18407"},{"taxonomy":"product_cat","embeddable":true,"href":"https:\/\/greenkingdom.ch\/it\/wp-json\/wp\/v2\/product_cat?post=18407"},{"taxonomy":"product_tag","embeddable":true,"href":"https:\/\/greenkingdom.ch\/it\/wp-json\/wp\/v2\/product_tag?post=18407"}],"curies":[{"name":"wp","href":"https:\/\/api.w.org\/{rel}","templated":true}]}}