{"id":18410,"date":"2024-10-11T16:41:27","date_gmt":"2024-10-11T14:41:27","guid":{"rendered":"https:\/\/greenkingdom.ch\/product\/ugro-cocos-rhiza-mattoni-5kg\/"},"modified":"2024-10-11T16:41:27","modified_gmt":"2024-10-11T14:41:27","slug":"ugro-cocos-rhiza-mattoni-5kg","status":"publish","type":"product","link":"https:\/\/greenkingdom.ch\/it\/prodotto\/ugro-cocos-rhiza-mattoni-5kg\/","title":{"rendered":"Ugro Cocos Rhiza Mattoni 5kg"},"content":{"rendered":"<p>Rhiza XL \u00e8 un blocco pressato di 5 kg di fibre di cocco vergini arricchite con endo-micorrize. Questo prodotto di alta qualit\u00e0 \u00e8 fabbricato da Finno e ha una notevole capacit\u00e0 di ritenzione idrica del 910%. Con soli 28 litri di acqua, otterrai 70 litri di substrato di cocco di alta qualit\u00e0. Perfetto per tutti i tipi di coltivazioni, sia indoor che outdoor. Consigliato per cicli riproduttivi stagionali. Questo blocco di cocco Finno \u00e8 il substrato ideale grazie alla sua leggerezza e al sacchetto di plastica con maniglia di trasporto integrata. Perfetto per i coltivatori che non possono portare il terreno nel loro spazio di coltivazione. I prodotti Finno sono realizzati con gusci di cocco e stanno diventando sempre pi\u00f9 popolari nell&#8217;orticoltura e nelle attivit\u00e0 ricreative commerciali grazie alla loro qualit\u00e0 costante e alla finitura premium. Questo substrato di fibra di cocco da 5 kg \u00e8 arricchito con endo-micorrize, che favoriscono la crescita delle radici, l&#8217;assorbimento dei nutrienti e la vitalit\u00e0 delle piante. \u00c8 pronto all&#8217;uso, biologico, biodegradabile e rispettoso dell&#8217;ambiente. Fornisci alle tue piante un substrato di alta qualit\u00e0 per aiutarle a prosperare. Dimensioni: 30 x 30 x 12 cm<br \/>\npH: 5,5 &#8211; 6,5<br \/>\nEC (1:1,5): &lt;0,6 mS\/cm<br \/>\nCapacit\u00e0 di stoccaggio dell&#8217;acqua: 910%<br \/>\nVolume: 70 litri = 5,18 Gal<br \/>\nPeso netto: 5 kg Tratta le tue piante al meglio con Rhiza XL di Finno. EAN: 609224330087    <\/p>\n","protected":false},"excerpt":{"rendered":"<p>Rhiza XL \u00e8 un blocco pressato di 5 kg di fibre di cocco vergini arricchite con endo-micorrize. Questo prodotto di alta qualit\u00e0 \u00e8 fabbricato da Finno e ha una notevole capacit\u00e0 di ritenzione idrica del 910%. Con soli 28 litri di acqua, otterrai 70 litri di substrato di cocco di alta qualit\u00e0. Perfetto per tutti [&hellip;]<\/p>\n","protected":false},"featured_media":10050,"comment_status":"open","ping_status":"closed","template":"","meta":{"_seopress_robots_primary_cat":"","_seopress_titles_title":"","_seopress_titles_desc":"","_seopress_robots_index":""},"product_brand":[],"product_cat":[611],"product_tag":[],"class_list":{"0":"post-18410","1":"product","2":"type-product","3":"status-publish","4":"has-post-thumbnail","6":"product_cat-cocco","9":"instock","10":"taxable","11":"shipping-taxable","12":"purchasable","13":"product-type-simple","14":"product-grid-view"},"_links":{"self":[{"href":"https:\/\/greenkingdom.ch\/it\/wp-json\/wp\/v2\/product\/18410","targetHints":{"allow":["GET"]}}],"collection":[{"href":"https:\/\/greenkingdom.ch\/it\/wp-json\/wp\/v2\/product"}],"about":[{"href":"https:\/\/greenkingdom.ch\/it\/wp-json\/wp\/v2\/types\/product"}],"replies":[{"embeddable":true,"href":"https:\/\/greenkingdom.ch\/it\/wp-json\/wp\/v2\/comments?post=18410"}],"version-history":[{"count":0,"href":"https:\/\/greenkingdom.ch\/it\/wp-json\/wp\/v2\/product\/18410\/revisions"}],"wp:featuredmedia":[{"embeddable":true,"href":"https:\/\/greenkingdom.ch\/it\/wp-json\/wp\/v2\/media\/10050"}],"wp:attachment":[{"href":"https:\/\/greenkingdom.ch\/it\/wp-json\/wp\/v2\/media?parent=18410"}],"wp:term":[{"taxonomy":"product_brand","embeddable":true,"href":"https:\/\/greenkingdom.ch\/it\/wp-json\/wp\/v2\/product_brand?post=18410"},{"taxonomy":"product_cat","embeddable":true,"href":"https:\/\/greenkingdom.ch\/it\/wp-json\/wp\/v2\/product_cat?post=18410"},{"taxonomy":"product_tag","embeddable":true,"href":"https:\/\/greenkingdom.ch\/it\/wp-json\/wp\/v2\/product_tag?post=18410"}],"curies":[{"name":"wp","href":"https:\/\/api.w.org\/{rel}","templated":true}]}}