{"id":18421,"date":"2024-10-11T16:41:27","date_gmt":"2024-10-11T14:41:27","guid":{"rendered":"https:\/\/greenkingdom.ch\/product\/plagron-cocos-lastre-pallet-200pz\/"},"modified":"2024-10-11T16:41:27","modified_gmt":"2024-10-11T14:41:27","slug":"plagron-cocos-lastre-pallet-200pz","status":"publish","type":"product","link":"https:\/\/greenkingdom.ch\/it\/prodotto\/plagron-cocos-lastre-pallet-200pz\/","title":{"rendered":"Plagron Cocos Lastre Pallet 200pz"},"content":{"rendered":"<p>Scopri Plagron Cocos Slab \u2013 la soluzione perfetta per l&#8217;idroponica Il Plagron Cocos Slab offre una qualit\u00e0 naturale per rese ottimali Il Plagron Cocos Slab \u00e8 la scelta ideale per chi cerca prodotti naturali e puri. Questo substrato di cocco completamente tamponato e lavato ha un&#8217;eccellente capacit\u00e0 di ritenzione idrica, il che significa che \u00e8 necessaria meno irrigazione. Conforme ai pi\u00f9 alti standard di qualit\u00e0, non contiene fertilizzanti ed \u00e8 adatto a tutti i tipi di nutrienti liquidi. In combinazione con gli additivi Plagron Cocos A&amp;B e Plagron, Cocos Slab garantisce rese eccezionali ed \u00e8 certificato dallo standard di qualit\u00e0 RHP. Facile da usare: La Cocos Slab offre semplicit\u00e0 d&#8217;uso in quanto le tue piante possono crescere direttamente nel substrato. Preformato per una crescita uniforme delle radici, \u00e8 dotato di fori di drenaggio pronti all&#8217;uso. Substrato pulito garantito: Grazie al suo accurato lavaggio e tamponamento, la lastra Cocos garantisce un basso valore EC. Tutti i sali indesiderati sono stati rimossi, evitando problemi di assorbimento dei nutrienti e garantendo una crescita e una fioritura ottimali. Massima qualit\u00e0: l&#8217;eccezionale qualit\u00e0 dei substrati di cocco Plagron \u00e8 confermata dal sigillo di qualit\u00e0 RHP. Ci\u00f2 garantisce la qualit\u00e0 e l&#8217;origine duratura del substrato, fornendo al contempo un&#8217;eccellente capacit\u00e0 di ritenzione idrica e una coltivazione sicura senza sabbia, erbacce o agenti patogeni. I principali vantaggi in sintesi: &#8211; Qualit\u00e0 naturale e pura<br \/>\n&#8211; Elevata capacit\u00e0 di ritenzione idrica<br \/>\n&#8211; Basso valore EC per un assorbimento ottimale dei nutrienti<br \/>\n&#8211; Funzionamento semplice grazie ai fori<br \/>\n di drenaggio preparati- Marchio di qualit\u00e0 RHP per una qualit\u00e0 garantita e un&#8217;origine sostenibile Utilizzo:<br \/>\nPrima dell&#8217;uso, agitare bene la Cocos Slab. Assicurati di avere abbastanza fori di drenaggio sul fondo della lastra di cocco. Posiziona le tue piante nel substrato e aggiungi sostanze nutritive ad ogni irrigazione. Dettagli tecnici: &#8211; Materiale: Substrato di cocco tamponato (torba di cocco e fibre di cocco)<br \/>\n&#8211; Valore pH: 5,8 &#8211; 6,8 (1:1,5)<br \/>\n&#8211; Valore EC: &lt;0,2 mS\/cm (1:1,5)<br \/>\n&#8211; Confezione: Sacco da 12 L Concediti il meglio per ottenere risultati ottimali con Plagron Cocos Slab.<\/p>\n","protected":false},"excerpt":{"rendered":"<p>Scopri Plagron Cocos Slab \u2013 la soluzione perfetta per l&#8217;idroponica Il Plagron Cocos Slab offre una qualit\u00e0 naturale per rese ottimali Il Plagron Cocos Slab \u00e8 la scelta ideale per chi cerca prodotti naturali e puri. Questo substrato di cocco completamente tamponato e lavato ha un&#8217;eccellente capacit\u00e0 di ritenzione idrica, il che significa che \u00e8 [&hellip;]<\/p>\n","protected":false},"featured_media":10041,"comment_status":"open","ping_status":"closed","template":"","meta":{"_seopress_robots_primary_cat":"","_seopress_titles_title":"","_seopress_titles_desc":"","_seopress_robots_index":""},"product_brand":[],"product_cat":[611],"product_tag":[],"class_list":{"0":"post-18421","1":"product","2":"type-product","3":"status-publish","4":"has-post-thumbnail","6":"product_cat-cocco","9":"instock","10":"taxable","11":"shipping-taxable","12":"purchasable","13":"product-type-simple","14":"product-grid-view"},"_links":{"self":[{"href":"https:\/\/greenkingdom.ch\/it\/wp-json\/wp\/v2\/product\/18421","targetHints":{"allow":["GET"]}}],"collection":[{"href":"https:\/\/greenkingdom.ch\/it\/wp-json\/wp\/v2\/product"}],"about":[{"href":"https:\/\/greenkingdom.ch\/it\/wp-json\/wp\/v2\/types\/product"}],"replies":[{"embeddable":true,"href":"https:\/\/greenkingdom.ch\/it\/wp-json\/wp\/v2\/comments?post=18421"}],"version-history":[{"count":0,"href":"https:\/\/greenkingdom.ch\/it\/wp-json\/wp\/v2\/product\/18421\/revisions"}],"wp:featuredmedia":[{"embeddable":true,"href":"https:\/\/greenkingdom.ch\/it\/wp-json\/wp\/v2\/media\/10041"}],"wp:attachment":[{"href":"https:\/\/greenkingdom.ch\/it\/wp-json\/wp\/v2\/media?parent=18421"}],"wp:term":[{"taxonomy":"product_brand","embeddable":true,"href":"https:\/\/greenkingdom.ch\/it\/wp-json\/wp\/v2\/product_brand?post=18421"},{"taxonomy":"product_cat","embeddable":true,"href":"https:\/\/greenkingdom.ch\/it\/wp-json\/wp\/v2\/product_cat?post=18421"},{"taxonomy":"product_tag","embeddable":true,"href":"https:\/\/greenkingdom.ch\/it\/wp-json\/wp\/v2\/product_tag?post=18421"}],"curies":[{"name":"wp","href":"https:\/\/api.w.org\/{rel}","templated":true}]}}