{"id":18460,"date":"2024-10-11T16:41:51","date_gmt":"2024-10-11T14:41:51","guid":{"rendered":"https:\/\/greenkingdom.ch\/product\/x-stream-20-posti\/"},"modified":"2024-10-11T16:41:51","modified_gmt":"2024-10-11T14:41:51","slug":"x-stream-20-posti","status":"publish","type":"product","link":"https:\/\/greenkingdom.ch\/it\/prodotto\/x-stream-20-posti\/","title":{"rendered":"X-Stream 20 posti"},"content":{"rendered":"<p>Scopri il propagatore X-Stream, un substrato di coltivazione aeroponico unico che promuove un&#8217;incredibile crescita delle radici, adatto a tutte le colture. Le piante sono pronte per essere ripiantate in pochissimo tempo, grazie alla sua capacit\u00e0 di 20 piante. Questo propagatore offre vantaggi come radici aeroponiche illimitate, regolazione ottimale del calore e dell&#8217;umidit\u00e0, nonch\u00e9 una zona radicale sterile che riduce le possibilit\u00e0 di malattie. Facile da installare con dimensioni di 59x47x44cm, il propagatore X-Stream \u00e8 un prodotto di qualit\u00e0 creato da Nutriculture. Abbraccia l&#8217;eccellenza con EAN 0702639866261.    <\/p>\n","protected":false},"excerpt":{"rendered":"<p>Scopri il propagatore X-Stream, un substrato di coltivazione aeroponico unico che promuove un&#8217;incredibile crescita delle radici, adatto a tutte le colture. Le piante sono pronte per essere ripiantate in pochissimo tempo, grazie alla sua capacit\u00e0 di 20 piante. Questo propagatore offre vantaggi come radici aeroponiche illimitate, regolazione ottimale del calore e dell&#8217;umidit\u00e0, nonch\u00e9 una zona [&hellip;]<\/p>\n","protected":false},"featured_media":10175,"comment_status":"open","ping_status":"closed","template":"","meta":{"_seopress_robots_primary_cat":"","_seopress_titles_title":"","_seopress_titles_desc":"","_seopress_robots_index":""},"product_brand":[],"product_cat":[620],"product_tag":[],"class_list":{"0":"post-18460","1":"product","2":"type-product","3":"status-publish","4":"has-post-thumbnail","6":"product_cat-sistemi-idroponici-e-aeroponici","9":"instock","10":"taxable","11":"shipping-taxable","12":"purchasable","13":"product-type-simple","14":"product-grid-view"},"_links":{"self":[{"href":"https:\/\/greenkingdom.ch\/it\/wp-json\/wp\/v2\/product\/18460","targetHints":{"allow":["GET"]}}],"collection":[{"href":"https:\/\/greenkingdom.ch\/it\/wp-json\/wp\/v2\/product"}],"about":[{"href":"https:\/\/greenkingdom.ch\/it\/wp-json\/wp\/v2\/types\/product"}],"replies":[{"embeddable":true,"href":"https:\/\/greenkingdom.ch\/it\/wp-json\/wp\/v2\/comments?post=18460"}],"version-history":[{"count":0,"href":"https:\/\/greenkingdom.ch\/it\/wp-json\/wp\/v2\/product\/18460\/revisions"}],"wp:featuredmedia":[{"embeddable":true,"href":"https:\/\/greenkingdom.ch\/it\/wp-json\/wp\/v2\/media\/10175"}],"wp:attachment":[{"href":"https:\/\/greenkingdom.ch\/it\/wp-json\/wp\/v2\/media?parent=18460"}],"wp:term":[{"taxonomy":"product_brand","embeddable":true,"href":"https:\/\/greenkingdom.ch\/it\/wp-json\/wp\/v2\/product_brand?post=18460"},{"taxonomy":"product_cat","embeddable":true,"href":"https:\/\/greenkingdom.ch\/it\/wp-json\/wp\/v2\/product_cat?post=18460"},{"taxonomy":"product_tag","embeddable":true,"href":"https:\/\/greenkingdom.ch\/it\/wp-json\/wp\/v2\/product_tag?post=18460"}],"curies":[{"name":"wp","href":"https:\/\/api.w.org\/{rel}","templated":true}]}}